{"id":451,"date":"2018-09-28T18:05:57","date_gmt":"2018-09-28T18:05:57","guid":{"rendered":"http:\/\/rp-chalets.com\/esileht\/"},"modified":"2024-01-30T15:57:35","modified_gmt":"2024-01-30T15:57:35","slug":"esileht","status":"publish","type":"page","link":"https:\/\/rp-chalets.com\/et\/","title":{"rendered":"Esileht"},"content":{"rendered":"\r\n\t\t\t<a href=\"http:\/\/rp-chalets.com\/et\/majatuubid\/\" target=\"_self\" role=\"button\" rel=\"noopener\">\r\n\t\t\t\t\t\t\tSERVATUD PALGIST MAJAD\r\n\t\t<\/a>\r\n\t\t\t\t<img loading=\"lazy\" decoding=\"async\" src=\"http:\/\/rp-chalets.com\/wp-content\/uploads\/2019\/02\/880A1133-tiny.jpg\" alt=\"880A1133-tiny\" itemprop=\"image\" height=\"660\" width=\"1000\" title=\"880A1133-tiny\" onerror=\"this.style.display='none'\"  \/>\r\n\t\t\t<a href=\"http:\/\/rp-chalets.com\/et\/round-logs\/\" target=\"_self\" role=\"button\" rel=\"noopener\">\r\n\t\t\t\t\t\t\t\u00dcMARPALKMAJAD\r\n\t\t<\/a>\r\n\t\t\t\t<img loading=\"lazy\" decoding=\"async\" src=\"http:\/\/rp-chalets.com\/wp-content\/uploads\/2019\/02\/P6200009-cut-3-tiny.jpg\" alt=\"P6200009-cut-3 tiny\" itemprop=\"image\" height=\"660\" width=\"1000\" title=\"P6200009-cut-3 tiny\" onerror=\"this.style.display='none'\"  \/>\r\n\t\t\t<a href=\"http:\/\/rp-chalets.com\/et\/log-frame-houses\/\" target=\"_self\" role=\"button\" rel=\"noopener\">\r\n\t\t\t\t\t\t\tPALK\/KARKASSMAJAD\r\n\t\t<\/a>\r\n\t\t\t\t<img loading=\"lazy\" decoding=\"async\" src=\"http:\/\/rp-chalets.com\/wp-content\/uploads\/2019\/02\/021-4-tiny.jpg\" alt=\"021-4-tiny\" itemprop=\"image\" height=\"528\" width=\"800\" title=\"021-4-tiny\" onerror=\"this.style.display='none'\"  \/>\r\n\t\t\t\t<img loading=\"lazy\" decoding=\"async\" src=\"http:\/\/rp-chalets.com\/wp-content\/uploads\/2019\/02\/karud-uus.jpg\" alt=\"karud-uus\" itemprop=\"image\" height=\"675\" width=\"600\" title=\"karud-uus\" onerror=\"this.style.display='none'\"  \/>\r\n<h3>\r\n\t\tK\u00e4sit\u00f6\u00f6 palkmajad Eesti tootjalt\r\n\t<\/h3>\r\n\t<p>\u00d6koloogiline ja terve elustiil puidust majas annab meile v\u00f5imaluse olla rohkem looduse keskel ning pakub postiivset energiat! J\u00e4tkates p\u00f5hjamaa rahvaste aastatuhandete vanuseid palkhoonete valmistamise traditsioone, ehitame majad nii, et nad oleks kordumatud ja unikaalsed. Valmistame k\u00e4sit\u00f6\u00f6na kolme erinevat majat\u00fc\u00fcpi &#8211;\u00a0<a href=\"http:\/\/rp-chalets.com\/et\/majatuubid\/\">lafetist ehk servatud palgist maju<\/a>,\u00a0<a href=\"http:\/\/rp-chalets.com\/et\/round-logs\/\">\u00fcmarpalkmaju<\/a>\u00a0ning\u00a0<a href=\"http:\/\/www.rp-chalets.com\/palkkarkassmaja-norra-traditsioonide-jargi-valmistatud-majatuup\">Norra t\u00fc\u00fcpi palk\/karkassmaju.<\/a><\/p>\r\n\t\t\t<a href=\"http:\/\/rp-chalets.com\/et\/sale\/\" target=\"_self\" role=\"button\" rel=\"noopener\">\r\n\t\t\t\t\t\t\tTELLI SUVEMAJA!\r\n\t\t<\/a>\r\n\t\t\t\t<a href=\"http:\/\/rp-chalets.com\/et\/sale\/\" target=\"_self\" itemprop=\"url\" rel=\"noopener\">\r\n\t\t\t\t<img decoding=\"async\" src=\"http:\/\/rp-chalets.com\/wp-content\/uploads\/2019\/02\/Thick-Logs-EST.png\" alt=\"Thick-Logs-EST\" itemprop=\"image\"  \/>\r\n\t\t\t\t\t\t<\/a>\r\n","protected":false},"excerpt":{"rendered":"<p>SERVATUD PALGIST MAJAD \u00dcMARPALKMAJAD PALK\/KARKASSMAJAD K\u00e4sit\u00f6\u00f6 palkmajad Eesti tootjalt \u00d6koloogiline ja terve elustiil puidust majas annab meile v\u00f5imaluse olla rohkem looduse keskel ning pakub postiivset energiat! J\u00e4tkates p\u00f5hjamaa rahvaste aastatuhandete vanuseid palkhoonete valmistamise traditsioone, ehitame majad nii, et nad oleks kordumatud ja unikaalsed. Valmistame k\u00e4sit\u00f6\u00f6na kolme erinevat majat\u00fc\u00fcpi &#8211;\u00a0lafetist ehk servatud palgist maju,\u00a0\u00fcmarpalkmaju\u00a0ning\u00a0Norra t\u00fc\u00fcpi palk\/karkassmaju. &hellip;<\/p>\n<p class=\"read-more\"> <a class=\"\" href=\"https:\/\/rp-chalets.com\/et\/\"> <span class=\"screen-reader-text\">Esileht<\/span> Read More &raquo;<\/a><\/p>\n","protected":false},"author":1,"featured_media":0,"parent":0,"menu_order":0,"comment_status":"closed","ping_status":"closed","template":"","meta":{"footnotes":""},"yoast_head":"<!-- This site is optimized with the Yoast SEO plugin v21.9.1 - https:\/\/yoast.com\/wordpress\/plugins\/seo\/ -->\n<title>K\u00e4sit\u00f6\u00f6 palkmajad Eesti tootjalt - PROPUIT GRUPP O\u00dc<\/title>\n<meta name=\"description\" content=\"\u00d6koloogiline ja terve elustiil puidust majas annab meile v\u00f5imaluse olla rohkem looduse keskel ning pakub postiivset energiat! J\u00e4tkates p\u00f5hjamaa rahvaste aastatuhandete vanuseid palkhoonete valmistamise traditsioone, ehitame majad nii, et nad oleks kordumatud ja unikaalsed. Valmistame k\u00e4sit\u00f6\u00f6na kolme erinevat majat\u00fc\u00fcpi - lafetist ehk servatud palgist maju, \u00fcmarpalkmaju ning Norra t\u00fc\u00fcpi palk\/karkassmaju.\" \/>\n<meta name=\"robots\" content=\"index, follow, max-snippet:-1, max-image-preview:large, max-video-preview:-1\" \/>\n<link rel=\"canonical\" href=\"https:\/\/rp-chalets.com\/et\/\" \/>\n<meta property=\"og:locale\" content=\"et_EE\" \/>\n<meta property=\"og:type\" content=\"article\" \/>\n<meta property=\"og:title\" content=\"K\u00e4sit\u00f6\u00f6 palkmajad Eesti tootjalt - PROPUIT GRUPP O\u00dc\" \/>\n<meta property=\"og:description\" content=\"\u00d6koloogiline ja terve elustiil puidust majas annab meile v\u00f5imaluse olla rohkem looduse keskel ning pakub postiivset energiat! J\u00e4tkates p\u00f5hjamaa rahvaste aastatuhandete vanuseid palkhoonete valmistamise traditsioone, ehitame majad nii, et nad oleks kordumatud ja unikaalsed. Valmistame k\u00e4sit\u00f6\u00f6na kolme erinevat majat\u00fc\u00fcpi - lafetist ehk servatud palgist maju, \u00fcmarpalkmaju ning Norra t\u00fc\u00fcpi palk\/karkassmaju.\" \/>\n<meta property=\"og:url\" content=\"https:\/\/rp-chalets.com\/et\/\" \/>\n<meta property=\"og:site_name\" content=\"Handmade log-houses from Estonian manufacturer\" \/>\n<meta property=\"article:modified_time\" content=\"2024-01-30T15:57:35+00:00\" \/>\n<meta property=\"og:image\" content=\"http:\/\/rp-chalets.com\/wp-content\/uploads\/2019\/02\/880A1133-tiny.jpg\" \/>\n<meta name=\"twitter:card\" content=\"summary_large_image\" \/>\n<meta name=\"twitter:label1\" content=\"Est. reading time\" \/>\n\t<meta name=\"twitter:data1\" content=\"2 minutit\" \/>\n<script type=\"application\/ld+json\" class=\"yoast-schema-graph\">{\"@context\":\"https:\/\/schema.org\",\"@graph\":[{\"@type\":\"WebPage\",\"@id\":\"https:\/\/rp-chalets.com\/et\/\",\"url\":\"https:\/\/rp-chalets.com\/et\/\",\"name\":\"K\u00e4sit\u00f6\u00f6 palkmajad Eesti tootjalt - PROPUIT GRUPP O\u00dc\",\"isPartOf\":{\"@id\":\"https:\/\/rp-chalets.com\/#website\"},\"datePublished\":\"2018-09-28T18:05:57+00:00\",\"dateModified\":\"2024-01-30T15:57:35+00:00\",\"description\":\"\u00d6koloogiline ja terve elustiil puidust majas annab meile v\u00f5imaluse olla rohkem looduse keskel ning pakub postiivset energiat! J\u00e4tkates p\u00f5hjamaa rahvaste aastatuhandete vanuseid palkhoonete valmistamise traditsioone, ehitame majad nii, et nad oleks kordumatud ja unikaalsed. Valmistame k\u00e4sit\u00f6\u00f6na kolme erinevat majat\u00fc\u00fcpi - lafetist ehk servatud palgist maju, \u00fcmarpalkmaju ning Norra t\u00fc\u00fcpi palk\/karkassmaju.\",\"breadcrumb\":{\"@id\":\"https:\/\/rp-chalets.com\/et\/#breadcrumb\"},\"inLanguage\":\"et\",\"potentialAction\":[{\"@type\":\"ReadAction\",\"target\":[\"https:\/\/rp-chalets.com\/et\/\"]}]},{\"@type\":\"BreadcrumbList\",\"@id\":\"https:\/\/rp-chalets.com\/et\/#breadcrumb\",\"itemListElement\":[{\"@type\":\"ListItem\",\"position\":1,\"name\":\"Home\",\"item\":\"https:\/\/rp-chalets.com\/et\/\"},{\"@type\":\"ListItem\",\"position\":2,\"name\":\"Esileht\"}]},{\"@type\":\"WebSite\",\"@id\":\"https:\/\/rp-chalets.com\/#website\",\"url\":\"https:\/\/rp-chalets.com\/\",\"name\":\"Handmade log-houses from Estonian manufacturer\",\"description\":\"High quality handmade log-houses from Estonian manufacturer\",\"publisher\":{\"@id\":\"https:\/\/rp-chalets.com\/#organization\"},\"potentialAction\":[{\"@type\":\"SearchAction\",\"target\":{\"@type\":\"EntryPoint\",\"urlTemplate\":\"https:\/\/rp-chalets.com\/?s={search_term_string}\"},\"query-input\":\"required name=search_term_string\"}],\"inLanguage\":\"et\"},{\"@type\":\"Organization\",\"@id\":\"https:\/\/rp-chalets.com\/#organization\",\"name\":\"PROPUIT GRUPP O\u00dc\",\"url\":\"https:\/\/rp-chalets.com\/\",\"logo\":{\"@type\":\"ImageObject\",\"inLanguage\":\"et\",\"@id\":\"https:\/\/rp-chalets.com\/#\/schema\/logo\/image\/\",\"url\":\"http:\/\/rp-chalets.com\/wp-content\/uploads\/2019\/02\/thick-logs-eng.png\",\"contentUrl\":\"http:\/\/rp-chalets.com\/wp-content\/uploads\/2019\/02\/thick-logs-eng.png\",\"width\":800,\"height\":375,\"caption\":\"PROPUIT GRUPP O\u00dc\"},\"image\":{\"@id\":\"https:\/\/rp-chalets.com\/#\/schema\/logo\/image\/\"}}]}<\/script>\n<!-- \/ Yoast SEO plugin. -->","yoast_head_json":{"title":"K\u00e4sit\u00f6\u00f6 palkmajad Eesti tootjalt - PROPUIT GRUPP O\u00dc","description":"\u00d6koloogiline ja terve elustiil puidust majas annab meile v\u00f5imaluse olla rohkem looduse keskel ning pakub postiivset energiat! J\u00e4tkates p\u00f5hjamaa rahvaste aastatuhandete vanuseid palkhoonete valmistamise traditsioone, ehitame majad nii, et nad oleks kordumatud ja unikaalsed. Valmistame k\u00e4sit\u00f6\u00f6na kolme erinevat majat\u00fc\u00fcpi - lafetist ehk servatud palgist maju, \u00fcmarpalkmaju ning Norra t\u00fc\u00fcpi palk\/karkassmaju.","robots":{"index":"index","follow":"follow","max-snippet":"max-snippet:-1","max-image-preview":"max-image-preview:large","max-video-preview":"max-video-preview:-1"},"canonical":"https:\/\/rp-chalets.com\/et\/","og_locale":"et_EE","og_type":"article","og_title":"K\u00e4sit\u00f6\u00f6 palkmajad Eesti tootjalt - PROPUIT GRUPP O\u00dc","og_description":"\u00d6koloogiline ja terve elustiil puidust majas annab meile v\u00f5imaluse olla rohkem looduse keskel ning pakub postiivset energiat! J\u00e4tkates p\u00f5hjamaa rahvaste aastatuhandete vanuseid palkhoonete valmistamise traditsioone, ehitame majad nii, et nad oleks kordumatud ja unikaalsed. Valmistame k\u00e4sit\u00f6\u00f6na kolme erinevat majat\u00fc\u00fcpi - lafetist ehk servatud palgist maju, \u00fcmarpalkmaju ning Norra t\u00fc\u00fcpi palk\/karkassmaju.","og_url":"https:\/\/rp-chalets.com\/et\/","og_site_name":"Handmade log-houses from Estonian manufacturer","article_modified_time":"2024-01-30T15:57:35+00:00","og_image":[{"url":"http:\/\/rp-chalets.com\/wp-content\/uploads\/2019\/02\/880A1133-tiny.jpg"}],"twitter_card":"summary_large_image","twitter_misc":{"Est. reading time":"2 minutit"},"schema":{"@context":"https:\/\/schema.org","@graph":[{"@type":"WebPage","@id":"https:\/\/rp-chalets.com\/et\/","url":"https:\/\/rp-chalets.com\/et\/","name":"K\u00e4sit\u00f6\u00f6 palkmajad Eesti tootjalt - PROPUIT GRUPP O\u00dc","isPartOf":{"@id":"https:\/\/rp-chalets.com\/#website"},"datePublished":"2018-09-28T18:05:57+00:00","dateModified":"2024-01-30T15:57:35+00:00","description":"\u00d6koloogiline ja terve elustiil puidust majas annab meile v\u00f5imaluse olla rohkem looduse keskel ning pakub postiivset energiat! J\u00e4tkates p\u00f5hjamaa rahvaste aastatuhandete vanuseid palkhoonete valmistamise traditsioone, ehitame majad nii, et nad oleks kordumatud ja unikaalsed. Valmistame k\u00e4sit\u00f6\u00f6na kolme erinevat majat\u00fc\u00fcpi - lafetist ehk servatud palgist maju, \u00fcmarpalkmaju ning Norra t\u00fc\u00fcpi palk\/karkassmaju.","breadcrumb":{"@id":"https:\/\/rp-chalets.com\/et\/#breadcrumb"},"inLanguage":"et","potentialAction":[{"@type":"ReadAction","target":["https:\/\/rp-chalets.com\/et\/"]}]},{"@type":"BreadcrumbList","@id":"https:\/\/rp-chalets.com\/et\/#breadcrumb","itemListElement":[{"@type":"ListItem","position":1,"name":"Home","item":"https:\/\/rp-chalets.com\/et\/"},{"@type":"ListItem","position":2,"name":"Esileht"}]},{"@type":"WebSite","@id":"https:\/\/rp-chalets.com\/#website","url":"https:\/\/rp-chalets.com\/","name":"Handmade log-houses from Estonian manufacturer","description":"High quality handmade log-houses from Estonian manufacturer","publisher":{"@id":"https:\/\/rp-chalets.com\/#organization"},"potentialAction":[{"@type":"SearchAction","target":{"@type":"EntryPoint","urlTemplate":"https:\/\/rp-chalets.com\/?s={search_term_string}"},"query-input":"required name=search_term_string"}],"inLanguage":"et"},{"@type":"Organization","@id":"https:\/\/rp-chalets.com\/#organization","name":"PROPUIT GRUPP O\u00dc","url":"https:\/\/rp-chalets.com\/","logo":{"@type":"ImageObject","inLanguage":"et","@id":"https:\/\/rp-chalets.com\/#\/schema\/logo\/image\/","url":"http:\/\/rp-chalets.com\/wp-content\/uploads\/2019\/02\/thick-logs-eng.png","contentUrl":"http:\/\/rp-chalets.com\/wp-content\/uploads\/2019\/02\/thick-logs-eng.png","width":800,"height":375,"caption":"PROPUIT GRUPP O\u00dc"},"image":{"@id":"https:\/\/rp-chalets.com\/#\/schema\/logo\/image\/"}}]}},"_links":{"self":[{"href":"https:\/\/rp-chalets.com\/et\/wp-json\/wp\/v2\/pages\/451\/"}],"collection":[{"href":"https:\/\/rp-chalets.com\/et\/wp-json\/wp\/v2\/pages\/"}],"about":[{"href":"https:\/\/rp-chalets.com\/et\/wp-json\/wp\/v2\/types\/page\/"}],"author":[{"embeddable":true,"href":"https:\/\/rp-chalets.com\/et\/wp-json\/wp\/v2\/users\/1\/"}],"replies":[{"embeddable":true,"href":"https:\/\/rp-chalets.com\/et\/wp-json\/wp\/v2\/comments\/?post=451"}],"version-history":[{"count":5,"href":"https:\/\/rp-chalets.com\/et\/wp-json\/wp\/v2\/pages\/451\/revisions\/"}],"predecessor-version":[{"id":8700,"href":"https:\/\/rp-chalets.com\/et\/wp-json\/wp\/v2\/pages\/451\/revisions\/8700\/"}],"wp:attachment":[{"href":"https:\/\/rp-chalets.com\/et\/wp-json\/wp\/v2\/media\/?parent=451"}],"curies":[{"name":"wp","href":"https:\/\/api.w.org\/{rel}","templated":true}]}}