{"id":457,"date":"2018-09-29T07:55:43","date_gmt":"2018-09-29T07:55:43","guid":{"rendered":"http:\/\/rp-chalets.com\/ettevottest\/"},"modified":"2024-01-30T10:35:46","modified_gmt":"2024-01-30T10:35:46","slug":"ettevottest","status":"publish","type":"page","link":"https:\/\/rp-chalets.com\/et\/ettevottest\/","title":{"rendered":"Ettev\u00f5ttest"},"content":{"rendered":"\n\t\t\t<a href=\"http:\/\/rp-chalets.com\/et\/majatuubid\/\" target=\"_self\"   role=\"button\">\n\t\t\t\t\t\t\tSERVATUD PALGIST MAJAD\n\t\t<\/a>\n\t\t\t\t<img loading=\"lazy\" decoding=\"async\" src=\"http:\/\/rp-chalets.com\/wp-content\/uploads\/2019\/02\/880A1133-tiny.jpg\" alt=\"880A1133-tiny\" itemprop=\"image\" height=\"660\" width=\"1000\" title=\"880A1133-tiny\" onerror=\"this.style.display='none'\"  \/>\n\t\t\t<a href=\"http:\/\/rp-chalets.com\/et\/round-logs\/\" target=\"_self\"   role=\"button\">\n\t\t\t\t\t\t\t\u00dcMARPALKMAJAD\n\t\t<\/a>\n\t\t\t\t<img loading=\"lazy\" decoding=\"async\" src=\"http:\/\/rp-chalets.com\/wp-content\/uploads\/2019\/02\/P6200009-cut-3-tiny.jpg\" alt=\"P6200009-cut-3 tiny\" itemprop=\"image\" height=\"660\" width=\"1000\" title=\"P6200009-cut-3 tiny\" onerror=\"this.style.display='none'\"  \/>\n\t\t\t<a href=\"http:\/\/rp-chalets.com\/et\/log-frame-houses\/\" target=\"_self\"   role=\"button\">\n\t\t\t\t\t\t\tPALK \/ KARKASSMAJAD\n\t\t<\/a>\n\t\t\t\t<img loading=\"lazy\" decoding=\"async\" src=\"http:\/\/rp-chalets.com\/wp-content\/uploads\/2019\/02\/021-4-tiny.jpg\" alt=\"021-4-tiny\" itemprop=\"image\" height=\"528\" width=\"800\" title=\"021-4-tiny\" onerror=\"this.style.display='none'\"  \/>\n<h3>\n\t\tEttev\u00f5ttest\n\t<\/h3>\n\t<p>Meie tegevuse eesm\u00e4rgiks on edendada elur\u00f5\u00f5mu pakkuvat P\u00f5hjamaade traditsioonilist elamise viisi. Soovime tuua inimesed loodusele l\u00e4hemale ja luua Teile kodu, kus meid \u00fcmbritseb terve elukeskond.<\/p>\n<h3>\n\t\tK\u00e4sit\u00f6\u00f6 v\u00e4\u00e4rtustamine\n\t<\/h3>\n\t<p>Kasutame oma tootmises minimaalselt masinat\u00f6\u00f6d ning r\u00f5hume loomingulisele k\u00f5rgelt hinnatud k\u00e4sit\u00f6\u00f6le. Iga k\u00e4sit\u00f6\u00f6na valmistatud palkmaja on kordumatu ja arhailine. Puidu loomulikkus ja ilu s\u00e4ilivad.<\/p>\n<h3>\n\t\tKvaliteet\n\t<\/h3>\n\tMeile on oluline r\u00f5huda k\u00f5rgele kvaliteedile ja olla usaldusv\u00e4\u00e4rne partner.<br \/>\nPeame t\u00e4htsaks kokkulepetest ja t\u00e4htaegadest kinnipidamist.\n<h3>\n\t\tKonkurentsiv\u00f5imeline hind\n\t<\/h3>\n\t<p>Omades kontrolli kogu tootmists\u00fckli algusest \u2013 palgi l\u00f5ikamisest metsas kuni maja l\u00f5ppviimistluseni, suudame pakkuda parimat hinna ja kvaliteedi suhet. T\u00e4nu h\u00e4sti toimivale koost\u00f6\u00f6le oma partneritega, suudame t\u00e4ita k\u00f5ik oma klientide soovid.<\/p>\n<h3>\n\t\tKaubam\u00e4rk\n\t<\/h3>\n\t<p>Rp-chalets on Propuit Grupp O\u00dc-le kuuluv kaubam\u00e4rk. Oleme tegutsenud palkmajaturul \u00fcle 20 aasta. Suurem enamus meie toodetest l\u00e4heb Norra, Rootsi ja Baltimaade klientidele. Meie toodete valikusse kuuluvad: puhke- ja turismimajad, elumajad ja suvilad. Pakume ka v\u00e4iksemaid ehitisi nagu saunamajad, aiamajad, grillinurgad, terrassid, garaa\u017eid ja aiam\u00f6\u00f6bel.<\/p>\n<p><a href=\"http:\/\/rp-chalets.com\/et\/kontakt\/\">V\u00f5tke meiega \u00fchendust<\/a>\u00a0ja me aitame Teil leida parima lahenduse vastavalt Teie soovidele!<\/p>\n","protected":false},"excerpt":{"rendered":"<p>SERVATUD PALGIST MAJAD \u00dcMARPALKMAJAD PALK \/ KARKASSMAJAD Ettev\u00f5ttest Meie tegevuse eesm\u00e4rgiks on edendada elur\u00f5\u00f5mu pakkuvat P\u00f5hjamaade traditsioonilist elamise viisi. Soovime tuua inimesed loodusele l\u00e4hemale ja luua Teile kodu, kus meid \u00fcmbritseb terve elukeskond. K\u00e4sit\u00f6\u00f6 v\u00e4\u00e4rtustamine Kasutame oma tootmises minimaalselt masinat\u00f6\u00f6d ning r\u00f5hume loomingulisele k\u00f5rgelt hinnatud k\u00e4sit\u00f6\u00f6le. Iga k\u00e4sit\u00f6\u00f6na valmistatud palkmaja on kordumatu ja arhailine. Puidu &hellip;<\/p>\n<p class=\"read-more\"> <a class=\"\" href=\"https:\/\/rp-chalets.com\/et\/ettevottest\/\"> <span class=\"screen-reader-text\">Ettev\u00f5ttest<\/span> Read More &raquo;<\/a><\/p>\n","protected":false},"author":1,"featured_media":0,"parent":0,"menu_order":0,"comment_status":"closed","ping_status":"closed","template":"","meta":{"footnotes":""},"yoast_head":"<!-- This site is optimized with the Yoast SEO plugin v21.9.1 - https:\/\/yoast.com\/wordpress\/plugins\/seo\/ -->\n<title>Ettev\u00f5ttest - Handmade log-houses from Estonian manufacturer<\/title>\n<meta name=\"robots\" content=\"index, follow, max-snippet:-1, max-image-preview:large, max-video-preview:-1\" \/>\n<link rel=\"canonical\" href=\"https:\/\/rp-chalets.com\/et\/ettevottest\/\" \/>\n<meta property=\"og:locale\" content=\"et_EE\" \/>\n<meta property=\"og:type\" content=\"article\" \/>\n<meta property=\"og:title\" content=\"Ettev\u00f5ttest - Handmade log-houses from Estonian manufacturer\" \/>\n<meta property=\"og:description\" content=\"SERVATUD PALGIST MAJAD \u00dcMARPALKMAJAD PALK \/ KARKASSMAJAD Ettev\u00f5ttest Meie tegevuse eesm\u00e4rgiks on edendada elur\u00f5\u00f5mu pakkuvat P\u00f5hjamaade traditsioonilist elamise viisi. Soovime tuua inimesed loodusele l\u00e4hemale ja luua Teile kodu, kus meid \u00fcmbritseb terve elukeskond. K\u00e4sit\u00f6\u00f6 v\u00e4\u00e4rtustamine Kasutame oma tootmises minimaalselt masinat\u00f6\u00f6d ning r\u00f5hume loomingulisele k\u00f5rgelt hinnatud k\u00e4sit\u00f6\u00f6le. Iga k\u00e4sit\u00f6\u00f6na valmistatud palkmaja on kordumatu ja arhailine. Puidu &hellip; Ettev\u00f5ttest Read More &raquo;\" \/>\n<meta property=\"og:url\" content=\"https:\/\/rp-chalets.com\/et\/ettevottest\/\" \/>\n<meta property=\"og:site_name\" content=\"Handmade log-houses from Estonian manufacturer\" \/>\n<meta property=\"article:modified_time\" content=\"2024-01-30T10:35:46+00:00\" \/>\n<meta property=\"og:image\" content=\"http:\/\/rp-chalets.com\/wp-content\/uploads\/2019\/02\/880A1133-tiny.jpg\" \/>\n<meta name=\"twitter:card\" content=\"summary_large_image\" \/>\n<meta name=\"twitter:label1\" content=\"Est. reading time\" \/>\n\t<meta name=\"twitter:data1\" content=\"1 minut\" \/>\n<script type=\"application\/ld+json\" class=\"yoast-schema-graph\">{\"@context\":\"https:\/\/schema.org\",\"@graph\":[{\"@type\":\"WebPage\",\"@id\":\"https:\/\/rp-chalets.com\/et\/ettevottest\/\",\"url\":\"https:\/\/rp-chalets.com\/et\/ettevottest\/\",\"name\":\"Ettev\u00f5ttest - Handmade log-houses from Estonian manufacturer\",\"isPartOf\":{\"@id\":\"https:\/\/rp-chalets.com\/#website\"},\"datePublished\":\"2018-09-29T07:55:43+00:00\",\"dateModified\":\"2024-01-30T10:35:46+00:00\",\"breadcrumb\":{\"@id\":\"https:\/\/rp-chalets.com\/et\/ettevottest\/#breadcrumb\"},\"inLanguage\":\"et\",\"potentialAction\":[{\"@type\":\"ReadAction\",\"target\":[\"https:\/\/rp-chalets.com\/et\/ettevottest\/\"]}]},{\"@type\":\"BreadcrumbList\",\"@id\":\"https:\/\/rp-chalets.com\/et\/ettevottest\/#breadcrumb\",\"itemListElement\":[{\"@type\":\"ListItem\",\"position\":1,\"name\":\"Home\",\"item\":\"https:\/\/rp-chalets.com\/et\/\"},{\"@type\":\"ListItem\",\"position\":2,\"name\":\"Ettev\u00f5ttest\"}]},{\"@type\":\"WebSite\",\"@id\":\"https:\/\/rp-chalets.com\/#website\",\"url\":\"https:\/\/rp-chalets.com\/\",\"name\":\"Handmade log-houses from Estonian manufacturer\",\"description\":\"High quality handmade log-houses from Estonian manufacturer\",\"publisher\":{\"@id\":\"https:\/\/rp-chalets.com\/#organization\"},\"potentialAction\":[{\"@type\":\"SearchAction\",\"target\":{\"@type\":\"EntryPoint\",\"urlTemplate\":\"https:\/\/rp-chalets.com\/?s={search_term_string}\"},\"query-input\":\"required name=search_term_string\"}],\"inLanguage\":\"et\"},{\"@type\":\"Organization\",\"@id\":\"https:\/\/rp-chalets.com\/#organization\",\"name\":\"PROPUIT GRUPP O\u00dc\",\"url\":\"https:\/\/rp-chalets.com\/\",\"logo\":{\"@type\":\"ImageObject\",\"inLanguage\":\"et\",\"@id\":\"https:\/\/rp-chalets.com\/#\/schema\/logo\/image\/\",\"url\":\"http:\/\/rp-chalets.com\/wp-content\/uploads\/2019\/02\/thick-logs-eng.png\",\"contentUrl\":\"http:\/\/rp-chalets.com\/wp-content\/uploads\/2019\/02\/thick-logs-eng.png\",\"width\":800,\"height\":375,\"caption\":\"PROPUIT GRUPP O\u00dc\"},\"image\":{\"@id\":\"https:\/\/rp-chalets.com\/#\/schema\/logo\/image\/\"}}]}<\/script>\n<!-- \/ Yoast SEO plugin. -->","yoast_head_json":{"title":"Ettev\u00f5ttest - Handmade log-houses from Estonian manufacturer","robots":{"index":"index","follow":"follow","max-snippet":"max-snippet:-1","max-image-preview":"max-image-preview:large","max-video-preview":"max-video-preview:-1"},"canonical":"https:\/\/rp-chalets.com\/et\/ettevottest\/","og_locale":"et_EE","og_type":"article","og_title":"Ettev\u00f5ttest - Handmade log-houses from Estonian manufacturer","og_description":"SERVATUD PALGIST MAJAD \u00dcMARPALKMAJAD PALK \/ KARKASSMAJAD Ettev\u00f5ttest Meie tegevuse eesm\u00e4rgiks on edendada elur\u00f5\u00f5mu pakkuvat P\u00f5hjamaade traditsioonilist elamise viisi. Soovime tuua inimesed loodusele l\u00e4hemale ja luua Teile kodu, kus meid \u00fcmbritseb terve elukeskond. K\u00e4sit\u00f6\u00f6 v\u00e4\u00e4rtustamine Kasutame oma tootmises minimaalselt masinat\u00f6\u00f6d ning r\u00f5hume loomingulisele k\u00f5rgelt hinnatud k\u00e4sit\u00f6\u00f6le. Iga k\u00e4sit\u00f6\u00f6na valmistatud palkmaja on kordumatu ja arhailine. Puidu &hellip; Ettev\u00f5ttest Read More &raquo;","og_url":"https:\/\/rp-chalets.com\/et\/ettevottest\/","og_site_name":"Handmade log-houses from Estonian manufacturer","article_modified_time":"2024-01-30T10:35:46+00:00","og_image":[{"url":"http:\/\/rp-chalets.com\/wp-content\/uploads\/2019\/02\/880A1133-tiny.jpg"}],"twitter_card":"summary_large_image","twitter_misc":{"Est. reading time":"1 minut"},"schema":{"@context":"https:\/\/schema.org","@graph":[{"@type":"WebPage","@id":"https:\/\/rp-chalets.com\/et\/ettevottest\/","url":"https:\/\/rp-chalets.com\/et\/ettevottest\/","name":"Ettev\u00f5ttest - Handmade log-houses from Estonian manufacturer","isPartOf":{"@id":"https:\/\/rp-chalets.com\/#website"},"datePublished":"2018-09-29T07:55:43+00:00","dateModified":"2024-01-30T10:35:46+00:00","breadcrumb":{"@id":"https:\/\/rp-chalets.com\/et\/ettevottest\/#breadcrumb"},"inLanguage":"et","potentialAction":[{"@type":"ReadAction","target":["https:\/\/rp-chalets.com\/et\/ettevottest\/"]}]},{"@type":"BreadcrumbList","@id":"https:\/\/rp-chalets.com\/et\/ettevottest\/#breadcrumb","itemListElement":[{"@type":"ListItem","position":1,"name":"Home","item":"https:\/\/rp-chalets.com\/et\/"},{"@type":"ListItem","position":2,"name":"Ettev\u00f5ttest"}]},{"@type":"WebSite","@id":"https:\/\/rp-chalets.com\/#website","url":"https:\/\/rp-chalets.com\/","name":"Handmade log-houses from Estonian manufacturer","description":"High quality handmade log-houses from Estonian manufacturer","publisher":{"@id":"https:\/\/rp-chalets.com\/#organization"},"potentialAction":[{"@type":"SearchAction","target":{"@type":"EntryPoint","urlTemplate":"https:\/\/rp-chalets.com\/?s={search_term_string}"},"query-input":"required name=search_term_string"}],"inLanguage":"et"},{"@type":"Organization","@id":"https:\/\/rp-chalets.com\/#organization","name":"PROPUIT GRUPP O\u00dc","url":"https:\/\/rp-chalets.com\/","logo":{"@type":"ImageObject","inLanguage":"et","@id":"https:\/\/rp-chalets.com\/#\/schema\/logo\/image\/","url":"http:\/\/rp-chalets.com\/wp-content\/uploads\/2019\/02\/thick-logs-eng.png","contentUrl":"http:\/\/rp-chalets.com\/wp-content\/uploads\/2019\/02\/thick-logs-eng.png","width":800,"height":375,"caption":"PROPUIT GRUPP O\u00dc"},"image":{"@id":"https:\/\/rp-chalets.com\/#\/schema\/logo\/image\/"}}]}},"_links":{"self":[{"href":"https:\/\/rp-chalets.com\/et\/wp-json\/wp\/v2\/pages\/457\/"}],"collection":[{"href":"https:\/\/rp-chalets.com\/et\/wp-json\/wp\/v2\/pages\/"}],"about":[{"href":"https:\/\/rp-chalets.com\/et\/wp-json\/wp\/v2\/types\/page\/"}],"author":[{"embeddable":true,"href":"https:\/\/rp-chalets.com\/et\/wp-json\/wp\/v2\/users\/1\/"}],"replies":[{"embeddable":true,"href":"https:\/\/rp-chalets.com\/et\/wp-json\/wp\/v2\/comments\/?post=457"}],"version-history":[{"count":5,"href":"https:\/\/rp-chalets.com\/et\/wp-json\/wp\/v2\/pages\/457\/revisions\/"}],"predecessor-version":[{"id":8681,"href":"https:\/\/rp-chalets.com\/et\/wp-json\/wp\/v2\/pages\/457\/revisions\/8681\/"}],"wp:attachment":[{"href":"https:\/\/rp-chalets.com\/et\/wp-json\/wp\/v2\/media\/?parent=457"}],"curies":[{"name":"wp","href":"https:\/\/api.w.org\/{rel}","templated":true}]}}