{"id":461,"date":"2018-09-29T07:55:52","date_gmt":"2018-09-29T07:55:52","guid":{"rendered":"http:\/\/rp-chalets.com\/majatuubid\/"},"modified":"2019-02-22T07:29:33","modified_gmt":"2019-02-22T07:29:33","slug":"majatuubid","status":"publish","type":"page","link":"https:\/\/rp-chalets.com\/et\/majatuubid\/","title":{"rendered":"Majat\u00fc\u00fcbid"},"content":{"rendered":"\n\t\t\t<a href=\"#\" target=\"_self\"   role=\"button\">\n\t\t\t\t\t\t\tSERVATUD PALGISTI MAJAD\n\t\t<\/a>\n\t\t\t\t<img loading=\"lazy\" decoding=\"async\" src=\"http:\/\/rp-chalets.com\/wp-content\/uploads\/2019\/02\/880A1133-tiny.jpg\" alt=\"880A1133-tiny\" itemprop=\"image\" height=\"660\" width=\"1000\" title=\"880A1133-tiny\" onerror=\"this.style.display='none'\"  \/>\n\t\t\t<a href=\"#\" target=\"_self\"   role=\"button\">\n\t\t\t\t\t\t\t\u00dcMARPALKMAJAD\n\t\t<\/a>\n\t\t\t\t<img loading=\"lazy\" decoding=\"async\" src=\"http:\/\/rp-chalets.com\/wp-content\/uploads\/2019\/02\/P6200009-cut-3-tiny.jpg\" alt=\"P6200009-cut-3 tiny\" itemprop=\"image\" height=\"660\" width=\"1000\" title=\"P6200009-cut-3 tiny\" onerror=\"this.style.display='none'\"  \/>\n\t\t\t<a href=\"#\" target=\"_self\"   role=\"button\">\n\t\t\t\t\t\t\tPALK \/ KARKASSMAJAD\n\t\t<\/a>\n\t\t\t\t<img loading=\"lazy\" decoding=\"async\" src=\"http:\/\/rp-chalets.com\/wp-content\/uploads\/2019\/02\/021-4-tiny.jpg\" alt=\"021-4-tiny\" itemprop=\"image\" height=\"528\" width=\"800\" title=\"021-4-tiny\" onerror=\"this.style.display='none'\"  \/>\n<h3>\n\t\tServatud palgist majad\n\t<\/h3>\n\t<p>\u00fcmaral palgil mille miinimum diameter on alates 300mm ja rohkem on kaks k\u00fclge maha saetud.<\/p>\n<p>Seinapalgi paksus j\u00e4\u00e4b vastavalt kliendi soovile, kuid enim levinud m\u00f5\u00f5dud on 200mm ja 250 mm. Servatud palgi puhul kasutame nn \u201enorra tappi&#8221; koos tuulelukuga.<\/p>\n<p>Norra tapp on natuke keerulisem ja t\u00f6\u00f6mahukam kui teised levinud nurgaseotised, aga tunduvalt tuulekindlam ja vastupidavam.<\/p>\n\t\t\t\t<img loading=\"lazy\" decoding=\"async\" src=\"http:\/\/rp-chalets.com\/wp-content\/uploads\/2019\/02\/880A1133-tiny.jpg\" alt=\"880A1133-tiny\" itemprop=\"image\" height=\"660\" width=\"1000\" title=\"880A1133-tiny\" onerror=\"this.style.display='none'\"  \/>\n\t<p>Servatud palgi t\u00fc\u00fcp ongi enam levinud just Skandinaavias, kus eriline t\u00e4helepanu on p\u00f6\u00f6ratud majade ilmastikukindlusele.<\/p>\n<h3>\n\t\tVaata n\u00e4idised\n\t<\/h3>\n","protected":false},"excerpt":{"rendered":"<p>SERVATUD PALGISTI MAJAD \u00dcMARPALKMAJAD PALK \/ KARKASSMAJAD Servatud palgist majad \u00fcmaral palgil mille miinimum diameter on alates 300mm ja rohkem on kaks k\u00fclge maha saetud. Seinapalgi paksus j\u00e4\u00e4b vastavalt kliendi soovile, kuid enim levinud m\u00f5\u00f5dud on 200mm ja 250 mm. Servatud palgi puhul kasutame nn \u201enorra tappi&#8221; koos tuulelukuga. Norra tapp on natuke keerulisem ja &hellip;<\/p>\n<p class=\"read-more\"> <a class=\"\" href=\"https:\/\/rp-chalets.com\/et\/majatuubid\/\"> <span class=\"screen-reader-text\">Majat\u00fc\u00fcbid<\/span> Read More &raquo;<\/a><\/p>\n","protected":false},"author":1,"featured_media":0,"parent":0,"menu_order":0,"comment_status":"closed","ping_status":"closed","template":"","meta":{"footnotes":""},"yoast_head":"<!-- This site is optimized with the Yoast SEO plugin v21.9.1 - https:\/\/yoast.com\/wordpress\/plugins\/seo\/ -->\n<title>Majat\u00fc\u00fcbid - Handmade log-houses from Estonian manufacturer<\/title>\n<meta name=\"robots\" content=\"index, follow, max-snippet:-1, max-image-preview:large, max-video-preview:-1\" \/>\n<link rel=\"canonical\" href=\"https:\/\/rp-chalets.com\/et\/majatuubid\/\" \/>\n<meta property=\"og:locale\" content=\"et_EE\" \/>\n<meta property=\"og:type\" content=\"article\" \/>\n<meta property=\"og:title\" content=\"Majat\u00fc\u00fcbid - Handmade log-houses from Estonian manufacturer\" \/>\n<meta property=\"og:description\" content=\"SERVATUD PALGISTI MAJAD \u00dcMARPALKMAJAD PALK \/ KARKASSMAJAD Servatud palgist majad \u00fcmaral palgil mille miinimum diameter on alates 300mm ja rohkem on kaks k\u00fclge maha saetud. Seinapalgi paksus j\u00e4\u00e4b vastavalt kliendi soovile, kuid enim levinud m\u00f5\u00f5dud on 200mm ja 250 mm. Servatud palgi puhul kasutame nn \u201enorra tappi&#8221; koos tuulelukuga. Norra tapp on natuke keerulisem ja &hellip; Majat\u00fc\u00fcbid Read More &raquo;\" \/>\n<meta property=\"og:url\" content=\"https:\/\/rp-chalets.com\/et\/majatuubid\/\" \/>\n<meta property=\"og:site_name\" content=\"Handmade log-houses from Estonian manufacturer\" \/>\n<meta property=\"article:modified_time\" content=\"2019-02-22T07:29:33+00:00\" \/>\n<meta property=\"og:image\" content=\"http:\/\/rp-chalets.com\/wp-content\/uploads\/2019\/02\/880A1133-tiny.jpg\" \/>\n<meta name=\"twitter:card\" content=\"summary_large_image\" \/>\n<script type=\"application\/ld+json\" class=\"yoast-schema-graph\">{\"@context\":\"https:\/\/schema.org\",\"@graph\":[{\"@type\":\"WebPage\",\"@id\":\"https:\/\/rp-chalets.com\/et\/majatuubid\/\",\"url\":\"https:\/\/rp-chalets.com\/et\/majatuubid\/\",\"name\":\"Majat\u00fc\u00fcbid - Handmade log-houses from Estonian manufacturer\",\"isPartOf\":{\"@id\":\"https:\/\/rp-chalets.com\/#website\"},\"datePublished\":\"2018-09-29T07:55:52+00:00\",\"dateModified\":\"2019-02-22T07:29:33+00:00\",\"breadcrumb\":{\"@id\":\"https:\/\/rp-chalets.com\/et\/majatuubid\/#breadcrumb\"},\"inLanguage\":\"et\",\"potentialAction\":[{\"@type\":\"ReadAction\",\"target\":[\"https:\/\/rp-chalets.com\/et\/majatuubid\/\"]}]},{\"@type\":\"BreadcrumbList\",\"@id\":\"https:\/\/rp-chalets.com\/et\/majatuubid\/#breadcrumb\",\"itemListElement\":[{\"@type\":\"ListItem\",\"position\":1,\"name\":\"Home\",\"item\":\"https:\/\/rp-chalets.com\/et\/\"},{\"@type\":\"ListItem\",\"position\":2,\"name\":\"Majat\u00fc\u00fcbid\"}]},{\"@type\":\"WebSite\",\"@id\":\"https:\/\/rp-chalets.com\/#website\",\"url\":\"https:\/\/rp-chalets.com\/\",\"name\":\"Handmade log-houses from Estonian manufacturer\",\"description\":\"High quality handmade log-houses from Estonian manufacturer\",\"publisher\":{\"@id\":\"https:\/\/rp-chalets.com\/#organization\"},\"potentialAction\":[{\"@type\":\"SearchAction\",\"target\":{\"@type\":\"EntryPoint\",\"urlTemplate\":\"https:\/\/rp-chalets.com\/?s={search_term_string}\"},\"query-input\":\"required name=search_term_string\"}],\"inLanguage\":\"et\"},{\"@type\":\"Organization\",\"@id\":\"https:\/\/rp-chalets.com\/#organization\",\"name\":\"PROPUIT GRUPP O\u00dc\",\"url\":\"https:\/\/rp-chalets.com\/\",\"logo\":{\"@type\":\"ImageObject\",\"inLanguage\":\"et\",\"@id\":\"https:\/\/rp-chalets.com\/#\/schema\/logo\/image\/\",\"url\":\"http:\/\/rp-chalets.com\/wp-content\/uploads\/2019\/02\/thick-logs-eng.png\",\"contentUrl\":\"http:\/\/rp-chalets.com\/wp-content\/uploads\/2019\/02\/thick-logs-eng.png\",\"width\":800,\"height\":375,\"caption\":\"PROPUIT GRUPP O\u00dc\"},\"image\":{\"@id\":\"https:\/\/rp-chalets.com\/#\/schema\/logo\/image\/\"}}]}<\/script>\n<!-- \/ Yoast SEO plugin. -->","yoast_head_json":{"title":"Majat\u00fc\u00fcbid - Handmade log-houses from Estonian manufacturer","robots":{"index":"index","follow":"follow","max-snippet":"max-snippet:-1","max-image-preview":"max-image-preview:large","max-video-preview":"max-video-preview:-1"},"canonical":"https:\/\/rp-chalets.com\/et\/majatuubid\/","og_locale":"et_EE","og_type":"article","og_title":"Majat\u00fc\u00fcbid - Handmade log-houses from Estonian manufacturer","og_description":"SERVATUD PALGISTI MAJAD \u00dcMARPALKMAJAD PALK \/ KARKASSMAJAD Servatud palgist majad \u00fcmaral palgil mille miinimum diameter on alates 300mm ja rohkem on kaks k\u00fclge maha saetud. Seinapalgi paksus j\u00e4\u00e4b vastavalt kliendi soovile, kuid enim levinud m\u00f5\u00f5dud on 200mm ja 250 mm. Servatud palgi puhul kasutame nn \u201enorra tappi&#8221; koos tuulelukuga. Norra tapp on natuke keerulisem ja &hellip; Majat\u00fc\u00fcbid Read More &raquo;","og_url":"https:\/\/rp-chalets.com\/et\/majatuubid\/","og_site_name":"Handmade log-houses from Estonian manufacturer","article_modified_time":"2019-02-22T07:29:33+00:00","og_image":[{"url":"http:\/\/rp-chalets.com\/wp-content\/uploads\/2019\/02\/880A1133-tiny.jpg"}],"twitter_card":"summary_large_image","schema":{"@context":"https:\/\/schema.org","@graph":[{"@type":"WebPage","@id":"https:\/\/rp-chalets.com\/et\/majatuubid\/","url":"https:\/\/rp-chalets.com\/et\/majatuubid\/","name":"Majat\u00fc\u00fcbid - Handmade log-houses from Estonian manufacturer","isPartOf":{"@id":"https:\/\/rp-chalets.com\/#website"},"datePublished":"2018-09-29T07:55:52+00:00","dateModified":"2019-02-22T07:29:33+00:00","breadcrumb":{"@id":"https:\/\/rp-chalets.com\/et\/majatuubid\/#breadcrumb"},"inLanguage":"et","potentialAction":[{"@type":"ReadAction","target":["https:\/\/rp-chalets.com\/et\/majatuubid\/"]}]},{"@type":"BreadcrumbList","@id":"https:\/\/rp-chalets.com\/et\/majatuubid\/#breadcrumb","itemListElement":[{"@type":"ListItem","position":1,"name":"Home","item":"https:\/\/rp-chalets.com\/et\/"},{"@type":"ListItem","position":2,"name":"Majat\u00fc\u00fcbid"}]},{"@type":"WebSite","@id":"https:\/\/rp-chalets.com\/#website","url":"https:\/\/rp-chalets.com\/","name":"Handmade log-houses from Estonian manufacturer","description":"High quality handmade log-houses from Estonian manufacturer","publisher":{"@id":"https:\/\/rp-chalets.com\/#organization"},"potentialAction":[{"@type":"SearchAction","target":{"@type":"EntryPoint","urlTemplate":"https:\/\/rp-chalets.com\/?s={search_term_string}"},"query-input":"required name=search_term_string"}],"inLanguage":"et"},{"@type":"Organization","@id":"https:\/\/rp-chalets.com\/#organization","name":"PROPUIT GRUPP O\u00dc","url":"https:\/\/rp-chalets.com\/","logo":{"@type":"ImageObject","inLanguage":"et","@id":"https:\/\/rp-chalets.com\/#\/schema\/logo\/image\/","url":"http:\/\/rp-chalets.com\/wp-content\/uploads\/2019\/02\/thick-logs-eng.png","contentUrl":"http:\/\/rp-chalets.com\/wp-content\/uploads\/2019\/02\/thick-logs-eng.png","width":800,"height":375,"caption":"PROPUIT GRUPP O\u00dc"},"image":{"@id":"https:\/\/rp-chalets.com\/#\/schema\/logo\/image\/"}}]}},"_links":{"self":[{"href":"https:\/\/rp-chalets.com\/et\/wp-json\/wp\/v2\/pages\/461\/"}],"collection":[{"href":"https:\/\/rp-chalets.com\/et\/wp-json\/wp\/v2\/pages\/"}],"about":[{"href":"https:\/\/rp-chalets.com\/et\/wp-json\/wp\/v2\/types\/page\/"}],"author":[{"embeddable":true,"href":"https:\/\/rp-chalets.com\/et\/wp-json\/wp\/v2\/users\/1\/"}],"replies":[{"embeddable":true,"href":"https:\/\/rp-chalets.com\/et\/wp-json\/wp\/v2\/comments\/?post=461"}],"version-history":[{"count":5,"href":"https:\/\/rp-chalets.com\/et\/wp-json\/wp\/v2\/pages\/461\/revisions\/"}],"predecessor-version":[{"id":2509,"href":"https:\/\/rp-chalets.com\/et\/wp-json\/wp\/v2\/pages\/461\/revisions\/2509\/"}],"wp:attachment":[{"href":"https:\/\/rp-chalets.com\/et\/wp-json\/wp\/v2\/media\/?parent=461"}],"curies":[{"name":"wp","href":"https:\/\/api.w.org\/{rel}","templated":true}]}}