{"id":478,"date":"2018-09-30T09:19:08","date_gmt":"2018-09-30T09:19:08","guid":{"rendered":"http:\/\/rp-chalets.com\/log-frame-houses\/"},"modified":"2019-02-22T07:33:38","modified_gmt":"2019-02-22T07:33:38","slug":"log-frame-houses","status":"publish","type":"page","link":"https:\/\/rp-chalets.com\/et\/log-frame-houses\/","title":{"rendered":"Log\/frame houses"},"content":{"rendered":"\n\t\t\t<a href=\"#\" target=\"_self\"   role=\"button\">\n\t\t\t\t\t\t\tSERVATUD PALGIST MAJAD\n\t\t<\/a>\n\t\t\t\t<img loading=\"lazy\" decoding=\"async\" src=\"http:\/\/rp-chalets.com\/wp-content\/uploads\/2019\/02\/880A1133-tiny.jpg\" alt=\"880A1133-tiny\" itemprop=\"image\" height=\"660\" width=\"1000\" title=\"880A1133-tiny\" onerror=\"this.style.display='none'\"  \/>\n\t\t\t<a href=\"#\" target=\"_self\"   role=\"button\">\n\t\t\t\t\t\t\t\u00dcMARPALKMAJAD\n\t\t<\/a>\n\t\t\t\t<img loading=\"lazy\" decoding=\"async\" src=\"http:\/\/rp-chalets.com\/wp-content\/uploads\/2019\/02\/P6200009-cut-3-tiny.jpg\" alt=\"P6200009-cut-3 tiny\" itemprop=\"image\" height=\"660\" width=\"1000\" title=\"P6200009-cut-3 tiny\" onerror=\"this.style.display='none'\"  \/>\n\t\t\t<a href=\"#\" target=\"_self\"   role=\"button\">\n\t\t\t\t\t\t\tPALK \/ KARKASSMAJAD\n\t\t<\/a>\n\t\t\t\t<img loading=\"lazy\" decoding=\"async\" src=\"http:\/\/rp-chalets.com\/wp-content\/uploads\/2019\/02\/021-4-tiny.jpg\" alt=\"021-4-tiny\" itemprop=\"image\" height=\"528\" width=\"800\" title=\"021-4-tiny\" onerror=\"this.style.display='none'\"  \/>\n<h3>\n\t\tPalk\/karkassmaja &#8211; maja Norra meetodil\n\t<\/h3>\n\t<p>Traditsiooniline Norra k\u00e4sit\u00f6\u00f6 majat\u00fc\u00fcp kus kasutatakse koos puitkarkassi ja palkkonstruktsiooni.<\/p>\n<p>Alumine korrus ehitatakse s\u00f5restikust kus maja nurkades on massiivsed postid (looduslikud, figuurpostid, saetud postid). Teine korrus on ehitatud servatud palgist.<\/p>\nAntud majat\u00fc\u00fcbil on mitmeid eeliseid:<br \/>\n<b>tuulekindlaim<\/b>,\u00a0<b>soojem<\/b>,\u00a0<b>ei esine vajumisprobleeme<\/b>\u00a0ja kliendile\u00a0<b>soodsaim<\/b>.\n\t\t\t\t<img loading=\"lazy\" decoding=\"async\" src=\"http:\/\/rp-chalets.com\/wp-content\/uploads\/2018\/10\/021-4-.jpg\" alt=\"021-4-\" itemprop=\"image\" height=\"600\" width=\"800\" title=\"021-4-\" onerror=\"this.style.display='none'\"  \/>\n<h3>\n\t\tVaata n\u00e4idiseid\n\t<\/h3>\n","protected":false},"excerpt":{"rendered":"<p>SERVATUD PALGIST MAJAD \u00dcMARPALKMAJAD PALK \/ KARKASSMAJAD Palk\/karkassmaja &#8211; maja Norra meetodil Traditsiooniline Norra k\u00e4sit\u00f6\u00f6 majat\u00fc\u00fcp kus kasutatakse koos puitkarkassi ja palkkonstruktsiooni. Alumine korrus ehitatakse s\u00f5restikust kus maja nurkades on massiivsed postid (looduslikud, figuurpostid, saetud postid). Teine korrus on ehitatud servatud palgist. Antud majat\u00fc\u00fcbil on mitmeid eeliseid: tuulekindlaim,\u00a0soojem,\u00a0ei esine vajumisprobleeme\u00a0ja kliendile\u00a0soodsaim. Vaata n\u00e4idiseid<\/p>\n","protected":false},"author":1,"featured_media":0,"parent":0,"menu_order":0,"comment_status":"closed","ping_status":"closed","template":"","meta":{"footnotes":""},"yoast_head":"<!-- This site is optimized with the Yoast SEO plugin v21.9.1 - https:\/\/yoast.com\/wordpress\/plugins\/seo\/ -->\n<title>Log\/frame houses - Handmade log-houses from Estonian manufacturer<\/title>\n<meta name=\"robots\" content=\"index, follow, max-snippet:-1, max-image-preview:large, max-video-preview:-1\" \/>\n<link rel=\"canonical\" href=\"https:\/\/rp-chalets.com\/et\/log-frame-houses\/\" \/>\n<meta property=\"og:locale\" content=\"et_EE\" \/>\n<meta property=\"og:type\" content=\"article\" \/>\n<meta property=\"og:title\" content=\"Log\/frame houses - Handmade log-houses from Estonian manufacturer\" \/>\n<meta property=\"og:description\" content=\"SERVATUD PALGIST MAJAD \u00dcMARPALKMAJAD PALK \/ KARKASSMAJAD Palk\/karkassmaja &#8211; maja Norra meetodil Traditsiooniline Norra k\u00e4sit\u00f6\u00f6 majat\u00fc\u00fcp kus kasutatakse koos puitkarkassi ja palkkonstruktsiooni. Alumine korrus ehitatakse s\u00f5restikust kus maja nurkades on massiivsed postid (looduslikud, figuurpostid, saetud postid). Teine korrus on ehitatud servatud palgist. Antud majat\u00fc\u00fcbil on mitmeid eeliseid: tuulekindlaim,\u00a0soojem,\u00a0ei esine vajumisprobleeme\u00a0ja kliendile\u00a0soodsaim. Vaata n\u00e4idiseid\" \/>\n<meta property=\"og:url\" content=\"https:\/\/rp-chalets.com\/et\/log-frame-houses\/\" \/>\n<meta property=\"og:site_name\" content=\"Handmade log-houses from Estonian manufacturer\" \/>\n<meta property=\"article:modified_time\" content=\"2019-02-22T07:33:38+00:00\" \/>\n<meta property=\"og:image\" content=\"http:\/\/rp-chalets.com\/wp-content\/uploads\/2019\/02\/880A1133-tiny.jpg\" \/>\n<meta name=\"twitter:card\" content=\"summary_large_image\" \/>\n<script type=\"application\/ld+json\" class=\"yoast-schema-graph\">{\"@context\":\"https:\/\/schema.org\",\"@graph\":[{\"@type\":\"WebPage\",\"@id\":\"https:\/\/rp-chalets.com\/et\/log-frame-houses\/\",\"url\":\"https:\/\/rp-chalets.com\/et\/log-frame-houses\/\",\"name\":\"Log\/frame houses - Handmade log-houses from Estonian manufacturer\",\"isPartOf\":{\"@id\":\"https:\/\/rp-chalets.com\/#website\"},\"datePublished\":\"2018-09-30T09:19:08+00:00\",\"dateModified\":\"2019-02-22T07:33:38+00:00\",\"breadcrumb\":{\"@id\":\"https:\/\/rp-chalets.com\/et\/log-frame-houses\/#breadcrumb\"},\"inLanguage\":\"et\",\"potentialAction\":[{\"@type\":\"ReadAction\",\"target\":[\"https:\/\/rp-chalets.com\/et\/log-frame-houses\/\"]}]},{\"@type\":\"BreadcrumbList\",\"@id\":\"https:\/\/rp-chalets.com\/et\/log-frame-houses\/#breadcrumb\",\"itemListElement\":[{\"@type\":\"ListItem\",\"position\":1,\"name\":\"Home\",\"item\":\"https:\/\/rp-chalets.com\/et\/\"},{\"@type\":\"ListItem\",\"position\":2,\"name\":\"Log\/frame houses\"}]},{\"@type\":\"WebSite\",\"@id\":\"https:\/\/rp-chalets.com\/#website\",\"url\":\"https:\/\/rp-chalets.com\/\",\"name\":\"Handmade log-houses from Estonian manufacturer\",\"description\":\"High quality handmade log-houses from Estonian manufacturer\",\"publisher\":{\"@id\":\"https:\/\/rp-chalets.com\/#organization\"},\"potentialAction\":[{\"@type\":\"SearchAction\",\"target\":{\"@type\":\"EntryPoint\",\"urlTemplate\":\"https:\/\/rp-chalets.com\/?s={search_term_string}\"},\"query-input\":\"required name=search_term_string\"}],\"inLanguage\":\"et\"},{\"@type\":\"Organization\",\"@id\":\"https:\/\/rp-chalets.com\/#organization\",\"name\":\"PROPUIT GRUPP O\u00dc\",\"url\":\"https:\/\/rp-chalets.com\/\",\"logo\":{\"@type\":\"ImageObject\",\"inLanguage\":\"et\",\"@id\":\"https:\/\/rp-chalets.com\/#\/schema\/logo\/image\/\",\"url\":\"http:\/\/rp-chalets.com\/wp-content\/uploads\/2019\/02\/thick-logs-eng.png\",\"contentUrl\":\"http:\/\/rp-chalets.com\/wp-content\/uploads\/2019\/02\/thick-logs-eng.png\",\"width\":800,\"height\":375,\"caption\":\"PROPUIT GRUPP O\u00dc\"},\"image\":{\"@id\":\"https:\/\/rp-chalets.com\/#\/schema\/logo\/image\/\"}}]}<\/script>\n<!-- \/ Yoast SEO plugin. -->","yoast_head_json":{"title":"Log\/frame houses - Handmade log-houses from Estonian manufacturer","robots":{"index":"index","follow":"follow","max-snippet":"max-snippet:-1","max-image-preview":"max-image-preview:large","max-video-preview":"max-video-preview:-1"},"canonical":"https:\/\/rp-chalets.com\/et\/log-frame-houses\/","og_locale":"et_EE","og_type":"article","og_title":"Log\/frame houses - Handmade log-houses from Estonian manufacturer","og_description":"SERVATUD PALGIST MAJAD \u00dcMARPALKMAJAD PALK \/ KARKASSMAJAD Palk\/karkassmaja &#8211; maja Norra meetodil Traditsiooniline Norra k\u00e4sit\u00f6\u00f6 majat\u00fc\u00fcp kus kasutatakse koos puitkarkassi ja palkkonstruktsiooni. Alumine korrus ehitatakse s\u00f5restikust kus maja nurkades on massiivsed postid (looduslikud, figuurpostid, saetud postid). Teine korrus on ehitatud servatud palgist. Antud majat\u00fc\u00fcbil on mitmeid eeliseid: tuulekindlaim,\u00a0soojem,\u00a0ei esine vajumisprobleeme\u00a0ja kliendile\u00a0soodsaim. Vaata n\u00e4idiseid","og_url":"https:\/\/rp-chalets.com\/et\/log-frame-houses\/","og_site_name":"Handmade log-houses from Estonian manufacturer","article_modified_time":"2019-02-22T07:33:38+00:00","og_image":[{"url":"http:\/\/rp-chalets.com\/wp-content\/uploads\/2019\/02\/880A1133-tiny.jpg"}],"twitter_card":"summary_large_image","schema":{"@context":"https:\/\/schema.org","@graph":[{"@type":"WebPage","@id":"https:\/\/rp-chalets.com\/et\/log-frame-houses\/","url":"https:\/\/rp-chalets.com\/et\/log-frame-houses\/","name":"Log\/frame houses - Handmade log-houses from Estonian manufacturer","isPartOf":{"@id":"https:\/\/rp-chalets.com\/#website"},"datePublished":"2018-09-30T09:19:08+00:00","dateModified":"2019-02-22T07:33:38+00:00","breadcrumb":{"@id":"https:\/\/rp-chalets.com\/et\/log-frame-houses\/#breadcrumb"},"inLanguage":"et","potentialAction":[{"@type":"ReadAction","target":["https:\/\/rp-chalets.com\/et\/log-frame-houses\/"]}]},{"@type":"BreadcrumbList","@id":"https:\/\/rp-chalets.com\/et\/log-frame-houses\/#breadcrumb","itemListElement":[{"@type":"ListItem","position":1,"name":"Home","item":"https:\/\/rp-chalets.com\/et\/"},{"@type":"ListItem","position":2,"name":"Log\/frame houses"}]},{"@type":"WebSite","@id":"https:\/\/rp-chalets.com\/#website","url":"https:\/\/rp-chalets.com\/","name":"Handmade log-houses from Estonian manufacturer","description":"High quality handmade log-houses from Estonian manufacturer","publisher":{"@id":"https:\/\/rp-chalets.com\/#organization"},"potentialAction":[{"@type":"SearchAction","target":{"@type":"EntryPoint","urlTemplate":"https:\/\/rp-chalets.com\/?s={search_term_string}"},"query-input":"required name=search_term_string"}],"inLanguage":"et"},{"@type":"Organization","@id":"https:\/\/rp-chalets.com\/#organization","name":"PROPUIT GRUPP O\u00dc","url":"https:\/\/rp-chalets.com\/","logo":{"@type":"ImageObject","inLanguage":"et","@id":"https:\/\/rp-chalets.com\/#\/schema\/logo\/image\/","url":"http:\/\/rp-chalets.com\/wp-content\/uploads\/2019\/02\/thick-logs-eng.png","contentUrl":"http:\/\/rp-chalets.com\/wp-content\/uploads\/2019\/02\/thick-logs-eng.png","width":800,"height":375,"caption":"PROPUIT GRUPP O\u00dc"},"image":{"@id":"https:\/\/rp-chalets.com\/#\/schema\/logo\/image\/"}}]}},"_links":{"self":[{"href":"https:\/\/rp-chalets.com\/et\/wp-json\/wp\/v2\/pages\/478\/"}],"collection":[{"href":"https:\/\/rp-chalets.com\/et\/wp-json\/wp\/v2\/pages\/"}],"about":[{"href":"https:\/\/rp-chalets.com\/et\/wp-json\/wp\/v2\/types\/page\/"}],"author":[{"embeddable":true,"href":"https:\/\/rp-chalets.com\/et\/wp-json\/wp\/v2\/users\/1\/"}],"replies":[{"embeddable":true,"href":"https:\/\/rp-chalets.com\/et\/wp-json\/wp\/v2\/comments\/?post=478"}],"version-history":[{"count":4,"href":"https:\/\/rp-chalets.com\/et\/wp-json\/wp\/v2\/pages\/478\/revisions\/"}],"predecessor-version":[{"id":2611,"href":"https:\/\/rp-chalets.com\/et\/wp-json\/wp\/v2\/pages\/478\/revisions\/2611\/"}],"wp:attachment":[{"href":"https:\/\/rp-chalets.com\/et\/wp-json\/wp\/v2\/media\/?parent=478"}],"curies":[{"name":"wp","href":"https:\/\/api.w.org\/{rel}","templated":true}]}}