{"id":8522,"date":"2019-02-25T13:51:53","date_gmt":"2019-02-25T13:51:53","guid":{"rendered":"http:\/\/rp-chalets.com\/sale\/"},"modified":"2024-01-30T10:37:50","modified_gmt":"2024-01-30T10:37:50","slug":"sale","status":"publish","type":"page","link":"https:\/\/rp-chalets.com\/et\/sale\/","title":{"rendered":"SALE"},"content":{"rendered":"\n\t\t\t<a href=\"http:\/\/rp-chalets.com\/et\/majatuubid\/\" target=\"_self\"   role=\"button\">\n\t\t\t\t\t\t\tSERVATUD PALGIST MAJAD\n\t\t<\/a>\n\t\t\t\t<img loading=\"lazy\" decoding=\"async\" src=\"http:\/\/rp-chalets.com\/wp-content\/uploads\/2019\/02\/880A1133-tiny.jpg\" alt=\"880A1133-tiny\" itemprop=\"image\" height=\"660\" width=\"1000\" title=\"880A1133-tiny\" onerror=\"this.style.display='none'\"  \/>\n\t\t\t<a href=\"http:\/\/rp-chalets.com\/et\/round-logs\/\" target=\"_self\"   role=\"button\">\n\t\t\t\t\t\t\t\u00dcMARPALKMAJAD\n\t\t<\/a>\n\t\t\t\t<img loading=\"lazy\" decoding=\"async\" src=\"http:\/\/rp-chalets.com\/wp-content\/uploads\/2019\/02\/P6200009-cut-3-tiny.jpg\" alt=\"P6200009-cut-3 tiny\" itemprop=\"image\" height=\"660\" width=\"1000\" title=\"P6200009-cut-3 tiny\" onerror=\"this.style.display='none'\"  \/>\n\t\t\t<a href=\"http:\/\/rp-chalets.com\/et\/log-frame-houses\/\" target=\"_self\"   role=\"button\">\n\t\t\t\t\t\t\tPALK \/ KARKASSMAJAD\n\t\t<\/a>\n\t\t\t\t<img loading=\"lazy\" decoding=\"async\" src=\"http:\/\/rp-chalets.com\/wp-content\/uploads\/2019\/02\/021-4-tiny.jpg\" alt=\"021-4-tiny\" itemprop=\"image\" height=\"528\" width=\"800\" title=\"021-4-tiny\" onerror=\"this.style.display='none'\"  \/>\n<h3>\n\t\tTelli \u00dcLIJ\u00c4MEDAST k\u00e4sit\u00f6\u00f6palgist eksklusiivne suvemaja!\n\t<\/h3>\n\t<p>V\u00f5imalik tellida v\u00e4ga j\u00e4medast \u00fcmarpalgist v\u00e4ike elumaja, suvemaja v\u00f5i saun.<\/p>\nPalgi diameeter peenemast otsast alates 400mm kuni 700mm.<br \/>\nSoovi korral transport krundile, kraanaga \u00fclespanek ja katuseehitus.\n<p>Helista <a href=\"tel:+37251912222\">+372 5191 2222<\/a> ja k\u00fcsi lisa!<\/p>\n\t\t\t\t<img loading=\"lazy\" decoding=\"async\" src=\"http:\/\/rp-chalets.com\/wp-content\/uploads\/2019\/02\/P7180002.jpg\" alt=\"P7180002\" itemprop=\"image\" height=\"960\" width=\"1280\" title=\"P7180002\" onerror=\"this.style.display='none'\"  \/>\n<h3>\n\t\tVaata n\u00e4idiseid\n\t<\/h3>\n","protected":false},"excerpt":{"rendered":"<p>SERVATUD PALGIST MAJAD \u00dcMARPALKMAJAD PALK \/ KARKASSMAJAD Telli \u00dcLIJ\u00c4MEDAST k\u00e4sit\u00f6\u00f6palgist eksklusiivne suvemaja! V\u00f5imalik tellida v\u00e4ga j\u00e4medast \u00fcmarpalgist v\u00e4ike elumaja, suvemaja v\u00f5i saun. Palgi diameeter peenemast otsast alates 400mm kuni 700mm. Soovi korral transport krundile, kraanaga \u00fclespanek ja katuseehitus. Helista +372 5191 2222 ja k\u00fcsi lisa! Vaata n\u00e4idiseid<\/p>\n","protected":false},"author":1,"featured_media":0,"parent":0,"menu_order":0,"comment_status":"closed","ping_status":"closed","template":"","meta":{"footnotes":""},"yoast_head":"<!-- This site is optimized with the Yoast SEO plugin v21.9.1 - https:\/\/yoast.com\/wordpress\/plugins\/seo\/ -->\n<title>SALE - Handmade log-houses from Estonian manufacturer<\/title>\n<meta name=\"robots\" content=\"index, follow, max-snippet:-1, max-image-preview:large, max-video-preview:-1\" \/>\n<link rel=\"canonical\" href=\"https:\/\/rp-chalets.com\/et\/sale\/\" \/>\n<meta property=\"og:locale\" content=\"et_EE\" \/>\n<meta property=\"og:type\" content=\"article\" \/>\n<meta property=\"og:title\" content=\"SALE - Handmade log-houses from Estonian manufacturer\" \/>\n<meta property=\"og:description\" content=\"SERVATUD PALGIST MAJAD \u00dcMARPALKMAJAD PALK \/ KARKASSMAJAD Telli \u00dcLIJ\u00c4MEDAST k\u00e4sit\u00f6\u00f6palgist eksklusiivne suvemaja! V\u00f5imalik tellida v\u00e4ga j\u00e4medast \u00fcmarpalgist v\u00e4ike elumaja, suvemaja v\u00f5i saun. Palgi diameeter peenemast otsast alates 400mm kuni 700mm. Soovi korral transport krundile, kraanaga \u00fclespanek ja katuseehitus. Helista +372 5191 2222 ja k\u00fcsi lisa! Vaata n\u00e4idiseid\" \/>\n<meta property=\"og:url\" content=\"https:\/\/rp-chalets.com\/et\/sale\/\" \/>\n<meta property=\"og:site_name\" content=\"Handmade log-houses from Estonian manufacturer\" \/>\n<meta property=\"article:modified_time\" content=\"2024-01-30T10:37:50+00:00\" \/>\n<meta property=\"og:image\" content=\"http:\/\/rp-chalets.com\/wp-content\/uploads\/2019\/02\/880A1133-tiny.jpg\" \/>\n<meta name=\"twitter:card\" content=\"summary_large_image\" \/>\n<script type=\"application\/ld+json\" class=\"yoast-schema-graph\">{\"@context\":\"https:\/\/schema.org\",\"@graph\":[{\"@type\":\"WebPage\",\"@id\":\"https:\/\/rp-chalets.com\/et\/sale\/\",\"url\":\"https:\/\/rp-chalets.com\/et\/sale\/\",\"name\":\"SALE - Handmade log-houses from Estonian manufacturer\",\"isPartOf\":{\"@id\":\"https:\/\/rp-chalets.com\/#website\"},\"datePublished\":\"2019-02-25T13:51:53+00:00\",\"dateModified\":\"2024-01-30T10:37:50+00:00\",\"breadcrumb\":{\"@id\":\"https:\/\/rp-chalets.com\/et\/sale\/#breadcrumb\"},\"inLanguage\":\"et\",\"potentialAction\":[{\"@type\":\"ReadAction\",\"target\":[\"https:\/\/rp-chalets.com\/et\/sale\/\"]}]},{\"@type\":\"BreadcrumbList\",\"@id\":\"https:\/\/rp-chalets.com\/et\/sale\/#breadcrumb\",\"itemListElement\":[{\"@type\":\"ListItem\",\"position\":1,\"name\":\"Home\",\"item\":\"https:\/\/rp-chalets.com\/et\/\"},{\"@type\":\"ListItem\",\"position\":2,\"name\":\"SALE\"}]},{\"@type\":\"WebSite\",\"@id\":\"https:\/\/rp-chalets.com\/#website\",\"url\":\"https:\/\/rp-chalets.com\/\",\"name\":\"Handmade log-houses from Estonian manufacturer\",\"description\":\"High quality handmade log-houses from Estonian manufacturer\",\"publisher\":{\"@id\":\"https:\/\/rp-chalets.com\/#organization\"},\"potentialAction\":[{\"@type\":\"SearchAction\",\"target\":{\"@type\":\"EntryPoint\",\"urlTemplate\":\"https:\/\/rp-chalets.com\/?s={search_term_string}\"},\"query-input\":\"required name=search_term_string\"}],\"inLanguage\":\"et\"},{\"@type\":\"Organization\",\"@id\":\"https:\/\/rp-chalets.com\/#organization\",\"name\":\"PROPUIT GRUPP O\u00dc\",\"url\":\"https:\/\/rp-chalets.com\/\",\"logo\":{\"@type\":\"ImageObject\",\"inLanguage\":\"et\",\"@id\":\"https:\/\/rp-chalets.com\/#\/schema\/logo\/image\/\",\"url\":\"http:\/\/rp-chalets.com\/wp-content\/uploads\/2019\/02\/thick-logs-eng.png\",\"contentUrl\":\"http:\/\/rp-chalets.com\/wp-content\/uploads\/2019\/02\/thick-logs-eng.png\",\"width\":800,\"height\":375,\"caption\":\"PROPUIT GRUPP O\u00dc\"},\"image\":{\"@id\":\"https:\/\/rp-chalets.com\/#\/schema\/logo\/image\/\"}}]}<\/script>\n<!-- \/ Yoast SEO plugin. -->","yoast_head_json":{"title":"SALE - Handmade log-houses from Estonian manufacturer","robots":{"index":"index","follow":"follow","max-snippet":"max-snippet:-1","max-image-preview":"max-image-preview:large","max-video-preview":"max-video-preview:-1"},"canonical":"https:\/\/rp-chalets.com\/et\/sale\/","og_locale":"et_EE","og_type":"article","og_title":"SALE - Handmade log-houses from Estonian manufacturer","og_description":"SERVATUD PALGIST MAJAD \u00dcMARPALKMAJAD PALK \/ KARKASSMAJAD Telli \u00dcLIJ\u00c4MEDAST k\u00e4sit\u00f6\u00f6palgist eksklusiivne suvemaja! V\u00f5imalik tellida v\u00e4ga j\u00e4medast \u00fcmarpalgist v\u00e4ike elumaja, suvemaja v\u00f5i saun. Palgi diameeter peenemast otsast alates 400mm kuni 700mm. Soovi korral transport krundile, kraanaga \u00fclespanek ja katuseehitus. Helista +372 5191 2222 ja k\u00fcsi lisa! Vaata n\u00e4idiseid","og_url":"https:\/\/rp-chalets.com\/et\/sale\/","og_site_name":"Handmade log-houses from Estonian manufacturer","article_modified_time":"2024-01-30T10:37:50+00:00","og_image":[{"url":"http:\/\/rp-chalets.com\/wp-content\/uploads\/2019\/02\/880A1133-tiny.jpg"}],"twitter_card":"summary_large_image","schema":{"@context":"https:\/\/schema.org","@graph":[{"@type":"WebPage","@id":"https:\/\/rp-chalets.com\/et\/sale\/","url":"https:\/\/rp-chalets.com\/et\/sale\/","name":"SALE - Handmade log-houses from Estonian manufacturer","isPartOf":{"@id":"https:\/\/rp-chalets.com\/#website"},"datePublished":"2019-02-25T13:51:53+00:00","dateModified":"2024-01-30T10:37:50+00:00","breadcrumb":{"@id":"https:\/\/rp-chalets.com\/et\/sale\/#breadcrumb"},"inLanguage":"et","potentialAction":[{"@type":"ReadAction","target":["https:\/\/rp-chalets.com\/et\/sale\/"]}]},{"@type":"BreadcrumbList","@id":"https:\/\/rp-chalets.com\/et\/sale\/#breadcrumb","itemListElement":[{"@type":"ListItem","position":1,"name":"Home","item":"https:\/\/rp-chalets.com\/et\/"},{"@type":"ListItem","position":2,"name":"SALE"}]},{"@type":"WebSite","@id":"https:\/\/rp-chalets.com\/#website","url":"https:\/\/rp-chalets.com\/","name":"Handmade log-houses from Estonian manufacturer","description":"High quality handmade log-houses from Estonian manufacturer","publisher":{"@id":"https:\/\/rp-chalets.com\/#organization"},"potentialAction":[{"@type":"SearchAction","target":{"@type":"EntryPoint","urlTemplate":"https:\/\/rp-chalets.com\/?s={search_term_string}"},"query-input":"required name=search_term_string"}],"inLanguage":"et"},{"@type":"Organization","@id":"https:\/\/rp-chalets.com\/#organization","name":"PROPUIT GRUPP O\u00dc","url":"https:\/\/rp-chalets.com\/","logo":{"@type":"ImageObject","inLanguage":"et","@id":"https:\/\/rp-chalets.com\/#\/schema\/logo\/image\/","url":"http:\/\/rp-chalets.com\/wp-content\/uploads\/2019\/02\/thick-logs-eng.png","contentUrl":"http:\/\/rp-chalets.com\/wp-content\/uploads\/2019\/02\/thick-logs-eng.png","width":800,"height":375,"caption":"PROPUIT GRUPP O\u00dc"},"image":{"@id":"https:\/\/rp-chalets.com\/#\/schema\/logo\/image\/"}}]}},"_links":{"self":[{"href":"https:\/\/rp-chalets.com\/et\/wp-json\/wp\/v2\/pages\/8522\/"}],"collection":[{"href":"https:\/\/rp-chalets.com\/et\/wp-json\/wp\/v2\/pages\/"}],"about":[{"href":"https:\/\/rp-chalets.com\/et\/wp-json\/wp\/v2\/types\/page\/"}],"author":[{"embeddable":true,"href":"https:\/\/rp-chalets.com\/et\/wp-json\/wp\/v2\/users\/1\/"}],"replies":[{"embeddable":true,"href":"https:\/\/rp-chalets.com\/et\/wp-json\/wp\/v2\/comments\/?post=8522"}],"version-history":[{"count":4,"href":"https:\/\/rp-chalets.com\/et\/wp-json\/wp\/v2\/pages\/8522\/revisions\/"}],"predecessor-version":[{"id":8682,"href":"https:\/\/rp-chalets.com\/et\/wp-json\/wp\/v2\/pages\/8522\/revisions\/8682\/"}],"wp:attachment":[{"href":"https:\/\/rp-chalets.com\/et\/wp-json\/wp\/v2\/media\/?parent=8522"}],"curies":[{"name":"wp","href":"https:\/\/api.w.org\/{rel}","templated":true}]}}