{"id":488,"date":"2018-09-30T09:18:23","date_gmt":"2018-09-30T09:18:23","guid":{"rendered":"http:\/\/rp-chalets.com\/round-logs\/"},"modified":"2019-02-25T12:50:45","modified_gmt":"2019-02-25T12:50:45","slug":"round-logs","status":"publish","type":"page","link":"https:\/\/rp-chalets.com\/fr\/round-logs\/","title":{"rendered":"Round logs"},"content":{"rendered":"\n\t\t\t<a href=\"#\" target=\"_self\"   role=\"button\">\n\t\t\t\t\t\t\tCHALETS EN RONDINS \u00c9QUARRIS\n\t\t<\/a>\n\t\t\t\t<img loading=\"lazy\" decoding=\"async\" src=\"http:\/\/rp-chalets.com\/wp-content\/uploads\/2019\/02\/880A1133-tiny.jpg\" alt=\"880A1133-tiny\" itemprop=\"image\" height=\"660\" width=\"1000\" title=\"880A1133-tiny\" onerror=\"this.style.display='none'\"  \/>\n\t\t\t<a href=\"#\" target=\"_self\"   role=\"button\">\n\t\t\t\t\t\t\tCHALETS EN BOIS ROND\n\t\t<\/a>\n\t\t\t\t<img loading=\"lazy\" decoding=\"async\" src=\"http:\/\/rp-chalets.com\/wp-content\/uploads\/2019\/02\/P6200009-cut-3-tiny.jpg\" alt=\"P6200009-cut-3 tiny\" itemprop=\"image\" height=\"660\" width=\"1000\" title=\"P6200009-cut-3 tiny\" onerror=\"this.style.display='none'\"  \/>\n\t\t\t<a href=\"#\" target=\"_self\"   role=\"button\">\n\t\t\t\t\t\t\tCHALETS EN RONDINS\/\u00c0 OSSATURE BOIS\n\t\t<\/a>\n\t\t\t\t<img loading=\"lazy\" decoding=\"async\" src=\"http:\/\/rp-chalets.com\/wp-content\/uploads\/2019\/02\/021-4-tiny.jpg\" alt=\"021-4-tiny\" itemprop=\"image\" height=\"528\" width=\"800\" title=\"021-4-tiny\" onerror=\"this.style.display='none'\"  \/>\n<h3>\n\t\tChalets typiques, dont les murs en bois massif sont mont\u00e9s par empilement\n\t<\/h3>\n\t<p>Billes de pied naturelles. Le plus ancien type d\u2019abri en bois.<\/p>\n<p>Pour pouvoir habiter dans une maison pareille durant toute l\u2019ann\u00e9e, les rondins doivent avoir le diam\u00e8tre de 300 mm au minimum. Pour assembler les rondins nous utilisons une tr\u00e8s ancienne et une tr\u00e8s r\u00e9pandue technique \u00e0 entailles de coins ou \u00e0 coins chevauch\u00e9s.<\/p>\n\t\t\t\t<img loading=\"lazy\" decoding=\"async\" src=\"http:\/\/rp-chalets.com\/wp-content\/uploads\/2019\/02\/P6200009-cut-3-tiny.jpg\" alt=\"P6200009-cut-3 tiny\" itemprop=\"image\" height=\"660\" width=\"1000\" title=\"P6200009-cut-3 tiny\" onerror=\"this.style.display='none'\"  \/>\n<h3>\n\t\tVoir les exemples\n\t<\/h3>\n","protected":false},"excerpt":{"rendered":"<p>CHALETS EN RONDINS \u00c9QUARRIS CHALETS EN BOIS ROND CHALETS EN RONDINS\/\u00c0 OSSATURE BOIS Chalets typiques, dont les murs en bois massif sont mont\u00e9s par empilement Billes de pied naturelles. Le plus ancien type d\u2019abri en bois. Pour pouvoir habiter dans une maison pareille durant toute l\u2019ann\u00e9e, les rondins doivent avoir le diam\u00e8tre de 300 mm &hellip;<\/p>\n<p class=\"read-more\"> <a class=\"\" href=\"https:\/\/rp-chalets.com\/fr\/round-logs\/\"> <span class=\"screen-reader-text\">Round logs<\/span> Lire plus &raquo;<\/a><\/p>\n","protected":false},"author":1,"featured_media":0,"parent":0,"menu_order":0,"comment_status":"closed","ping_status":"closed","template":"","meta":{"footnotes":""},"yoast_head":"<!-- This site is optimized with the Yoast SEO plugin v21.9.1 - https:\/\/yoast.com\/wordpress\/plugins\/seo\/ -->\n<title>Round logs - Handmade log-houses from Estonian manufacturer<\/title>\n<meta name=\"robots\" content=\"index, follow, max-snippet:-1, max-image-preview:large, max-video-preview:-1\" \/>\n<link rel=\"canonical\" href=\"https:\/\/rp-chalets.com\/fr\/round-logs\/\" \/>\n<meta property=\"og:locale\" content=\"fr_FR\" \/>\n<meta property=\"og:type\" content=\"article\" \/>\n<meta property=\"og:title\" content=\"Round logs - Handmade log-houses from Estonian manufacturer\" \/>\n<meta property=\"og:description\" content=\"CHALETS EN RONDINS \u00c9QUARRIS CHALETS EN BOIS ROND CHALETS EN RONDINS\/\u00c0 OSSATURE BOIS Chalets typiques, dont les murs en bois massif sont mont\u00e9s par empilement Billes de pied naturelles. Le plus ancien type d\u2019abri en bois. Pour pouvoir habiter dans une maison pareille durant toute l\u2019ann\u00e9e, les rondins doivent avoir le diam\u00e8tre de 300 mm &hellip; Round logs Lire plus &raquo;\" \/>\n<meta property=\"og:url\" content=\"https:\/\/rp-chalets.com\/fr\/round-logs\/\" \/>\n<meta property=\"og:site_name\" content=\"Handmade log-houses from Estonian manufacturer\" \/>\n<meta property=\"article:modified_time\" content=\"2019-02-25T12:50:45+00:00\" \/>\n<meta property=\"og:image\" content=\"http:\/\/rp-chalets.com\/wp-content\/uploads\/2019\/02\/880A1133-tiny.jpg\" \/>\n<meta name=\"twitter:card\" content=\"summary_large_image\" \/>\n<script type=\"application\/ld+json\" class=\"yoast-schema-graph\">{\"@context\":\"https:\/\/schema.org\",\"@graph\":[{\"@type\":\"WebPage\",\"@id\":\"https:\/\/rp-chalets.com\/fr\/round-logs\/\",\"url\":\"https:\/\/rp-chalets.com\/fr\/round-logs\/\",\"name\":\"Round logs - Handmade log-houses from Estonian manufacturer\",\"isPartOf\":{\"@id\":\"https:\/\/rp-chalets.com\/#website\"},\"datePublished\":\"2018-09-30T09:18:23+00:00\",\"dateModified\":\"2019-02-25T12:50:45+00:00\",\"breadcrumb\":{\"@id\":\"https:\/\/rp-chalets.com\/fr\/round-logs\/#breadcrumb\"},\"inLanguage\":\"fr-FR\",\"potentialAction\":[{\"@type\":\"ReadAction\",\"target\":[\"https:\/\/rp-chalets.com\/fr\/round-logs\/\"]}]},{\"@type\":\"BreadcrumbList\",\"@id\":\"https:\/\/rp-chalets.com\/fr\/round-logs\/#breadcrumb\",\"itemListElement\":[{\"@type\":\"ListItem\",\"position\":1,\"name\":\"Home\",\"item\":\"https:\/\/rp-chalets.com\/fr\/\"},{\"@type\":\"ListItem\",\"position\":2,\"name\":\"Round logs\"}]},{\"@type\":\"WebSite\",\"@id\":\"https:\/\/rp-chalets.com\/#website\",\"url\":\"https:\/\/rp-chalets.com\/\",\"name\":\"Handmade log-houses from Estonian manufacturer\",\"description\":\"High quality handmade log-houses from Estonian manufacturer\",\"publisher\":{\"@id\":\"https:\/\/rp-chalets.com\/#organization\"},\"potentialAction\":[{\"@type\":\"SearchAction\",\"target\":{\"@type\":\"EntryPoint\",\"urlTemplate\":\"https:\/\/rp-chalets.com\/?s={search_term_string}\"},\"query-input\":\"required name=search_term_string\"}],\"inLanguage\":\"fr-FR\"},{\"@type\":\"Organization\",\"@id\":\"https:\/\/rp-chalets.com\/#organization\",\"name\":\"PROPUIT GRUPP O\u00dc\",\"url\":\"https:\/\/rp-chalets.com\/\",\"logo\":{\"@type\":\"ImageObject\",\"inLanguage\":\"fr-FR\",\"@id\":\"https:\/\/rp-chalets.com\/#\/schema\/logo\/image\/\",\"url\":\"http:\/\/rp-chalets.com\/wp-content\/uploads\/2019\/02\/thick-logs-eng.png\",\"contentUrl\":\"http:\/\/rp-chalets.com\/wp-content\/uploads\/2019\/02\/thick-logs-eng.png\",\"width\":800,\"height\":375,\"caption\":\"PROPUIT GRUPP O\u00dc\"},\"image\":{\"@id\":\"https:\/\/rp-chalets.com\/#\/schema\/logo\/image\/\"}}]}<\/script>\n<!-- \/ Yoast SEO plugin. -->","yoast_head_json":{"title":"Round logs - Handmade log-houses from Estonian manufacturer","robots":{"index":"index","follow":"follow","max-snippet":"max-snippet:-1","max-image-preview":"max-image-preview:large","max-video-preview":"max-video-preview:-1"},"canonical":"https:\/\/rp-chalets.com\/fr\/round-logs\/","og_locale":"fr_FR","og_type":"article","og_title":"Round logs - Handmade log-houses from Estonian manufacturer","og_description":"CHALETS EN RONDINS \u00c9QUARRIS CHALETS EN BOIS ROND CHALETS EN RONDINS\/\u00c0 OSSATURE BOIS Chalets typiques, dont les murs en bois massif sont mont\u00e9s par empilement Billes de pied naturelles. Le plus ancien type d\u2019abri en bois. Pour pouvoir habiter dans une maison pareille durant toute l\u2019ann\u00e9e, les rondins doivent avoir le diam\u00e8tre de 300 mm &hellip; Round logs Lire plus &raquo;","og_url":"https:\/\/rp-chalets.com\/fr\/round-logs\/","og_site_name":"Handmade log-houses from Estonian manufacturer","article_modified_time":"2019-02-25T12:50:45+00:00","og_image":[{"url":"http:\/\/rp-chalets.com\/wp-content\/uploads\/2019\/02\/880A1133-tiny.jpg"}],"twitter_card":"summary_large_image","schema":{"@context":"https:\/\/schema.org","@graph":[{"@type":"WebPage","@id":"https:\/\/rp-chalets.com\/fr\/round-logs\/","url":"https:\/\/rp-chalets.com\/fr\/round-logs\/","name":"Round logs - Handmade log-houses from Estonian manufacturer","isPartOf":{"@id":"https:\/\/rp-chalets.com\/#website"},"datePublished":"2018-09-30T09:18:23+00:00","dateModified":"2019-02-25T12:50:45+00:00","breadcrumb":{"@id":"https:\/\/rp-chalets.com\/fr\/round-logs\/#breadcrumb"},"inLanguage":"fr-FR","potentialAction":[{"@type":"ReadAction","target":["https:\/\/rp-chalets.com\/fr\/round-logs\/"]}]},{"@type":"BreadcrumbList","@id":"https:\/\/rp-chalets.com\/fr\/round-logs\/#breadcrumb","itemListElement":[{"@type":"ListItem","position":1,"name":"Home","item":"https:\/\/rp-chalets.com\/fr\/"},{"@type":"ListItem","position":2,"name":"Round logs"}]},{"@type":"WebSite","@id":"https:\/\/rp-chalets.com\/#website","url":"https:\/\/rp-chalets.com\/","name":"Handmade log-houses from Estonian manufacturer","description":"High quality handmade log-houses from Estonian manufacturer","publisher":{"@id":"https:\/\/rp-chalets.com\/#organization"},"potentialAction":[{"@type":"SearchAction","target":{"@type":"EntryPoint","urlTemplate":"https:\/\/rp-chalets.com\/?s={search_term_string}"},"query-input":"required name=search_term_string"}],"inLanguage":"fr-FR"},{"@type":"Organization","@id":"https:\/\/rp-chalets.com\/#organization","name":"PROPUIT GRUPP O\u00dc","url":"https:\/\/rp-chalets.com\/","logo":{"@type":"ImageObject","inLanguage":"fr-FR","@id":"https:\/\/rp-chalets.com\/#\/schema\/logo\/image\/","url":"http:\/\/rp-chalets.com\/wp-content\/uploads\/2019\/02\/thick-logs-eng.png","contentUrl":"http:\/\/rp-chalets.com\/wp-content\/uploads\/2019\/02\/thick-logs-eng.png","width":800,"height":375,"caption":"PROPUIT GRUPP O\u00dc"},"image":{"@id":"https:\/\/rp-chalets.com\/#\/schema\/logo\/image\/"}}]}},"_links":{"self":[{"href":"https:\/\/rp-chalets.com\/fr\/wp-json\/wp\/v2\/pages\/488\/"}],"collection":[{"href":"https:\/\/rp-chalets.com\/fr\/wp-json\/wp\/v2\/pages\/"}],"about":[{"href":"https:\/\/rp-chalets.com\/fr\/wp-json\/wp\/v2\/types\/page\/"}],"author":[{"embeddable":true,"href":"https:\/\/rp-chalets.com\/fr\/wp-json\/wp\/v2\/users\/1\/"}],"replies":[{"embeddable":true,"href":"https:\/\/rp-chalets.com\/fr\/wp-json\/wp\/v2\/comments\/?post=488"}],"version-history":[{"count":3,"href":"https:\/\/rp-chalets.com\/fr\/wp-json\/wp\/v2\/pages\/488\/revisions\/"}],"predecessor-version":[{"id":8141,"href":"https:\/\/rp-chalets.com\/fr\/wp-json\/wp\/v2\/pages\/488\/revisions\/8141\/"}],"wp:attachment":[{"href":"https:\/\/rp-chalets.com\/fr\/wp-json\/wp\/v2\/media\/?parent=488"}],"curies":[{"name":"wp","href":"https:\/\/api.w.org\/{rel}","templated":true}]}}