{"id":524,"date":"2018-09-28T18:05:57","date_gmt":"2018-09-28T18:05:57","guid":{"rendered":"http:\/\/rp-chalets.com\/esileht\/"},"modified":"2019-02-26T14:36:57","modified_gmt":"2019-02-26T14:36:57","slug":"esileht","status":"publish","type":"page","link":"https:\/\/rp-chalets.com\/fr\/","title":{"rendered":"Esileht"},"content":{"rendered":"\n\t\t\t<a href=\"http:\/\/rp-chalets.com\/fr\/majatuubid\/\" target=\"_self\"   role=\"button\">\n\t\t\t\t\t\t\tCHALETS EN RONDINS \u00c9QUARRIS\n\t\t<\/a>\n\t\t\t\t<img loading=\"lazy\" decoding=\"async\" src=\"http:\/\/rp-chalets.com\/wp-content\/uploads\/2019\/02\/880A1133-tiny.jpg\" alt=\"880A1133-tiny\" itemprop=\"image\" height=\"660\" width=\"1000\" title=\"880A1133-tiny\" onerror=\"this.style.display='none'\"  \/>\n\t\t\t<a href=\"http:\/\/rp-chalets.com\/fr\/round-logs\/\" target=\"_self\"   role=\"button\">\n\t\t\t\t\t\t\tCHALETS EN BOIS ROND\n\t\t<\/a>\n\t\t\t\t<img loading=\"lazy\" decoding=\"async\" src=\"http:\/\/rp-chalets.com\/wp-content\/uploads\/2019\/02\/P6200009-cut-3-tiny.jpg\" alt=\"P6200009-cut-3 tiny\" itemprop=\"image\" height=\"660\" width=\"1000\" title=\"P6200009-cut-3 tiny\" onerror=\"this.style.display='none'\"  \/>\n\t\t\t<a href=\"http:\/\/rp-chalets.com\/fr\/log-frame-houses\/\" target=\"_self\"   role=\"button\">\n\t\t\t\t\t\t\tCHALETS EN RONDINS\/\u00c0 OSSATURE BOIS\n\t\t<\/a>\n\t\t\t\t<img loading=\"lazy\" decoding=\"async\" src=\"http:\/\/rp-chalets.com\/wp-content\/uploads\/2019\/02\/021-4-tiny.jpg\" alt=\"021-4-tiny\" itemprop=\"image\" height=\"528\" width=\"800\" title=\"021-4-tiny\" onerror=\"this.style.display='none'\"  \/>\n\t\t\t\t<img loading=\"lazy\" decoding=\"async\" src=\"http:\/\/rp-chalets.com\/wp-content\/uploads\/2019\/02\/karud-uus.jpg\" alt=\"karud-uus\" itemprop=\"image\" height=\"675\" width=\"600\" title=\"karud-uus\" onerror=\"this.style.display='none'\"  \/>\n<h3>\n\t\tFabricant estonien des chalets en bois\n\t<\/h3>\n\t<p>Un style de vie saine et \u00e9cologique dans un chalet en bois nous offre la possibilit\u00e9 d\u2019\u00eatre plus proche \u00e0 la nature et fournit de l\u2019\u00e9nergie positive! En restant fid\u00e8les aux traditions des habitants des pays nordiques, qui construisent des maisons en rondins depuis des mill\u00e9naires, nous fabriquons des chalets uniques en leur genre. Notre gamme compte trois types de chalets:\u00a0<a href=\"http:\/\/www.rp-chalets.com\/Chalets-en-rondins-equarris\" target=\"_self\">en rondins \u00e9quarris<\/a>,\u00a0<a href=\"http:\/\/www.rp-chalets.com\/chalets-en-bois-rond\" target=\"_self\">en bois rond<\/a>\u00a0et\u00a0<a href=\"http:\/\/rp-chalets.com\/fr\/round-logs\/\" target=\"_self\">en rondins \/ \u00e0 ossature bois de type norv\u00e9gien<\/a>.<\/p>\n\t\t\t<a href=\"http:\/\/rp-chalets.com\/fr\/sale\/\" target=\"_self\"   role=\"button\">\n\t\t\t\t\t\t\tORDER A SUMMER COTTAGE!\n\t\t<\/a>\n\t\t\t\t<a href=\"http:\/\/rp-chalets.com\/fr\/sale\/\" target=\"_self\"  itemprop=\"url\">\n\t\t\t\t<img decoding=\"async\" src=\"http:\/\/rp-chalets.com\/wp-content\/uploads\/2019\/02\/thick-logs-eng.png\" alt=\"thick-logs-eng\" itemprop=\"image\"  \/>\n\t\t\t\t\t\t<\/a>\n","protected":false},"excerpt":{"rendered":"<p>CHALETS EN RONDINS \u00c9QUARRIS CHALETS EN BOIS ROND CHALETS EN RONDINS\/\u00c0 OSSATURE BOIS Fabricant estonien des chalets en bois Un style de vie saine et \u00e9cologique dans un chalet en bois nous offre la possibilit\u00e9 d\u2019\u00eatre plus proche \u00e0 la nature et fournit de l\u2019\u00e9nergie positive! En restant fid\u00e8les aux traditions des habitants des pays &hellip;<\/p>\n<p class=\"read-more\"> <a class=\"\" href=\"https:\/\/rp-chalets.com\/fr\/\"> <span class=\"screen-reader-text\">Esileht<\/span> Lire plus &raquo;<\/a><\/p>\n","protected":false},"author":1,"featured_media":0,"parent":0,"menu_order":0,"comment_status":"closed","ping_status":"closed","template":"","meta":{"footnotes":""},"yoast_head":"<!-- This site is optimized with the Yoast SEO plugin v21.9.1 - https:\/\/yoast.com\/wordpress\/plugins\/seo\/ -->\n<title>Esileht - Handmade log-houses from Estonian manufacturer<\/title>\n<meta name=\"robots\" content=\"index, follow, max-snippet:-1, max-image-preview:large, max-video-preview:-1\" \/>\n<link rel=\"canonical\" href=\"https:\/\/rp-chalets.com\/fr\/\" \/>\n<meta property=\"og:locale\" content=\"fr_FR\" \/>\n<meta property=\"og:type\" content=\"article\" \/>\n<meta property=\"og:title\" content=\"Esileht - Handmade log-houses from Estonian manufacturer\" \/>\n<meta property=\"og:description\" content=\"CHALETS EN RONDINS \u00c9QUARRIS CHALETS EN BOIS ROND CHALETS EN RONDINS\/\u00c0 OSSATURE BOIS Fabricant estonien des chalets en bois Un style de vie saine et \u00e9cologique dans un chalet en bois nous offre la possibilit\u00e9 d\u2019\u00eatre plus proche \u00e0 la nature et fournit de l\u2019\u00e9nergie positive! En restant fid\u00e8les aux traditions des habitants des pays &hellip; Esileht Lire plus &raquo;\" \/>\n<meta property=\"og:url\" content=\"https:\/\/rp-chalets.com\/fr\/\" \/>\n<meta property=\"og:site_name\" content=\"Handmade log-houses from Estonian manufacturer\" \/>\n<meta property=\"article:modified_time\" content=\"2019-02-26T14:36:57+00:00\" \/>\n<meta property=\"og:image\" content=\"http:\/\/rp-chalets.com\/wp-content\/uploads\/2019\/02\/880A1133-tiny.jpg\" \/>\n<meta name=\"twitter:card\" content=\"summary_large_image\" \/>\n<meta name=\"twitter:label1\" content=\"Dur\u00e9e de lecture estim\u00e9e\" \/>\n\t<meta name=\"twitter:data1\" content=\"1 minute\" \/>\n<script type=\"application\/ld+json\" class=\"yoast-schema-graph\">{\"@context\":\"https:\/\/schema.org\",\"@graph\":[{\"@type\":\"WebPage\",\"@id\":\"https:\/\/rp-chalets.com\/fr\/\",\"url\":\"https:\/\/rp-chalets.com\/fr\/\",\"name\":\"Esileht - Handmade log-houses from Estonian manufacturer\",\"isPartOf\":{\"@id\":\"https:\/\/rp-chalets.com\/#website\"},\"datePublished\":\"2018-09-28T18:05:57+00:00\",\"dateModified\":\"2019-02-26T14:36:57+00:00\",\"breadcrumb\":{\"@id\":\"https:\/\/rp-chalets.com\/fr\/#breadcrumb\"},\"inLanguage\":\"fr-FR\",\"potentialAction\":[{\"@type\":\"ReadAction\",\"target\":[\"https:\/\/rp-chalets.com\/fr\/\"]}]},{\"@type\":\"BreadcrumbList\",\"@id\":\"https:\/\/rp-chalets.com\/fr\/#breadcrumb\",\"itemListElement\":[{\"@type\":\"ListItem\",\"position\":1,\"name\":\"Home\",\"item\":\"https:\/\/rp-chalets.com\/fr\/\"},{\"@type\":\"ListItem\",\"position\":2,\"name\":\"Esileht\"}]},{\"@type\":\"WebSite\",\"@id\":\"https:\/\/rp-chalets.com\/#website\",\"url\":\"https:\/\/rp-chalets.com\/\",\"name\":\"Handmade log-houses from Estonian manufacturer\",\"description\":\"High quality handmade log-houses from Estonian manufacturer\",\"publisher\":{\"@id\":\"https:\/\/rp-chalets.com\/#organization\"},\"potentialAction\":[{\"@type\":\"SearchAction\",\"target\":{\"@type\":\"EntryPoint\",\"urlTemplate\":\"https:\/\/rp-chalets.com\/?s={search_term_string}\"},\"query-input\":\"required name=search_term_string\"}],\"inLanguage\":\"fr-FR\"},{\"@type\":\"Organization\",\"@id\":\"https:\/\/rp-chalets.com\/#organization\",\"name\":\"PROPUIT GRUPP O\u00dc\",\"url\":\"https:\/\/rp-chalets.com\/\",\"logo\":{\"@type\":\"ImageObject\",\"inLanguage\":\"fr-FR\",\"@id\":\"https:\/\/rp-chalets.com\/#\/schema\/logo\/image\/\",\"url\":\"http:\/\/rp-chalets.com\/wp-content\/uploads\/2019\/02\/thick-logs-eng.png\",\"contentUrl\":\"http:\/\/rp-chalets.com\/wp-content\/uploads\/2019\/02\/thick-logs-eng.png\",\"width\":800,\"height\":375,\"caption\":\"PROPUIT GRUPP O\u00dc\"},\"image\":{\"@id\":\"https:\/\/rp-chalets.com\/#\/schema\/logo\/image\/\"}}]}<\/script>\n<!-- \/ Yoast SEO plugin. -->","yoast_head_json":{"title":"Esileht - Handmade log-houses from Estonian manufacturer","robots":{"index":"index","follow":"follow","max-snippet":"max-snippet:-1","max-image-preview":"max-image-preview:large","max-video-preview":"max-video-preview:-1"},"canonical":"https:\/\/rp-chalets.com\/fr\/","og_locale":"fr_FR","og_type":"article","og_title":"Esileht - Handmade log-houses from Estonian manufacturer","og_description":"CHALETS EN RONDINS \u00c9QUARRIS CHALETS EN BOIS ROND CHALETS EN RONDINS\/\u00c0 OSSATURE BOIS Fabricant estonien des chalets en bois Un style de vie saine et \u00e9cologique dans un chalet en bois nous offre la possibilit\u00e9 d\u2019\u00eatre plus proche \u00e0 la nature et fournit de l\u2019\u00e9nergie positive! En restant fid\u00e8les aux traditions des habitants des pays &hellip; Esileht Lire plus &raquo;","og_url":"https:\/\/rp-chalets.com\/fr\/","og_site_name":"Handmade log-houses from Estonian manufacturer","article_modified_time":"2019-02-26T14:36:57+00:00","og_image":[{"url":"http:\/\/rp-chalets.com\/wp-content\/uploads\/2019\/02\/880A1133-tiny.jpg"}],"twitter_card":"summary_large_image","twitter_misc":{"Dur\u00e9e de lecture estim\u00e9e":"1 minute"},"schema":{"@context":"https:\/\/schema.org","@graph":[{"@type":"WebPage","@id":"https:\/\/rp-chalets.com\/fr\/","url":"https:\/\/rp-chalets.com\/fr\/","name":"Esileht - Handmade log-houses from Estonian manufacturer","isPartOf":{"@id":"https:\/\/rp-chalets.com\/#website"},"datePublished":"2018-09-28T18:05:57+00:00","dateModified":"2019-02-26T14:36:57+00:00","breadcrumb":{"@id":"https:\/\/rp-chalets.com\/fr\/#breadcrumb"},"inLanguage":"fr-FR","potentialAction":[{"@type":"ReadAction","target":["https:\/\/rp-chalets.com\/fr\/"]}]},{"@type":"BreadcrumbList","@id":"https:\/\/rp-chalets.com\/fr\/#breadcrumb","itemListElement":[{"@type":"ListItem","position":1,"name":"Home","item":"https:\/\/rp-chalets.com\/fr\/"},{"@type":"ListItem","position":2,"name":"Esileht"}]},{"@type":"WebSite","@id":"https:\/\/rp-chalets.com\/#website","url":"https:\/\/rp-chalets.com\/","name":"Handmade log-houses from Estonian manufacturer","description":"High quality handmade log-houses from Estonian manufacturer","publisher":{"@id":"https:\/\/rp-chalets.com\/#organization"},"potentialAction":[{"@type":"SearchAction","target":{"@type":"EntryPoint","urlTemplate":"https:\/\/rp-chalets.com\/?s={search_term_string}"},"query-input":"required name=search_term_string"}],"inLanguage":"fr-FR"},{"@type":"Organization","@id":"https:\/\/rp-chalets.com\/#organization","name":"PROPUIT GRUPP O\u00dc","url":"https:\/\/rp-chalets.com\/","logo":{"@type":"ImageObject","inLanguage":"fr-FR","@id":"https:\/\/rp-chalets.com\/#\/schema\/logo\/image\/","url":"http:\/\/rp-chalets.com\/wp-content\/uploads\/2019\/02\/thick-logs-eng.png","contentUrl":"http:\/\/rp-chalets.com\/wp-content\/uploads\/2019\/02\/thick-logs-eng.png","width":800,"height":375,"caption":"PROPUIT GRUPP O\u00dc"},"image":{"@id":"https:\/\/rp-chalets.com\/#\/schema\/logo\/image\/"}}]}},"_links":{"self":[{"href":"https:\/\/rp-chalets.com\/fr\/wp-json\/wp\/v2\/pages\/524\/"}],"collection":[{"href":"https:\/\/rp-chalets.com\/fr\/wp-json\/wp\/v2\/pages\/"}],"about":[{"href":"https:\/\/rp-chalets.com\/fr\/wp-json\/wp\/v2\/types\/page\/"}],"author":[{"embeddable":true,"href":"https:\/\/rp-chalets.com\/fr\/wp-json\/wp\/v2\/users\/1\/"}],"replies":[{"embeddable":true,"href":"https:\/\/rp-chalets.com\/fr\/wp-json\/wp\/v2\/comments\/?post=524"}],"version-history":[{"count":5,"href":"https:\/\/rp-chalets.com\/fr\/wp-json\/wp\/v2\/pages\/524\/revisions\/"}],"predecessor-version":[{"id":8546,"href":"https:\/\/rp-chalets.com\/fr\/wp-json\/wp\/v2\/pages\/524\/revisions\/8546\/"}],"wp:attachment":[{"href":"https:\/\/rp-chalets.com\/fr\/wp-json\/wp\/v2\/media\/?parent=524"}],"curies":[{"name":"wp","href":"https:\/\/api.w.org\/{rel}","templated":true}]}}