{"id":530,"date":"2018-09-29T07:55:43","date_gmt":"2018-09-29T07:55:43","guid":{"rendered":"http:\/\/rp-chalets.com\/ettevottest\/"},"modified":"2024-01-30T15:22:02","modified_gmt":"2024-01-30T15:22:02","slug":"ettevottest","status":"publish","type":"page","link":"https:\/\/rp-chalets.com\/fr\/ettevottest\/","title":{"rendered":"Ettev\u00f5ttest"},"content":{"rendered":"\n\t\t\t<a href=\"http:\/\/rp-chalets.com\/fr\/majatuubid\/\" target=\"_self\"   role=\"button\">\n\t\t\t\t\t\t\tCHALETS EN RONDINS \u00c9QUARRIS\n\t\t<\/a>\n\t\t\t\t<img loading=\"lazy\" decoding=\"async\" src=\"http:\/\/rp-chalets.com\/wp-content\/uploads\/2019\/02\/880A1133-tiny.jpg\" alt=\"880A1133-tiny\" itemprop=\"image\" height=\"660\" width=\"1000\" title=\"880A1133-tiny\" onerror=\"this.style.display='none'\"  \/>\n\t\t\t<a href=\"http:\/\/rp-chalets.com\/fr\/round-logs\/\" target=\"_self\"   role=\"button\">\n\t\t\t\t\t\t\tCHALETS EN BOIS ROND\n\t\t<\/a>\n\t\t\t\t<img loading=\"lazy\" decoding=\"async\" src=\"http:\/\/rp-chalets.com\/wp-content\/uploads\/2019\/02\/P6200009-cut-3-tiny.jpg\" alt=\"P6200009-cut-3 tiny\" itemprop=\"image\" height=\"660\" width=\"1000\" title=\"P6200009-cut-3 tiny\" onerror=\"this.style.display='none'\"  \/>\n\t\t\t<a href=\"http:\/\/rp-chalets.com\/fr\/log-frame-houses\/\" target=\"_self\"   role=\"button\">\n\t\t\t\t\t\t\tCHALETS EN RONDINS\/\u00c0 OSSATURE BOIS\n\t\t<\/a>\n\t\t\t\t<img loading=\"lazy\" decoding=\"async\" src=\"http:\/\/rp-chalets.com\/wp-content\/uploads\/2019\/02\/021-4-tiny.jpg\" alt=\"021-4-tiny\" itemprop=\"image\" height=\"528\" width=\"800\" title=\"021-4-tiny\" onerror=\"this.style.display='none'\"  \/>\n<h3>\n\t\tQui sommes-nous\n\t<\/h3>\n\t<p>Notre but est de promouvoir le mode de vie traditionnel pour les pays nordiques, qui offre une vraie joie de vivre. Nous voudrions rapprocher les gens \u00e0 la nature et cr\u00e9er pour eux un habitat sain.<\/p>\n<h3>\n\t\tMise en valeur du travail manuel\n\t<\/h3>\n\t<p>Dans nos ateliers le travail fait par les machines est r\u00e9duit \u00e0 son strict minimum et l\u2019accent est port\u00e9 sur un travail manuel hautement appr\u00e9ci\u00e9. Chaque chalet fait main est archa\u00efque et unique en son genre, o\u00f9 la nature et la beaut\u00e9 du bois sont conserv\u00e9es.<\/p>\n<h3>\n\t\tQualit\u00e9\n\t<\/h3>\n\tIl est important pour nous d\u2019assurer toujours une haute qualit\u00e9 et de rester pour vous un partenaire fiable.<br \/>\nNous respectons nos engagements et les d\u00e9lais fix\u00e9s.\n<h3>\n\t\tPrix comp\u00e9titifs\n\t<\/h3>\n\t<p>En contr\u00f4lant tout le cycle de production, \u00e0 partir de la coupe du bois dans la for\u00eat et jusqu\u2019\u00e0 la finition de la maison, nous sommes capables de proposer le meilleur rapport qualit\u00e9-prix. Gr\u00e2ce \u00e0 une bonne coop\u00e9ration avec nos partenaires, nous sommes pr\u00eats \u00e0 accomplir tous les souhaits de nos clients.<\/p>\n<h3>\n\t\tMarque commerciale\n\t<\/h3>\n\t<p>Rp-chalets est une marque commerciale, qui appartient \u00e0 Propuit Grupp O\u00dc. Nous sommes pr\u00e9sents sur le march\u00e9 de maisons en bois depuis plus de 20 ans. La plupart de nos produits est envoy\u00e9e aux clients norv\u00e9giens, su\u00e9dois et baltes. La gamme de nos produits est compos\u00e9e de g\u00eetes touristiques, de maisons de campagne et de maisons d\u2019habitation. Nous proposons aussi des saunas ext\u00e9rieurs en bois, des abris de jardin, des coins barbecue, des terrasses, des garages et des meubles de jardin.<\/p>\n<p><a href=\"http:\/\/rp-chalets.com\/fr\/kontakt\/\" target=\"_self\">Contactez-nous<\/a>\u00a0et nous vous aiderons \u00e0 trouver la meilleure solution tout en tenant compte de vos souhaits!<\/p>\n","protected":false},"excerpt":{"rendered":"<p>CHALETS EN RONDINS \u00c9QUARRIS CHALETS EN BOIS ROND CHALETS EN RONDINS\/\u00c0 OSSATURE BOIS Qui sommes-nous Notre but est de promouvoir le mode de vie traditionnel pour les pays nordiques, qui offre une vraie joie de vivre. Nous voudrions rapprocher les gens \u00e0 la nature et cr\u00e9er pour eux un habitat sain. Mise en valeur du &hellip;<\/p>\n<p class=\"read-more\"> <a class=\"\" href=\"https:\/\/rp-chalets.com\/fr\/ettevottest\/\"> <span class=\"screen-reader-text\">Ettev\u00f5ttest<\/span> Lire plus &raquo;<\/a><\/p>\n","protected":false},"author":1,"featured_media":0,"parent":0,"menu_order":0,"comment_status":"closed","ping_status":"closed","template":"","meta":{"footnotes":""},"yoast_head":"<!-- This site is optimized with the Yoast SEO plugin v21.9.1 - https:\/\/yoast.com\/wordpress\/plugins\/seo\/ -->\n<title>Ettev\u00f5ttest - Handmade log-houses from Estonian manufacturer<\/title>\n<meta name=\"robots\" content=\"index, follow, max-snippet:-1, max-image-preview:large, max-video-preview:-1\" \/>\n<link rel=\"canonical\" href=\"https:\/\/rp-chalets.com\/fr\/ettevottest\/\" \/>\n<meta property=\"og:locale\" content=\"fr_FR\" \/>\n<meta property=\"og:type\" content=\"article\" \/>\n<meta property=\"og:title\" content=\"Ettev\u00f5ttest - Handmade log-houses from Estonian manufacturer\" \/>\n<meta property=\"og:description\" content=\"CHALETS EN RONDINS \u00c9QUARRIS CHALETS EN BOIS ROND CHALETS EN RONDINS\/\u00c0 OSSATURE BOIS Qui sommes-nous Notre but est de promouvoir le mode de vie traditionnel pour les pays nordiques, qui offre une vraie joie de vivre. Nous voudrions rapprocher les gens \u00e0 la nature et cr\u00e9er pour eux un habitat sain. Mise en valeur du &hellip; Ettev\u00f5ttest Lire plus &raquo;\" \/>\n<meta property=\"og:url\" content=\"https:\/\/rp-chalets.com\/fr\/ettevottest\/\" \/>\n<meta property=\"og:site_name\" content=\"Handmade log-houses from Estonian manufacturer\" \/>\n<meta property=\"article:modified_time\" content=\"2024-01-30T15:22:02+00:00\" \/>\n<meta property=\"og:image\" content=\"http:\/\/rp-chalets.com\/wp-content\/uploads\/2019\/02\/880A1133-tiny.jpg\" \/>\n<meta name=\"twitter:card\" content=\"summary_large_image\" \/>\n<meta name=\"twitter:label1\" content=\"Dur\u00e9e de lecture estim\u00e9e\" \/>\n\t<meta name=\"twitter:data1\" content=\"2 minutes\" \/>\n<script type=\"application\/ld+json\" class=\"yoast-schema-graph\">{\"@context\":\"https:\/\/schema.org\",\"@graph\":[{\"@type\":\"WebPage\",\"@id\":\"https:\/\/rp-chalets.com\/fr\/ettevottest\/\",\"url\":\"https:\/\/rp-chalets.com\/fr\/ettevottest\/\",\"name\":\"Ettev\u00f5ttest - Handmade log-houses from Estonian manufacturer\",\"isPartOf\":{\"@id\":\"https:\/\/rp-chalets.com\/#website\"},\"datePublished\":\"2018-09-29T07:55:43+00:00\",\"dateModified\":\"2024-01-30T15:22:02+00:00\",\"breadcrumb\":{\"@id\":\"https:\/\/rp-chalets.com\/fr\/ettevottest\/#breadcrumb\"},\"inLanguage\":\"fr-FR\",\"potentialAction\":[{\"@type\":\"ReadAction\",\"target\":[\"https:\/\/rp-chalets.com\/fr\/ettevottest\/\"]}]},{\"@type\":\"BreadcrumbList\",\"@id\":\"https:\/\/rp-chalets.com\/fr\/ettevottest\/#breadcrumb\",\"itemListElement\":[{\"@type\":\"ListItem\",\"position\":1,\"name\":\"Home\",\"item\":\"https:\/\/rp-chalets.com\/fr\/\"},{\"@type\":\"ListItem\",\"position\":2,\"name\":\"Ettev\u00f5ttest\"}]},{\"@type\":\"WebSite\",\"@id\":\"https:\/\/rp-chalets.com\/#website\",\"url\":\"https:\/\/rp-chalets.com\/\",\"name\":\"Handmade log-houses from Estonian manufacturer\",\"description\":\"High quality handmade log-houses from Estonian manufacturer\",\"publisher\":{\"@id\":\"https:\/\/rp-chalets.com\/#organization\"},\"potentialAction\":[{\"@type\":\"SearchAction\",\"target\":{\"@type\":\"EntryPoint\",\"urlTemplate\":\"https:\/\/rp-chalets.com\/?s={search_term_string}\"},\"query-input\":\"required name=search_term_string\"}],\"inLanguage\":\"fr-FR\"},{\"@type\":\"Organization\",\"@id\":\"https:\/\/rp-chalets.com\/#organization\",\"name\":\"PROPUIT GRUPP O\u00dc\",\"url\":\"https:\/\/rp-chalets.com\/\",\"logo\":{\"@type\":\"ImageObject\",\"inLanguage\":\"fr-FR\",\"@id\":\"https:\/\/rp-chalets.com\/#\/schema\/logo\/image\/\",\"url\":\"http:\/\/rp-chalets.com\/wp-content\/uploads\/2019\/02\/thick-logs-eng.png\",\"contentUrl\":\"http:\/\/rp-chalets.com\/wp-content\/uploads\/2019\/02\/thick-logs-eng.png\",\"width\":800,\"height\":375,\"caption\":\"PROPUIT GRUPP O\u00dc\"},\"image\":{\"@id\":\"https:\/\/rp-chalets.com\/#\/schema\/logo\/image\/\"}}]}<\/script>\n<!-- \/ Yoast SEO plugin. -->","yoast_head_json":{"title":"Ettev\u00f5ttest - Handmade log-houses from Estonian manufacturer","robots":{"index":"index","follow":"follow","max-snippet":"max-snippet:-1","max-image-preview":"max-image-preview:large","max-video-preview":"max-video-preview:-1"},"canonical":"https:\/\/rp-chalets.com\/fr\/ettevottest\/","og_locale":"fr_FR","og_type":"article","og_title":"Ettev\u00f5ttest - Handmade log-houses from Estonian manufacturer","og_description":"CHALETS EN RONDINS \u00c9QUARRIS CHALETS EN BOIS ROND CHALETS EN RONDINS\/\u00c0 OSSATURE BOIS Qui sommes-nous Notre but est de promouvoir le mode de vie traditionnel pour les pays nordiques, qui offre une vraie joie de vivre. Nous voudrions rapprocher les gens \u00e0 la nature et cr\u00e9er pour eux un habitat sain. Mise en valeur du &hellip; Ettev\u00f5ttest Lire plus &raquo;","og_url":"https:\/\/rp-chalets.com\/fr\/ettevottest\/","og_site_name":"Handmade log-houses from Estonian manufacturer","article_modified_time":"2024-01-30T15:22:02+00:00","og_image":[{"url":"http:\/\/rp-chalets.com\/wp-content\/uploads\/2019\/02\/880A1133-tiny.jpg"}],"twitter_card":"summary_large_image","twitter_misc":{"Dur\u00e9e de lecture estim\u00e9e":"2 minutes"},"schema":{"@context":"https:\/\/schema.org","@graph":[{"@type":"WebPage","@id":"https:\/\/rp-chalets.com\/fr\/ettevottest\/","url":"https:\/\/rp-chalets.com\/fr\/ettevottest\/","name":"Ettev\u00f5ttest - Handmade log-houses from Estonian manufacturer","isPartOf":{"@id":"https:\/\/rp-chalets.com\/#website"},"datePublished":"2018-09-29T07:55:43+00:00","dateModified":"2024-01-30T15:22:02+00:00","breadcrumb":{"@id":"https:\/\/rp-chalets.com\/fr\/ettevottest\/#breadcrumb"},"inLanguage":"fr-FR","potentialAction":[{"@type":"ReadAction","target":["https:\/\/rp-chalets.com\/fr\/ettevottest\/"]}]},{"@type":"BreadcrumbList","@id":"https:\/\/rp-chalets.com\/fr\/ettevottest\/#breadcrumb","itemListElement":[{"@type":"ListItem","position":1,"name":"Home","item":"https:\/\/rp-chalets.com\/fr\/"},{"@type":"ListItem","position":2,"name":"Ettev\u00f5ttest"}]},{"@type":"WebSite","@id":"https:\/\/rp-chalets.com\/#website","url":"https:\/\/rp-chalets.com\/","name":"Handmade log-houses from Estonian manufacturer","description":"High quality handmade log-houses from Estonian manufacturer","publisher":{"@id":"https:\/\/rp-chalets.com\/#organization"},"potentialAction":[{"@type":"SearchAction","target":{"@type":"EntryPoint","urlTemplate":"https:\/\/rp-chalets.com\/?s={search_term_string}"},"query-input":"required name=search_term_string"}],"inLanguage":"fr-FR"},{"@type":"Organization","@id":"https:\/\/rp-chalets.com\/#organization","name":"PROPUIT GRUPP O\u00dc","url":"https:\/\/rp-chalets.com\/","logo":{"@type":"ImageObject","inLanguage":"fr-FR","@id":"https:\/\/rp-chalets.com\/#\/schema\/logo\/image\/","url":"http:\/\/rp-chalets.com\/wp-content\/uploads\/2019\/02\/thick-logs-eng.png","contentUrl":"http:\/\/rp-chalets.com\/wp-content\/uploads\/2019\/02\/thick-logs-eng.png","width":800,"height":375,"caption":"PROPUIT GRUPP O\u00dc"},"image":{"@id":"https:\/\/rp-chalets.com\/#\/schema\/logo\/image\/"}}]}},"_links":{"self":[{"href":"https:\/\/rp-chalets.com\/fr\/wp-json\/wp\/v2\/pages\/530\/"}],"collection":[{"href":"https:\/\/rp-chalets.com\/fr\/wp-json\/wp\/v2\/pages\/"}],"about":[{"href":"https:\/\/rp-chalets.com\/fr\/wp-json\/wp\/v2\/types\/page\/"}],"author":[{"embeddable":true,"href":"https:\/\/rp-chalets.com\/fr\/wp-json\/wp\/v2\/users\/1\/"}],"replies":[{"embeddable":true,"href":"https:\/\/rp-chalets.com\/fr\/wp-json\/wp\/v2\/comments\/?post=530"}],"version-history":[{"count":5,"href":"https:\/\/rp-chalets.com\/fr\/wp-json\/wp\/v2\/pages\/530\/revisions\/"}],"predecessor-version":[{"id":8693,"href":"https:\/\/rp-chalets.com\/fr\/wp-json\/wp\/v2\/pages\/530\/revisions\/8693\/"}],"wp:attachment":[{"href":"https:\/\/rp-chalets.com\/fr\/wp-json\/wp\/v2\/media\/?parent=530"}],"curies":[{"name":"wp","href":"https:\/\/api.w.org\/{rel}","templated":true}]}}