{"id":544,"date":"2018-09-29T07:55:52","date_gmt":"2018-09-29T07:55:52","guid":{"rendered":"http:\/\/rp-chalets.com\/majatuubid\/"},"modified":"2019-02-26T14:27:59","modified_gmt":"2019-02-26T14:27:59","slug":"majatuubid","status":"publish","type":"page","link":"https:\/\/rp-chalets.com\/fr\/majatuubid\/","title":{"rendered":"Majat\u00fc\u00fcbid"},"content":{"rendered":"\n\t\t\t<a href=\"http:\/\/rp-chalets.com\/fr\/majatuubid\/\" target=\"_self\"   role=\"button\">\n\t\t\t\t\t\t\tCHALETS EN RONDINS \u00c9QUARRIS\n\t\t<\/a>\n\t\t\t\t<img loading=\"lazy\" decoding=\"async\" src=\"http:\/\/rp-chalets.com\/wp-content\/uploads\/2019\/02\/880A1133-tiny.jpg\" alt=\"880A1133-tiny\" itemprop=\"image\" height=\"660\" width=\"1000\" title=\"880A1133-tiny\" onerror=\"this.style.display='none'\"  \/>\n\t\t\t<a href=\"http:\/\/rp-chalets.com\/fr\/round-logs\/\" target=\"_self\"   role=\"button\">\n\t\t\t\t\t\t\tCHALETS EN BOIS ROND\n\t\t<\/a>\n\t\t\t\t<img loading=\"lazy\" decoding=\"async\" src=\"http:\/\/rp-chalets.com\/wp-content\/uploads\/2019\/02\/P6200009-cut-3-tiny.jpg\" alt=\"P6200009-cut-3 tiny\" itemprop=\"image\" height=\"660\" width=\"1000\" title=\"P6200009-cut-3 tiny\" onerror=\"this.style.display='none'\"  \/>\n\t\t\t<a href=\"http:\/\/rp-chalets.com\/fr\/log-frame-houses\/\" target=\"_self\"   role=\"button\">\n\t\t\t\t\t\t\tCHALETS EN RONDINS \/ \u00c0 OSSATURE BOIS\n\t\t<\/a>\n\t\t\t\t<img loading=\"lazy\" decoding=\"async\" src=\"http:\/\/rp-chalets.com\/wp-content\/uploads\/2019\/02\/021-4-tiny.jpg\" alt=\"021-4-tiny\" itemprop=\"image\" height=\"528\" width=\"800\" title=\"021-4-tiny\" onerror=\"this.style.display='none'\"  \/>\n<h3>\n\t\tChalets en rondins \u00e9quarris\n\t<\/h3>\n\t<p>(B\u00fbches sci\u00e9e) deux c\u00f4t\u00e9s sci\u00e9s de b\u00fbches plates d\u2019un diam\u00e8tre d\u2019au moins 300 mm. <\/p>\n<p>L\u2019\u00e9paisseur de la b\u00fbche d\u00e9pend de ce que le client d\u00e9sire, le plus populaire \u00e9tant entre are 200 mm et 250 mm. En cas de b\u00fbche ovale plate, nous utilisons des \u00abentailles norv\u00e9giennes\u00bb r\u00e9sistante aux intemp\u00e9ries avec des joints pour le vent. <\/p>\n<p>Les tenons norv\u00e9giens sont un peu plus compliqu\u00e9 et laborieux \u00e0 faire que les autres joints de coins populaires, mais ils r\u00e9sistent beaucoup plus aux vents et est plus durable. <\/p>\n\t\t\t\t<img loading=\"lazy\" decoding=\"async\" src=\"http:\/\/rp-chalets.com\/wp-content\/uploads\/2019\/02\/880A1133-tiny.jpg\" alt=\"880A1133-tiny\" itemprop=\"image\" height=\"660\" width=\"1000\" title=\"880A1133-tiny\" onerror=\"this.style.display='none'\"  \/>\n\t<p>Les b\u00fbches ovales sont les plus populaires dans le pays scandinaves o\u00f9 les gens portent beaucoup d\u2019attention \u00e0 garder les maisons r\u00e9sistantes aux intemp\u00e9ries.\u00a0<\/p>\n<h3>\n\t\tVoir les exemples\n\t<\/h3>\n","protected":false},"excerpt":{"rendered":"<p>CHALETS EN RONDINS \u00c9QUARRIS CHALETS EN BOIS ROND CHALETS EN RONDINS \/ \u00c0 OSSATURE BOIS Chalets en rondins \u00e9quarris (B\u00fbches sci\u00e9e) deux c\u00f4t\u00e9s sci\u00e9s de b\u00fbches plates d\u2019un diam\u00e8tre d\u2019au moins 300 mm. L\u2019\u00e9paisseur de la b\u00fbche d\u00e9pend de ce que le client d\u00e9sire, le plus populaire \u00e9tant entre are 200 mm et 250 mm. &hellip;<\/p>\n<p class=\"read-more\"> <a class=\"\" href=\"https:\/\/rp-chalets.com\/fr\/majatuubid\/\"> <span class=\"screen-reader-text\">Majat\u00fc\u00fcbid<\/span> Lire plus &raquo;<\/a><\/p>\n","protected":false},"author":1,"featured_media":0,"parent":0,"menu_order":0,"comment_status":"closed","ping_status":"closed","template":"","meta":{"footnotes":""},"yoast_head":"<!-- This site is optimized with the Yoast SEO plugin v21.9.1 - https:\/\/yoast.com\/wordpress\/plugins\/seo\/ -->\n<title>Majat\u00fc\u00fcbid - Handmade log-houses from Estonian manufacturer<\/title>\n<meta name=\"robots\" content=\"index, follow, max-snippet:-1, max-image-preview:large, max-video-preview:-1\" \/>\n<link rel=\"canonical\" href=\"https:\/\/rp-chalets.com\/fr\/majatuubid\/\" \/>\n<meta property=\"og:locale\" content=\"fr_FR\" \/>\n<meta property=\"og:type\" content=\"article\" \/>\n<meta property=\"og:title\" content=\"Majat\u00fc\u00fcbid - Handmade log-houses from Estonian manufacturer\" \/>\n<meta property=\"og:description\" content=\"CHALETS EN RONDINS \u00c9QUARRIS CHALETS EN BOIS ROND CHALETS EN RONDINS \/ \u00c0 OSSATURE BOIS Chalets en rondins \u00e9quarris (B\u00fbches sci\u00e9e) deux c\u00f4t\u00e9s sci\u00e9s de b\u00fbches plates d\u2019un diam\u00e8tre d\u2019au moins 300 mm. L\u2019\u00e9paisseur de la b\u00fbche d\u00e9pend de ce que le client d\u00e9sire, le plus populaire \u00e9tant entre are 200 mm et 250 mm. &hellip; Majat\u00fc\u00fcbid Lire plus &raquo;\" \/>\n<meta property=\"og:url\" content=\"https:\/\/rp-chalets.com\/fr\/majatuubid\/\" \/>\n<meta property=\"og:site_name\" content=\"Handmade log-houses from Estonian manufacturer\" \/>\n<meta property=\"article:modified_time\" content=\"2019-02-26T14:27:59+00:00\" \/>\n<meta property=\"og:image\" content=\"http:\/\/rp-chalets.com\/wp-content\/uploads\/2019\/02\/880A1133-tiny.jpg\" \/>\n<meta name=\"twitter:card\" content=\"summary_large_image\" \/>\n<meta name=\"twitter:label1\" content=\"Dur\u00e9e de lecture estim\u00e9e\" \/>\n\t<meta name=\"twitter:data1\" content=\"1 minute\" \/>\n<script type=\"application\/ld+json\" class=\"yoast-schema-graph\">{\"@context\":\"https:\/\/schema.org\",\"@graph\":[{\"@type\":\"WebPage\",\"@id\":\"https:\/\/rp-chalets.com\/fr\/majatuubid\/\",\"url\":\"https:\/\/rp-chalets.com\/fr\/majatuubid\/\",\"name\":\"Majat\u00fc\u00fcbid - Handmade log-houses from Estonian manufacturer\",\"isPartOf\":{\"@id\":\"https:\/\/rp-chalets.com\/#website\"},\"datePublished\":\"2018-09-29T07:55:52+00:00\",\"dateModified\":\"2019-02-26T14:27:59+00:00\",\"breadcrumb\":{\"@id\":\"https:\/\/rp-chalets.com\/fr\/majatuubid\/#breadcrumb\"},\"inLanguage\":\"fr-FR\",\"potentialAction\":[{\"@type\":\"ReadAction\",\"target\":[\"https:\/\/rp-chalets.com\/fr\/majatuubid\/\"]}]},{\"@type\":\"BreadcrumbList\",\"@id\":\"https:\/\/rp-chalets.com\/fr\/majatuubid\/#breadcrumb\",\"itemListElement\":[{\"@type\":\"ListItem\",\"position\":1,\"name\":\"Home\",\"item\":\"https:\/\/rp-chalets.com\/fr\/\"},{\"@type\":\"ListItem\",\"position\":2,\"name\":\"Majat\u00fc\u00fcbid\"}]},{\"@type\":\"WebSite\",\"@id\":\"https:\/\/rp-chalets.com\/#website\",\"url\":\"https:\/\/rp-chalets.com\/\",\"name\":\"Handmade log-houses from Estonian manufacturer\",\"description\":\"High quality handmade log-houses from Estonian manufacturer\",\"publisher\":{\"@id\":\"https:\/\/rp-chalets.com\/#organization\"},\"potentialAction\":[{\"@type\":\"SearchAction\",\"target\":{\"@type\":\"EntryPoint\",\"urlTemplate\":\"https:\/\/rp-chalets.com\/?s={search_term_string}\"},\"query-input\":\"required name=search_term_string\"}],\"inLanguage\":\"fr-FR\"},{\"@type\":\"Organization\",\"@id\":\"https:\/\/rp-chalets.com\/#organization\",\"name\":\"PROPUIT GRUPP O\u00dc\",\"url\":\"https:\/\/rp-chalets.com\/\",\"logo\":{\"@type\":\"ImageObject\",\"inLanguage\":\"fr-FR\",\"@id\":\"https:\/\/rp-chalets.com\/#\/schema\/logo\/image\/\",\"url\":\"http:\/\/rp-chalets.com\/wp-content\/uploads\/2019\/02\/thick-logs-eng.png\",\"contentUrl\":\"http:\/\/rp-chalets.com\/wp-content\/uploads\/2019\/02\/thick-logs-eng.png\",\"width\":800,\"height\":375,\"caption\":\"PROPUIT GRUPP O\u00dc\"},\"image\":{\"@id\":\"https:\/\/rp-chalets.com\/#\/schema\/logo\/image\/\"}}]}<\/script>\n<!-- \/ Yoast SEO plugin. -->","yoast_head_json":{"title":"Majat\u00fc\u00fcbid - Handmade log-houses from Estonian manufacturer","robots":{"index":"index","follow":"follow","max-snippet":"max-snippet:-1","max-image-preview":"max-image-preview:large","max-video-preview":"max-video-preview:-1"},"canonical":"https:\/\/rp-chalets.com\/fr\/majatuubid\/","og_locale":"fr_FR","og_type":"article","og_title":"Majat\u00fc\u00fcbid - Handmade log-houses from Estonian manufacturer","og_description":"CHALETS EN RONDINS \u00c9QUARRIS CHALETS EN BOIS ROND CHALETS EN RONDINS \/ \u00c0 OSSATURE BOIS Chalets en rondins \u00e9quarris (B\u00fbches sci\u00e9e) deux c\u00f4t\u00e9s sci\u00e9s de b\u00fbches plates d\u2019un diam\u00e8tre d\u2019au moins 300 mm. L\u2019\u00e9paisseur de la b\u00fbche d\u00e9pend de ce que le client d\u00e9sire, le plus populaire \u00e9tant entre are 200 mm et 250 mm. &hellip; Majat\u00fc\u00fcbid Lire plus &raquo;","og_url":"https:\/\/rp-chalets.com\/fr\/majatuubid\/","og_site_name":"Handmade log-houses from Estonian manufacturer","article_modified_time":"2019-02-26T14:27:59+00:00","og_image":[{"url":"http:\/\/rp-chalets.com\/wp-content\/uploads\/2019\/02\/880A1133-tiny.jpg"}],"twitter_card":"summary_large_image","twitter_misc":{"Dur\u00e9e de lecture estim\u00e9e":"1 minute"},"schema":{"@context":"https:\/\/schema.org","@graph":[{"@type":"WebPage","@id":"https:\/\/rp-chalets.com\/fr\/majatuubid\/","url":"https:\/\/rp-chalets.com\/fr\/majatuubid\/","name":"Majat\u00fc\u00fcbid - Handmade log-houses from Estonian manufacturer","isPartOf":{"@id":"https:\/\/rp-chalets.com\/#website"},"datePublished":"2018-09-29T07:55:52+00:00","dateModified":"2019-02-26T14:27:59+00:00","breadcrumb":{"@id":"https:\/\/rp-chalets.com\/fr\/majatuubid\/#breadcrumb"},"inLanguage":"fr-FR","potentialAction":[{"@type":"ReadAction","target":["https:\/\/rp-chalets.com\/fr\/majatuubid\/"]}]},{"@type":"BreadcrumbList","@id":"https:\/\/rp-chalets.com\/fr\/majatuubid\/#breadcrumb","itemListElement":[{"@type":"ListItem","position":1,"name":"Home","item":"https:\/\/rp-chalets.com\/fr\/"},{"@type":"ListItem","position":2,"name":"Majat\u00fc\u00fcbid"}]},{"@type":"WebSite","@id":"https:\/\/rp-chalets.com\/#website","url":"https:\/\/rp-chalets.com\/","name":"Handmade log-houses from Estonian manufacturer","description":"High quality handmade log-houses from Estonian manufacturer","publisher":{"@id":"https:\/\/rp-chalets.com\/#organization"},"potentialAction":[{"@type":"SearchAction","target":{"@type":"EntryPoint","urlTemplate":"https:\/\/rp-chalets.com\/?s={search_term_string}"},"query-input":"required name=search_term_string"}],"inLanguage":"fr-FR"},{"@type":"Organization","@id":"https:\/\/rp-chalets.com\/#organization","name":"PROPUIT GRUPP O\u00dc","url":"https:\/\/rp-chalets.com\/","logo":{"@type":"ImageObject","inLanguage":"fr-FR","@id":"https:\/\/rp-chalets.com\/#\/schema\/logo\/image\/","url":"http:\/\/rp-chalets.com\/wp-content\/uploads\/2019\/02\/thick-logs-eng.png","contentUrl":"http:\/\/rp-chalets.com\/wp-content\/uploads\/2019\/02\/thick-logs-eng.png","width":800,"height":375,"caption":"PROPUIT GRUPP O\u00dc"},"image":{"@id":"https:\/\/rp-chalets.com\/#\/schema\/logo\/image\/"}}]}},"_links":{"self":[{"href":"https:\/\/rp-chalets.com\/fr\/wp-json\/wp\/v2\/pages\/544\/"}],"collection":[{"href":"https:\/\/rp-chalets.com\/fr\/wp-json\/wp\/v2\/pages\/"}],"about":[{"href":"https:\/\/rp-chalets.com\/fr\/wp-json\/wp\/v2\/types\/page\/"}],"author":[{"embeddable":true,"href":"https:\/\/rp-chalets.com\/fr\/wp-json\/wp\/v2\/users\/1\/"}],"replies":[{"embeddable":true,"href":"https:\/\/rp-chalets.com\/fr\/wp-json\/wp\/v2\/comments\/?post=544"}],"version-history":[{"count":5,"href":"https:\/\/rp-chalets.com\/fr\/wp-json\/wp\/v2\/pages\/544\/revisions\/"}],"predecessor-version":[{"id":8539,"href":"https:\/\/rp-chalets.com\/fr\/wp-json\/wp\/v2\/pages\/544\/revisions\/8539\/"}],"wp:attachment":[{"href":"https:\/\/rp-chalets.com\/fr\/wp-json\/wp\/v2\/media\/?parent=544"}],"curies":[{"name":"wp","href":"https:\/\/api.w.org\/{rel}","templated":true}]}}