{"id":490,"date":"2018-09-30T09:18:23","date_gmt":"2018-09-30T09:18:23","guid":{"rendered":"http:\/\/rp-chalets.com\/round-logs\/"},"modified":"2019-02-25T12:52:46","modified_gmt":"2019-02-25T12:52:46","slug":"round-logs","status":"publish","type":"page","link":"https:\/\/rp-chalets.com\/no\/round-logs\/","title":{"rendered":"Round logs"},"content":{"rendered":"\n\t\t\t<a href=\"#\" target=\"_self\"   role=\"button\">\n\t\t\t\t\t\t\tHUS I KANTET T\u00d8MMER\n\t\t<\/a>\n\t\t\t\t<img loading=\"lazy\" decoding=\"async\" src=\"http:\/\/rp-chalets.com\/wp-content\/uploads\/2019\/02\/880A1133-tiny.jpg\" alt=\"880A1133-tiny\" itemprop=\"image\" height=\"660\" width=\"1000\" title=\"880A1133-tiny\" onerror=\"this.style.display='none'\"  \/>\n\t\t\t<a href=\"#\" target=\"_self\"   role=\"button\">\n\t\t\t\t\t\t\tHUS I RUNDT\u00d8MMER\n\t\t<\/a>\n\t\t\t\t<img loading=\"lazy\" decoding=\"async\" src=\"http:\/\/rp-chalets.com\/wp-content\/uploads\/2019\/02\/P6200009-cut-3-tiny.jpg\" alt=\"P6200009-cut-3 tiny\" itemprop=\"image\" height=\"660\" width=\"1000\" title=\"P6200009-cut-3 tiny\" onerror=\"this.style.display='none'\"  \/>\n\t\t\t<a href=\"#\" target=\"_self\"   role=\"button\">\n\t\t\t\t\t\t\tT\u00d8MMERHUS \/ RAMMEVERK\n\t\t<\/a>\n\t\t\t\t<img loading=\"lazy\" decoding=\"async\" src=\"http:\/\/rp-chalets.com\/wp-content\/uploads\/2019\/02\/021-4-tiny.jpg\" alt=\"021-4-tiny\" itemprop=\"image\" height=\"528\" width=\"800\" title=\"021-4-tiny\" onerror=\"this.style.display='none'\"  \/>\n<h3>\n\t\tKlassiske laftehus i rundt\u00f8mmer\n\t<\/h3>\n\t<p>Naturlig kvistfritt t\u00f8mmervirke. Den eldste laftehustypen.<\/p>\n<p>T\u00f8mmerstokkenes diameter skal v\u00e6re minst 300 mm ved hus som skal brukes rundt \u00e5ret. Ved bygging av rundt\u00f8mmer bruker vi s\u00e5kalt \u201ehundehale\u201c nov. ,,Hundehale\u201c er en eldgammel laftemetode, og mest brukt ved rundt\u00f8mmer.<\/p>\n\t\t\t\t<img loading=\"lazy\" decoding=\"async\" src=\"http:\/\/rp-chalets.com\/wp-content\/uploads\/2019\/02\/P6200009-cut-3-tiny.jpg\" alt=\"P6200009-cut-3 tiny\" itemprop=\"image\" height=\"660\" width=\"1000\" title=\"P6200009-cut-3 tiny\" onerror=\"this.style.display='none'\"  \/>\n<h3>\n\t\tSe eksempler her\n\t<\/h3>\n","protected":false},"excerpt":{"rendered":"<p>HUS I KANTET T\u00d8MMER HUS I RUNDT\u00d8MMER T\u00d8MMERHUS \/ RAMMEVERK Klassiske laftehus i rundt\u00f8mmer Naturlig kvistfritt t\u00f8mmervirke. Den eldste laftehustypen. T\u00f8mmerstokkenes diameter skal v\u00e6re minst 300 mm ved hus som skal brukes rundt \u00e5ret. Ved bygging av rundt\u00f8mmer bruker vi s\u00e5kalt \u201ehundehale\u201c nov. ,,Hundehale\u201c er en eldgammel laftemetode, og mest brukt ved rundt\u00f8mmer. Se eksempler &hellip;<\/p>\n<p class=\"read-more\"> <a class=\"\" href=\"https:\/\/rp-chalets.com\/no\/round-logs\/\"> <span class=\"screen-reader-text\">Round logs<\/span> Les mer &raquo;<\/a><\/p>\n","protected":false},"author":1,"featured_media":0,"parent":0,"menu_order":0,"comment_status":"closed","ping_status":"closed","template":"","meta":{"footnotes":""},"yoast_head":"<!-- This site is optimized with the Yoast SEO plugin v21.9.1 - https:\/\/yoast.com\/wordpress\/plugins\/seo\/ -->\n<title>Round logs - Handmade log-houses from Estonian manufacturer<\/title>\n<meta name=\"robots\" content=\"index, follow, max-snippet:-1, max-image-preview:large, max-video-preview:-1\" \/>\n<link rel=\"canonical\" href=\"https:\/\/rp-chalets.com\/no\/round-logs\/\" \/>\n<meta property=\"og:locale\" content=\"nb_NO\" \/>\n<meta property=\"og:type\" content=\"article\" \/>\n<meta property=\"og:title\" content=\"Round logs - Handmade log-houses from Estonian manufacturer\" \/>\n<meta property=\"og:description\" content=\"HUS I KANTET T\u00d8MMER HUS I RUNDT\u00d8MMER T\u00d8MMERHUS \/ RAMMEVERK Klassiske laftehus i rundt\u00f8mmer Naturlig kvistfritt t\u00f8mmervirke. Den eldste laftehustypen. T\u00f8mmerstokkenes diameter skal v\u00e6re minst 300 mm ved hus som skal brukes rundt \u00e5ret. Ved bygging av rundt\u00f8mmer bruker vi s\u00e5kalt \u201ehundehale\u201c nov. ,,Hundehale\u201c er en eldgammel laftemetode, og mest brukt ved rundt\u00f8mmer. Se eksempler &hellip; Round logs Les mer &raquo;\" \/>\n<meta property=\"og:url\" content=\"https:\/\/rp-chalets.com\/no\/round-logs\/\" \/>\n<meta property=\"og:site_name\" content=\"Handmade log-houses from Estonian manufacturer\" \/>\n<meta property=\"article:modified_time\" content=\"2019-02-25T12:52:46+00:00\" \/>\n<meta property=\"og:image\" content=\"http:\/\/rp-chalets.com\/wp-content\/uploads\/2019\/02\/880A1133-tiny.jpg\" \/>\n<meta name=\"twitter:card\" content=\"summary_large_image\" \/>\n<script type=\"application\/ld+json\" class=\"yoast-schema-graph\">{\"@context\":\"https:\/\/schema.org\",\"@graph\":[{\"@type\":\"WebPage\",\"@id\":\"https:\/\/rp-chalets.com\/no\/round-logs\/\",\"url\":\"https:\/\/rp-chalets.com\/no\/round-logs\/\",\"name\":\"Round logs - Handmade log-houses from Estonian manufacturer\",\"isPartOf\":{\"@id\":\"https:\/\/rp-chalets.com\/#website\"},\"datePublished\":\"2018-09-30T09:18:23+00:00\",\"dateModified\":\"2019-02-25T12:52:46+00:00\",\"breadcrumb\":{\"@id\":\"https:\/\/rp-chalets.com\/no\/round-logs\/#breadcrumb\"},\"inLanguage\":\"nb-NO\",\"potentialAction\":[{\"@type\":\"ReadAction\",\"target\":[\"https:\/\/rp-chalets.com\/no\/round-logs\/\"]}]},{\"@type\":\"BreadcrumbList\",\"@id\":\"https:\/\/rp-chalets.com\/no\/round-logs\/#breadcrumb\",\"itemListElement\":[{\"@type\":\"ListItem\",\"position\":1,\"name\":\"Home\",\"item\":\"https:\/\/rp-chalets.com\/no\/\"},{\"@type\":\"ListItem\",\"position\":2,\"name\":\"Round logs\"}]},{\"@type\":\"WebSite\",\"@id\":\"https:\/\/rp-chalets.com\/#website\",\"url\":\"https:\/\/rp-chalets.com\/\",\"name\":\"Handmade log-houses from Estonian manufacturer\",\"description\":\"High quality handmade log-houses from Estonian manufacturer\",\"publisher\":{\"@id\":\"https:\/\/rp-chalets.com\/#organization\"},\"potentialAction\":[{\"@type\":\"SearchAction\",\"target\":{\"@type\":\"EntryPoint\",\"urlTemplate\":\"https:\/\/rp-chalets.com\/?s={search_term_string}\"},\"query-input\":\"required name=search_term_string\"}],\"inLanguage\":\"nb-NO\"},{\"@type\":\"Organization\",\"@id\":\"https:\/\/rp-chalets.com\/#organization\",\"name\":\"PROPUIT GRUPP O\u00dc\",\"url\":\"https:\/\/rp-chalets.com\/\",\"logo\":{\"@type\":\"ImageObject\",\"inLanguage\":\"nb-NO\",\"@id\":\"https:\/\/rp-chalets.com\/#\/schema\/logo\/image\/\",\"url\":\"http:\/\/rp-chalets.com\/wp-content\/uploads\/2019\/02\/thick-logs-eng.png\",\"contentUrl\":\"http:\/\/rp-chalets.com\/wp-content\/uploads\/2019\/02\/thick-logs-eng.png\",\"width\":800,\"height\":375,\"caption\":\"PROPUIT GRUPP O\u00dc\"},\"image\":{\"@id\":\"https:\/\/rp-chalets.com\/#\/schema\/logo\/image\/\"}}]}<\/script>\n<!-- \/ Yoast SEO plugin. -->","yoast_head_json":{"title":"Round logs - Handmade log-houses from Estonian manufacturer","robots":{"index":"index","follow":"follow","max-snippet":"max-snippet:-1","max-image-preview":"max-image-preview:large","max-video-preview":"max-video-preview:-1"},"canonical":"https:\/\/rp-chalets.com\/no\/round-logs\/","og_locale":"nb_NO","og_type":"article","og_title":"Round logs - Handmade log-houses from Estonian manufacturer","og_description":"HUS I KANTET T\u00d8MMER HUS I RUNDT\u00d8MMER T\u00d8MMERHUS \/ RAMMEVERK Klassiske laftehus i rundt\u00f8mmer Naturlig kvistfritt t\u00f8mmervirke. Den eldste laftehustypen. T\u00f8mmerstokkenes diameter skal v\u00e6re minst 300 mm ved hus som skal brukes rundt \u00e5ret. Ved bygging av rundt\u00f8mmer bruker vi s\u00e5kalt \u201ehundehale\u201c nov. ,,Hundehale\u201c er en eldgammel laftemetode, og mest brukt ved rundt\u00f8mmer. Se eksempler &hellip; Round logs Les mer &raquo;","og_url":"https:\/\/rp-chalets.com\/no\/round-logs\/","og_site_name":"Handmade log-houses from Estonian manufacturer","article_modified_time":"2019-02-25T12:52:46+00:00","og_image":[{"url":"http:\/\/rp-chalets.com\/wp-content\/uploads\/2019\/02\/880A1133-tiny.jpg"}],"twitter_card":"summary_large_image","schema":{"@context":"https:\/\/schema.org","@graph":[{"@type":"WebPage","@id":"https:\/\/rp-chalets.com\/no\/round-logs\/","url":"https:\/\/rp-chalets.com\/no\/round-logs\/","name":"Round logs - Handmade log-houses from Estonian manufacturer","isPartOf":{"@id":"https:\/\/rp-chalets.com\/#website"},"datePublished":"2018-09-30T09:18:23+00:00","dateModified":"2019-02-25T12:52:46+00:00","breadcrumb":{"@id":"https:\/\/rp-chalets.com\/no\/round-logs\/#breadcrumb"},"inLanguage":"nb-NO","potentialAction":[{"@type":"ReadAction","target":["https:\/\/rp-chalets.com\/no\/round-logs\/"]}]},{"@type":"BreadcrumbList","@id":"https:\/\/rp-chalets.com\/no\/round-logs\/#breadcrumb","itemListElement":[{"@type":"ListItem","position":1,"name":"Home","item":"https:\/\/rp-chalets.com\/no\/"},{"@type":"ListItem","position":2,"name":"Round logs"}]},{"@type":"WebSite","@id":"https:\/\/rp-chalets.com\/#website","url":"https:\/\/rp-chalets.com\/","name":"Handmade log-houses from Estonian manufacturer","description":"High quality handmade log-houses from Estonian manufacturer","publisher":{"@id":"https:\/\/rp-chalets.com\/#organization"},"potentialAction":[{"@type":"SearchAction","target":{"@type":"EntryPoint","urlTemplate":"https:\/\/rp-chalets.com\/?s={search_term_string}"},"query-input":"required name=search_term_string"}],"inLanguage":"nb-NO"},{"@type":"Organization","@id":"https:\/\/rp-chalets.com\/#organization","name":"PROPUIT GRUPP O\u00dc","url":"https:\/\/rp-chalets.com\/","logo":{"@type":"ImageObject","inLanguage":"nb-NO","@id":"https:\/\/rp-chalets.com\/#\/schema\/logo\/image\/","url":"http:\/\/rp-chalets.com\/wp-content\/uploads\/2019\/02\/thick-logs-eng.png","contentUrl":"http:\/\/rp-chalets.com\/wp-content\/uploads\/2019\/02\/thick-logs-eng.png","width":800,"height":375,"caption":"PROPUIT GRUPP O\u00dc"},"image":{"@id":"https:\/\/rp-chalets.com\/#\/schema\/logo\/image\/"}}]}},"_links":{"self":[{"href":"https:\/\/rp-chalets.com\/no\/wp-json\/wp\/v2\/pages\/490\/"}],"collection":[{"href":"https:\/\/rp-chalets.com\/no\/wp-json\/wp\/v2\/pages\/"}],"about":[{"href":"https:\/\/rp-chalets.com\/no\/wp-json\/wp\/v2\/types\/page\/"}],"author":[{"embeddable":true,"href":"https:\/\/rp-chalets.com\/no\/wp-json\/wp\/v2\/users\/1\/"}],"replies":[{"embeddable":true,"href":"https:\/\/rp-chalets.com\/no\/wp-json\/wp\/v2\/comments\/?post=490"}],"version-history":[{"count":3,"href":"https:\/\/rp-chalets.com\/no\/wp-json\/wp\/v2\/pages\/490\/revisions\/"}],"predecessor-version":[{"id":8243,"href":"https:\/\/rp-chalets.com\/no\/wp-json\/wp\/v2\/pages\/490\/revisions\/8243\/"}],"wp:attachment":[{"href":"https:\/\/rp-chalets.com\/no\/wp-json\/wp\/v2\/media\/?parent=490"}],"curies":[{"name":"wp","href":"https:\/\/api.w.org\/{rel}","templated":true}]}}