{"id":532,"date":"2018-09-29T07:55:43","date_gmt":"2018-09-29T07:55:43","guid":{"rendered":"http:\/\/rp-chalets.com\/ettevottest\/"},"modified":"2024-01-30T15:27:05","modified_gmt":"2024-01-30T15:27:05","slug":"ettevottest","status":"publish","type":"page","link":"https:\/\/rp-chalets.com\/no\/ettevottest\/","title":{"rendered":"Ettev\u00f5ttest"},"content":{"rendered":"\n\t\t\t<a href=\"http:\/\/rp-chalets.com\/no\/majatuubid\/\" target=\"_self\"   role=\"button\">\n\t\t\t\t\t\t\tHUS I KANTET T\u00d8MMER\n\t\t<\/a>\n\t\t\t\t<img loading=\"lazy\" decoding=\"async\" src=\"http:\/\/rp-chalets.com\/wp-content\/uploads\/2019\/02\/880A1133-tiny.jpg\" alt=\"880A1133-tiny\" itemprop=\"image\" height=\"660\" width=\"1000\" title=\"880A1133-tiny\" onerror=\"this.style.display='none'\"  \/>\n\t\t\t<a href=\"http:\/\/rp-chalets.com\/no\/round-logs\/\" target=\"_self\"   role=\"button\">\n\t\t\t\t\t\t\tHUS I RUNDT\u00d8MMER\n\t\t<\/a>\n\t\t\t\t<img loading=\"lazy\" decoding=\"async\" src=\"http:\/\/rp-chalets.com\/wp-content\/uploads\/2019\/02\/P6200009-cut-3-tiny.jpg\" alt=\"P6200009-cut-3 tiny\" itemprop=\"image\" height=\"660\" width=\"1000\" title=\"P6200009-cut-3 tiny\" onerror=\"this.style.display='none'\"  \/>\n\t\t\t<a href=\"http:\/\/rp-chalets.com\/no\/log-frame-houses\/\" target=\"_self\"   role=\"button\">\n\t\t\t\t\t\t\tT\u00d8MMERHUS \/ RAMMEVERK\n\t\t<\/a>\n\t\t\t\t<img loading=\"lazy\" decoding=\"async\" src=\"http:\/\/rp-chalets.com\/wp-content\/uploads\/2019\/02\/021-4-tiny.jpg\" alt=\"021-4-tiny\" itemprop=\"image\" height=\"528\" width=\"800\" title=\"021-4-tiny\" onerror=\"this.style.display='none'\"  \/>\n<h3>\n\t\tOm foretaket\n\t<\/h3>\n\t<p>Hensikten med v\u00e5r virksomhet er \u00e5 fremme den tradisjonelle nordiske levem\u00e5ten som byr p\u00e5 mye livsglede. Vi \u00f8nsker \u00e5 bringe mennesker n\u00e6rmere naturen og skape deg et hjem hvor du er omgitt av et sunt levemilj\u00f8.<\/p>\n<h3>\n\t\tVerdsetter h\u00e5ndverk\n\t<\/h3>\n\t<p>I v\u00e5r produksjon bruker vi minst mulig maskinarbeid og fokuserer mest p\u00e5 h\u00f8yt verdsatt og kreativt h\u00e5ndverk. Ethvert h\u00e5ndlaget t\u00f8mmerhus er b\u00e5de enest\u00e5ende og arkaisk. Man beholder trevirkets naturlighet og skj\u00f8nnhet.<\/p>\n<h3>\n\t\tKvalitet\n\t<\/h3>\n\t<p>For oss er det viktig \u00e5 legge vekt p\u00e5 h\u00f8y kvalitet og v\u00e6re en partner som du kan stole p\u00e5. Vi mener det er ytterst viktig \u00e5 holde b\u00e5de avtaler og tidsfrister.<\/p>\n<h3>\n\t\tKonkurransedyktig pris\n\t<\/h3>\n\t<p>Vi har kontroll over produksjonsprosessen helt fra starten av \u2013 t\u00f8mmerhogging i skogen til siste finpussing av huset, og dermed kan vi tilby beste forhold mellom pris og kvalitet. Takk til et godt samarbeid med v\u00e5re partnere klarer vi \u00e5 oppfylle alle \u00f8nsker fra v\u00e5re kunder.<\/p>\n<h3>\n\t\tVaremerke\n\t<\/h3>\n\t<p>Rp-chalets er et varemerke tilh\u00f8rende Propuit Grupp O\u00dc. Vi har over 20 \u00e5rs erfaring med t\u00f8mmerhusmarkedet. Mesteparten av v\u00e5r produksjon eksporteres til kunder i Norge, Sverige og Baltikum. V\u00e5rt produktutvalg best\u00e5r hovedsakelig av f\u00f8lgende: ferie- og turisthus, boliger og hytter. Men vi tilbyr ogs\u00e5 mindre bygninger som badstuer, lysthus, grillhj\u00f8rner, terrasser, garasjer og hagem\u00f8bler.<\/p>\n<p><a href=\"http:\/\/rp-chalets.com\/no\/kontakt\/\" target=\"_self\">Ta kontakt med oss<\/a>\u00a0og vi hjelper deg \u00e5 finne den beste l\u00f8sning som oppfyller dine \u00f8nsker!<\/p>\n","protected":false},"excerpt":{"rendered":"<p>HUS I KANTET T\u00d8MMER HUS I RUNDT\u00d8MMER T\u00d8MMERHUS \/ RAMMEVERK Om foretaket Hensikten med v\u00e5r virksomhet er \u00e5 fremme den tradisjonelle nordiske levem\u00e5ten som byr p\u00e5 mye livsglede. Vi \u00f8nsker \u00e5 bringe mennesker n\u00e6rmere naturen og skape deg et hjem hvor du er omgitt av et sunt levemilj\u00f8. Verdsetter h\u00e5ndverk I v\u00e5r produksjon bruker vi &hellip;<\/p>\n<p class=\"read-more\"> <a class=\"\" href=\"https:\/\/rp-chalets.com\/no\/ettevottest\/\"> <span class=\"screen-reader-text\">Ettev\u00f5ttest<\/span> Les mer &raquo;<\/a><\/p>\n","protected":false},"author":1,"featured_media":0,"parent":0,"menu_order":0,"comment_status":"closed","ping_status":"closed","template":"","meta":{"footnotes":""},"yoast_head":"<!-- This site is optimized with the Yoast SEO plugin v21.9.1 - https:\/\/yoast.com\/wordpress\/plugins\/seo\/ -->\n<title>Ettev\u00f5ttest - Handmade log-houses from Estonian manufacturer<\/title>\n<meta name=\"robots\" content=\"index, follow, max-snippet:-1, max-image-preview:large, max-video-preview:-1\" \/>\n<link rel=\"canonical\" href=\"https:\/\/rp-chalets.com\/no\/ettevottest\/\" \/>\n<meta property=\"og:locale\" content=\"nb_NO\" \/>\n<meta property=\"og:type\" content=\"article\" \/>\n<meta property=\"og:title\" content=\"Ettev\u00f5ttest - Handmade log-houses from Estonian manufacturer\" \/>\n<meta property=\"og:description\" content=\"HUS I KANTET T\u00d8MMER HUS I RUNDT\u00d8MMER T\u00d8MMERHUS \/ RAMMEVERK Om foretaket Hensikten med v\u00e5r virksomhet er \u00e5 fremme den tradisjonelle nordiske levem\u00e5ten som byr p\u00e5 mye livsglede. Vi \u00f8nsker \u00e5 bringe mennesker n\u00e6rmere naturen og skape deg et hjem hvor du er omgitt av et sunt levemilj\u00f8. Verdsetter h\u00e5ndverk I v\u00e5r produksjon bruker vi &hellip; Ettev\u00f5ttest Les mer &raquo;\" \/>\n<meta property=\"og:url\" content=\"https:\/\/rp-chalets.com\/no\/ettevottest\/\" \/>\n<meta property=\"og:site_name\" content=\"Handmade log-houses from Estonian manufacturer\" \/>\n<meta property=\"article:modified_time\" content=\"2024-01-30T15:27:05+00:00\" \/>\n<meta property=\"og:image\" content=\"http:\/\/rp-chalets.com\/wp-content\/uploads\/2019\/02\/880A1133-tiny.jpg\" \/>\n<meta name=\"twitter:card\" content=\"summary_large_image\" \/>\n<meta name=\"twitter:label1\" content=\"Ansl. lesetid\" \/>\n\t<meta name=\"twitter:data1\" content=\"1 minutt\" \/>\n<script type=\"application\/ld+json\" class=\"yoast-schema-graph\">{\"@context\":\"https:\/\/schema.org\",\"@graph\":[{\"@type\":\"WebPage\",\"@id\":\"https:\/\/rp-chalets.com\/no\/ettevottest\/\",\"url\":\"https:\/\/rp-chalets.com\/no\/ettevottest\/\",\"name\":\"Ettev\u00f5ttest - Handmade log-houses from Estonian manufacturer\",\"isPartOf\":{\"@id\":\"https:\/\/rp-chalets.com\/#website\"},\"datePublished\":\"2018-09-29T07:55:43+00:00\",\"dateModified\":\"2024-01-30T15:27:05+00:00\",\"breadcrumb\":{\"@id\":\"https:\/\/rp-chalets.com\/no\/ettevottest\/#breadcrumb\"},\"inLanguage\":\"nb-NO\",\"potentialAction\":[{\"@type\":\"ReadAction\",\"target\":[\"https:\/\/rp-chalets.com\/no\/ettevottest\/\"]}]},{\"@type\":\"BreadcrumbList\",\"@id\":\"https:\/\/rp-chalets.com\/no\/ettevottest\/#breadcrumb\",\"itemListElement\":[{\"@type\":\"ListItem\",\"position\":1,\"name\":\"Home\",\"item\":\"https:\/\/rp-chalets.com\/no\/\"},{\"@type\":\"ListItem\",\"position\":2,\"name\":\"Ettev\u00f5ttest\"}]},{\"@type\":\"WebSite\",\"@id\":\"https:\/\/rp-chalets.com\/#website\",\"url\":\"https:\/\/rp-chalets.com\/\",\"name\":\"Handmade log-houses from Estonian manufacturer\",\"description\":\"High quality handmade log-houses from Estonian manufacturer\",\"publisher\":{\"@id\":\"https:\/\/rp-chalets.com\/#organization\"},\"potentialAction\":[{\"@type\":\"SearchAction\",\"target\":{\"@type\":\"EntryPoint\",\"urlTemplate\":\"https:\/\/rp-chalets.com\/?s={search_term_string}\"},\"query-input\":\"required name=search_term_string\"}],\"inLanguage\":\"nb-NO\"},{\"@type\":\"Organization\",\"@id\":\"https:\/\/rp-chalets.com\/#organization\",\"name\":\"PROPUIT GRUPP O\u00dc\",\"url\":\"https:\/\/rp-chalets.com\/\",\"logo\":{\"@type\":\"ImageObject\",\"inLanguage\":\"nb-NO\",\"@id\":\"https:\/\/rp-chalets.com\/#\/schema\/logo\/image\/\",\"url\":\"http:\/\/rp-chalets.com\/wp-content\/uploads\/2019\/02\/thick-logs-eng.png\",\"contentUrl\":\"http:\/\/rp-chalets.com\/wp-content\/uploads\/2019\/02\/thick-logs-eng.png\",\"width\":800,\"height\":375,\"caption\":\"PROPUIT GRUPP O\u00dc\"},\"image\":{\"@id\":\"https:\/\/rp-chalets.com\/#\/schema\/logo\/image\/\"}}]}<\/script>\n<!-- \/ Yoast SEO plugin. -->","yoast_head_json":{"title":"Ettev\u00f5ttest - Handmade log-houses from Estonian manufacturer","robots":{"index":"index","follow":"follow","max-snippet":"max-snippet:-1","max-image-preview":"max-image-preview:large","max-video-preview":"max-video-preview:-1"},"canonical":"https:\/\/rp-chalets.com\/no\/ettevottest\/","og_locale":"nb_NO","og_type":"article","og_title":"Ettev\u00f5ttest - Handmade log-houses from Estonian manufacturer","og_description":"HUS I KANTET T\u00d8MMER HUS I RUNDT\u00d8MMER T\u00d8MMERHUS \/ RAMMEVERK Om foretaket Hensikten med v\u00e5r virksomhet er \u00e5 fremme den tradisjonelle nordiske levem\u00e5ten som byr p\u00e5 mye livsglede. Vi \u00f8nsker \u00e5 bringe mennesker n\u00e6rmere naturen og skape deg et hjem hvor du er omgitt av et sunt levemilj\u00f8. Verdsetter h\u00e5ndverk I v\u00e5r produksjon bruker vi &hellip; Ettev\u00f5ttest Les mer &raquo;","og_url":"https:\/\/rp-chalets.com\/no\/ettevottest\/","og_site_name":"Handmade log-houses from Estonian manufacturer","article_modified_time":"2024-01-30T15:27:05+00:00","og_image":[{"url":"http:\/\/rp-chalets.com\/wp-content\/uploads\/2019\/02\/880A1133-tiny.jpg"}],"twitter_card":"summary_large_image","twitter_misc":{"Ansl. lesetid":"1 minutt"},"schema":{"@context":"https:\/\/schema.org","@graph":[{"@type":"WebPage","@id":"https:\/\/rp-chalets.com\/no\/ettevottest\/","url":"https:\/\/rp-chalets.com\/no\/ettevottest\/","name":"Ettev\u00f5ttest - Handmade log-houses from Estonian manufacturer","isPartOf":{"@id":"https:\/\/rp-chalets.com\/#website"},"datePublished":"2018-09-29T07:55:43+00:00","dateModified":"2024-01-30T15:27:05+00:00","breadcrumb":{"@id":"https:\/\/rp-chalets.com\/no\/ettevottest\/#breadcrumb"},"inLanguage":"nb-NO","potentialAction":[{"@type":"ReadAction","target":["https:\/\/rp-chalets.com\/no\/ettevottest\/"]}]},{"@type":"BreadcrumbList","@id":"https:\/\/rp-chalets.com\/no\/ettevottest\/#breadcrumb","itemListElement":[{"@type":"ListItem","position":1,"name":"Home","item":"https:\/\/rp-chalets.com\/no\/"},{"@type":"ListItem","position":2,"name":"Ettev\u00f5ttest"}]},{"@type":"WebSite","@id":"https:\/\/rp-chalets.com\/#website","url":"https:\/\/rp-chalets.com\/","name":"Handmade log-houses from Estonian manufacturer","description":"High quality handmade log-houses from Estonian manufacturer","publisher":{"@id":"https:\/\/rp-chalets.com\/#organization"},"potentialAction":[{"@type":"SearchAction","target":{"@type":"EntryPoint","urlTemplate":"https:\/\/rp-chalets.com\/?s={search_term_string}"},"query-input":"required name=search_term_string"}],"inLanguage":"nb-NO"},{"@type":"Organization","@id":"https:\/\/rp-chalets.com\/#organization","name":"PROPUIT GRUPP O\u00dc","url":"https:\/\/rp-chalets.com\/","logo":{"@type":"ImageObject","inLanguage":"nb-NO","@id":"https:\/\/rp-chalets.com\/#\/schema\/logo\/image\/","url":"http:\/\/rp-chalets.com\/wp-content\/uploads\/2019\/02\/thick-logs-eng.png","contentUrl":"http:\/\/rp-chalets.com\/wp-content\/uploads\/2019\/02\/thick-logs-eng.png","width":800,"height":375,"caption":"PROPUIT GRUPP O\u00dc"},"image":{"@id":"https:\/\/rp-chalets.com\/#\/schema\/logo\/image\/"}}]}},"_links":{"self":[{"href":"https:\/\/rp-chalets.com\/no\/wp-json\/wp\/v2\/pages\/532\/"}],"collection":[{"href":"https:\/\/rp-chalets.com\/no\/wp-json\/wp\/v2\/pages\/"}],"about":[{"href":"https:\/\/rp-chalets.com\/no\/wp-json\/wp\/v2\/types\/page\/"}],"author":[{"embeddable":true,"href":"https:\/\/rp-chalets.com\/no\/wp-json\/wp\/v2\/users\/1\/"}],"replies":[{"embeddable":true,"href":"https:\/\/rp-chalets.com\/no\/wp-json\/wp\/v2\/comments\/?post=532"}],"version-history":[{"count":5,"href":"https:\/\/rp-chalets.com\/no\/wp-json\/wp\/v2\/pages\/532\/revisions\/"}],"predecessor-version":[{"id":8698,"href":"https:\/\/rp-chalets.com\/no\/wp-json\/wp\/v2\/pages\/532\/revisions\/8698\/"}],"wp:attachment":[{"href":"https:\/\/rp-chalets.com\/no\/wp-json\/wp\/v2\/media\/?parent=532"}],"curies":[{"name":"wp","href":"https:\/\/api.w.org\/{rel}","templated":true}]}}