{"id":540,"date":"2018-09-29T07:56:15","date_gmt":"2018-09-29T07:56:15","guid":{"rendered":"http:\/\/rp-chalets.com\/kontakt\/"},"modified":"2024-01-30T15:28:57","modified_gmt":"2024-01-30T15:28:57","slug":"kontakt","status":"publish","type":"page","link":"https:\/\/rp-chalets.com\/no\/kontakt\/","title":{"rendered":"Kontakt"},"content":{"rendered":"\n\t\t\t<a href=\"http:\/\/rp-chalets.com\/no\/majatuubid\/\" target=\"_self\"   role=\"button\">\n\t\t\t\t\t\t\tHUS I KANTET T\u00d8MMER\n\t\t<\/a>\n\t\t\t\t<img loading=\"lazy\" decoding=\"async\" src=\"http:\/\/rp-chalets.com\/wp-content\/uploads\/2019\/02\/880A1133-tiny.jpg\" alt=\"880A1133-tiny\" itemprop=\"image\" height=\"660\" width=\"1000\" title=\"880A1133-tiny\" onerror=\"this.style.display='none'\"  \/>\n\t\t\t<a href=\"http:\/\/rp-chalets.com\/no\/round-logs\/\" target=\"_self\"   role=\"button\">\n\t\t\t\t\t\t\tHUS I RUNDT\u00d8MMER\n\t\t<\/a>\n\t\t\t\t<img loading=\"lazy\" decoding=\"async\" src=\"http:\/\/rp-chalets.com\/wp-content\/uploads\/2019\/02\/P6200009-cut-3-tiny.jpg\" alt=\"P6200009-cut-3 tiny\" itemprop=\"image\" height=\"660\" width=\"1000\" title=\"P6200009-cut-3 tiny\" onerror=\"this.style.display='none'\"  \/>\n\t\t\t<a href=\"http:\/\/rp-chalets.com\/no\/log-frame-houses\/\" target=\"_self\"   role=\"button\">\n\t\t\t\t\t\t\tT\u00d8MMERHUS \/ RAMMEVERK\n\t\t<\/a>\n\t\t\t\t<img loading=\"lazy\" decoding=\"async\" src=\"http:\/\/rp-chalets.com\/wp-content\/uploads\/2019\/02\/021-4-tiny.jpg\" alt=\"021-4-tiny\" itemprop=\"image\" height=\"528\" width=\"800\" title=\"021-4-tiny\" onerror=\"this.style.display='none'\"  \/>\n<h3>\n\t\tContacts\n\t<\/h3>\n<h3>\n\t\tArkadijs Kikass\n\t<\/h3>\n<h2>\n\t\tDaglig leder og salg\n\t<\/h2>\n<h3>\n\t\t<a href=\"mailto:propuitgrupp@gmail.com\" title=\"propuitgrupp@gmail.com\" target=\"_self\">\n\t\tpropuitgrupp@gmail.com\n\t\t<\/a>\n\t<\/h3>\n<h2>\n\t\t+372 5191 2222\n\t<\/h2>\n\t\t\t\t<img loading=\"lazy\" decoding=\"async\" src=\"http:\/\/rp-chalets.com\/wp-content\/uploads\/2018\/10\/est-rus.jpg\" alt=\"est rus\" itemprop=\"image\" height=\"18\" width=\"107\" title=\"est rus\" onerror=\"this.style.display='none'\"  \/>\n<h3>\n\t\tOtto T\u0161ergatti\n\t<\/h3>\n<h2>\n\t\tInternasjonalt salg\n\t<\/h2>\n<h3>\n\t\t<a href=\"mailto:sales@rp-chalets.com\" title=\"sales@rp-chalets.com\" target=\"_self\">\n\t\tsales@rp-chalets.com\n\t\t<\/a>\n\t<\/h3>\n<h2>\n\t\t+372 517 2766\n\t<\/h2>\n\t\t\t\t<img loading=\"lazy\" decoding=\"async\" src=\"http:\/\/rp-chalets.com\/wp-content\/uploads\/2020\/12\/ENG-keeled.jpeg\" alt=\"ENG-keeled\" itemprop=\"image\" height=\"18\" width=\"107\" title=\"ENG-keeled\" onerror=\"this.style.display='none'\"  \/>\n<h3>\n\t\tOppgaver\n\t<\/h3>\n<h3>\n\t\tKontor\n\t<\/h3>\n<h2>\n\t\tRoosi tn 22-8, Valga linn, Valgamaa 68207\n\t<\/h2>\n<h2>\n\t\tEstland\n\t<\/h2>\n<h3>\n\t\tProduction\n\t<\/h3>\n<h2>\n\t\tKelli 1, T\u00f5lliste vald, 68218 Valgamaa\n\t<\/h2>\n<h2>\n\t\tEstland\n\t<\/h2>\n<h3>\n\t\tPROPUIT GRUPP O\u00dc\n\t<\/h3>\n<h2>\n\t\tRegisterkode: 16257652\n\t<\/h2>\n<h2>\n\t\tMVA pliktig nr.: EE102670710\n\t<\/h2>\n<h3>\n\t\tTel: +372 5191 2222\n\t<\/h3>\n<h2>\n\t\t<a href=\"mailto:info@rp-chalets.com\" title=\"info@rp-chalets.com\" target=\"_self\">\n\t\tinfo@rp-chalets.com\n\t\t<\/a>\n\t<\/h2>\n","protected":false},"excerpt":{"rendered":"<p>HUS I KANTET T\u00d8MMER HUS I RUNDT\u00d8MMER T\u00d8MMERHUS \/ RAMMEVERK Contacts Arkadijs Kikass Daglig leder og salg propuitgrupp@gmail.com +372 5191 2222 Otto T\u0161ergatti Internasjonalt salg sales@rp-chalets.com +372 517 2766 Oppgaver Kontor Roosi tn 22-8, Valga linn, Valgamaa 68207 Estland Production Kelli 1, T\u00f5lliste vald, 68218 Valgamaa Estland PROPUIT GRUPP O\u00dc Registerkode: 16257652 MVA pliktig nr.: &hellip;<\/p>\n<p class=\"read-more\"> <a class=\"\" href=\"https:\/\/rp-chalets.com\/no\/kontakt\/\"> <span class=\"screen-reader-text\">Kontakt<\/span> Les mer &raquo;<\/a><\/p>\n","protected":false},"author":1,"featured_media":0,"parent":0,"menu_order":0,"comment_status":"closed","ping_status":"closed","template":"","meta":{"footnotes":""},"yoast_head":"<!-- This site is optimized with the Yoast SEO plugin v21.9.1 - https:\/\/yoast.com\/wordpress\/plugins\/seo\/ -->\n<title>Kontakt - Handmade log-houses from Estonian manufacturer<\/title>\n<meta name=\"robots\" content=\"index, follow, max-snippet:-1, max-image-preview:large, max-video-preview:-1\" \/>\n<link rel=\"canonical\" href=\"https:\/\/rp-chalets.com\/no\/kontakt\/\" \/>\n<meta property=\"og:locale\" content=\"nb_NO\" \/>\n<meta property=\"og:type\" content=\"article\" \/>\n<meta property=\"og:title\" content=\"Kontakt - Handmade log-houses from Estonian manufacturer\" \/>\n<meta property=\"og:description\" content=\"HUS I KANTET T\u00d8MMER HUS I RUNDT\u00d8MMER T\u00d8MMERHUS \/ RAMMEVERK Contacts Arkadijs Kikass Daglig leder og salg propuitgrupp@gmail.com +372 5191 2222 Otto T\u0161ergatti Internasjonalt salg sales@rp-chalets.com +372 517 2766 Oppgaver Kontor Roosi tn 22-8, Valga linn, Valgamaa 68207 Estland Production Kelli 1, T\u00f5lliste vald, 68218 Valgamaa Estland PROPUIT GRUPP O\u00dc Registerkode: 16257652 MVA pliktig nr.: &hellip; Kontakt Les mer &raquo;\" \/>\n<meta property=\"og:url\" content=\"https:\/\/rp-chalets.com\/no\/kontakt\/\" \/>\n<meta property=\"og:site_name\" content=\"Handmade log-houses from Estonian manufacturer\" \/>\n<meta property=\"article:modified_time\" content=\"2024-01-30T15:28:57+00:00\" \/>\n<meta property=\"og:image\" content=\"http:\/\/rp-chalets.com\/wp-content\/uploads\/2019\/02\/880A1133-tiny.jpg\" \/>\n<meta name=\"twitter:card\" content=\"summary_large_image\" \/>\n<script type=\"application\/ld+json\" class=\"yoast-schema-graph\">{\"@context\":\"https:\/\/schema.org\",\"@graph\":[{\"@type\":\"WebPage\",\"@id\":\"https:\/\/rp-chalets.com\/no\/kontakt\/\",\"url\":\"https:\/\/rp-chalets.com\/no\/kontakt\/\",\"name\":\"Kontakt - Handmade log-houses from Estonian manufacturer\",\"isPartOf\":{\"@id\":\"https:\/\/rp-chalets.com\/#website\"},\"datePublished\":\"2018-09-29T07:56:15+00:00\",\"dateModified\":\"2024-01-30T15:28:57+00:00\",\"breadcrumb\":{\"@id\":\"https:\/\/rp-chalets.com\/no\/kontakt\/#breadcrumb\"},\"inLanguage\":\"nb-NO\",\"potentialAction\":[{\"@type\":\"ReadAction\",\"target\":[\"https:\/\/rp-chalets.com\/no\/kontakt\/\"]}]},{\"@type\":\"BreadcrumbList\",\"@id\":\"https:\/\/rp-chalets.com\/no\/kontakt\/#breadcrumb\",\"itemListElement\":[{\"@type\":\"ListItem\",\"position\":1,\"name\":\"Home\",\"item\":\"https:\/\/rp-chalets.com\/no\/\"},{\"@type\":\"ListItem\",\"position\":2,\"name\":\"Kontakt\"}]},{\"@type\":\"WebSite\",\"@id\":\"https:\/\/rp-chalets.com\/#website\",\"url\":\"https:\/\/rp-chalets.com\/\",\"name\":\"Handmade log-houses from Estonian manufacturer\",\"description\":\"High quality handmade log-houses from Estonian manufacturer\",\"publisher\":{\"@id\":\"https:\/\/rp-chalets.com\/#organization\"},\"potentialAction\":[{\"@type\":\"SearchAction\",\"target\":{\"@type\":\"EntryPoint\",\"urlTemplate\":\"https:\/\/rp-chalets.com\/?s={search_term_string}\"},\"query-input\":\"required name=search_term_string\"}],\"inLanguage\":\"nb-NO\"},{\"@type\":\"Organization\",\"@id\":\"https:\/\/rp-chalets.com\/#organization\",\"name\":\"PROPUIT GRUPP O\u00dc\",\"url\":\"https:\/\/rp-chalets.com\/\",\"logo\":{\"@type\":\"ImageObject\",\"inLanguage\":\"nb-NO\",\"@id\":\"https:\/\/rp-chalets.com\/#\/schema\/logo\/image\/\",\"url\":\"http:\/\/rp-chalets.com\/wp-content\/uploads\/2019\/02\/thick-logs-eng.png\",\"contentUrl\":\"http:\/\/rp-chalets.com\/wp-content\/uploads\/2019\/02\/thick-logs-eng.png\",\"width\":800,\"height\":375,\"caption\":\"PROPUIT GRUPP O\u00dc\"},\"image\":{\"@id\":\"https:\/\/rp-chalets.com\/#\/schema\/logo\/image\/\"}}]}<\/script>\n<!-- \/ Yoast SEO plugin. -->","yoast_head_json":{"title":"Kontakt - Handmade log-houses from Estonian manufacturer","robots":{"index":"index","follow":"follow","max-snippet":"max-snippet:-1","max-image-preview":"max-image-preview:large","max-video-preview":"max-video-preview:-1"},"canonical":"https:\/\/rp-chalets.com\/no\/kontakt\/","og_locale":"nb_NO","og_type":"article","og_title":"Kontakt - Handmade log-houses from Estonian manufacturer","og_description":"HUS I KANTET T\u00d8MMER HUS I RUNDT\u00d8MMER T\u00d8MMERHUS \/ RAMMEVERK Contacts Arkadijs Kikass Daglig leder og salg propuitgrupp@gmail.com +372 5191 2222 Otto T\u0161ergatti Internasjonalt salg sales@rp-chalets.com +372 517 2766 Oppgaver Kontor Roosi tn 22-8, Valga linn, Valgamaa 68207 Estland Production Kelli 1, T\u00f5lliste vald, 68218 Valgamaa Estland PROPUIT GRUPP O\u00dc Registerkode: 16257652 MVA pliktig nr.: &hellip; Kontakt Les mer &raquo;","og_url":"https:\/\/rp-chalets.com\/no\/kontakt\/","og_site_name":"Handmade log-houses from Estonian manufacturer","article_modified_time":"2024-01-30T15:28:57+00:00","og_image":[{"url":"http:\/\/rp-chalets.com\/wp-content\/uploads\/2019\/02\/880A1133-tiny.jpg"}],"twitter_card":"summary_large_image","schema":{"@context":"https:\/\/schema.org","@graph":[{"@type":"WebPage","@id":"https:\/\/rp-chalets.com\/no\/kontakt\/","url":"https:\/\/rp-chalets.com\/no\/kontakt\/","name":"Kontakt - Handmade log-houses from Estonian manufacturer","isPartOf":{"@id":"https:\/\/rp-chalets.com\/#website"},"datePublished":"2018-09-29T07:56:15+00:00","dateModified":"2024-01-30T15:28:57+00:00","breadcrumb":{"@id":"https:\/\/rp-chalets.com\/no\/kontakt\/#breadcrumb"},"inLanguage":"nb-NO","potentialAction":[{"@type":"ReadAction","target":["https:\/\/rp-chalets.com\/no\/kontakt\/"]}]},{"@type":"BreadcrumbList","@id":"https:\/\/rp-chalets.com\/no\/kontakt\/#breadcrumb","itemListElement":[{"@type":"ListItem","position":1,"name":"Home","item":"https:\/\/rp-chalets.com\/no\/"},{"@type":"ListItem","position":2,"name":"Kontakt"}]},{"@type":"WebSite","@id":"https:\/\/rp-chalets.com\/#website","url":"https:\/\/rp-chalets.com\/","name":"Handmade log-houses from Estonian manufacturer","description":"High quality handmade log-houses from Estonian manufacturer","publisher":{"@id":"https:\/\/rp-chalets.com\/#organization"},"potentialAction":[{"@type":"SearchAction","target":{"@type":"EntryPoint","urlTemplate":"https:\/\/rp-chalets.com\/?s={search_term_string}"},"query-input":"required name=search_term_string"}],"inLanguage":"nb-NO"},{"@type":"Organization","@id":"https:\/\/rp-chalets.com\/#organization","name":"PROPUIT GRUPP O\u00dc","url":"https:\/\/rp-chalets.com\/","logo":{"@type":"ImageObject","inLanguage":"nb-NO","@id":"https:\/\/rp-chalets.com\/#\/schema\/logo\/image\/","url":"http:\/\/rp-chalets.com\/wp-content\/uploads\/2019\/02\/thick-logs-eng.png","contentUrl":"http:\/\/rp-chalets.com\/wp-content\/uploads\/2019\/02\/thick-logs-eng.png","width":800,"height":375,"caption":"PROPUIT GRUPP O\u00dc"},"image":{"@id":"https:\/\/rp-chalets.com\/#\/schema\/logo\/image\/"}}]}},"_links":{"self":[{"href":"https:\/\/rp-chalets.com\/no\/wp-json\/wp\/v2\/pages\/540\/"}],"collection":[{"href":"https:\/\/rp-chalets.com\/no\/wp-json\/wp\/v2\/pages\/"}],"about":[{"href":"https:\/\/rp-chalets.com\/no\/wp-json\/wp\/v2\/types\/page\/"}],"author":[{"embeddable":true,"href":"https:\/\/rp-chalets.com\/no\/wp-json\/wp\/v2\/users\/1\/"}],"replies":[{"embeddable":true,"href":"https:\/\/rp-chalets.com\/no\/wp-json\/wp\/v2\/comments\/?post=540"}],"version-history":[{"count":5,"href":"https:\/\/rp-chalets.com\/no\/wp-json\/wp\/v2\/pages\/540\/revisions\/"}],"predecessor-version":[{"id":8699,"href":"https:\/\/rp-chalets.com\/no\/wp-json\/wp\/v2\/pages\/540\/revisions\/8699\/"}],"wp:attachment":[{"href":"https:\/\/rp-chalets.com\/no\/wp-json\/wp\/v2\/media\/?parent=540"}],"curies":[{"name":"wp","href":"https:\/\/api.w.org\/{rel}","templated":true}]}}