{"id":546,"date":"2018-09-29T07:55:52","date_gmt":"2018-09-29T07:55:52","guid":{"rendered":"http:\/\/rp-chalets.com\/majatuubid\/"},"modified":"2019-02-25T12:48:07","modified_gmt":"2019-02-25T12:48:07","slug":"majatuubid","status":"publish","type":"page","link":"https:\/\/rp-chalets.com\/no\/majatuubid\/","title":{"rendered":"Majat\u00fc\u00fcbid"},"content":{"rendered":"\n\t\t\t<a href=\"http:\/\/rp-chalets.com\/no\/majatuubid\/\" target=\"_self\"   role=\"button\">\n\t\t\t\t\t\t\tHUS I KANTET T\u00d8MMER\n\t\t<\/a>\n\t\t\t\t<img loading=\"lazy\" decoding=\"async\" src=\"http:\/\/rp-chalets.com\/wp-content\/uploads\/2019\/02\/880A1133-tiny.jpg\" alt=\"880A1133-tiny\" itemprop=\"image\" height=\"660\" width=\"1000\" title=\"880A1133-tiny\" onerror=\"this.style.display='none'\"  \/>\n\t\t\t<a href=\"http:\/\/rp-chalets.com\/no\/round-logs\/\" target=\"_self\"   role=\"button\">\n\t\t\t\t\t\t\tHUS I RUNDT\u00d8MMER\n\t\t<\/a>\n\t\t\t\t<img loading=\"lazy\" decoding=\"async\" src=\"http:\/\/rp-chalets.com\/wp-content\/uploads\/2019\/02\/P6200009-cut-3-tiny.jpg\" alt=\"P6200009-cut-3 tiny\" itemprop=\"image\" height=\"660\" width=\"1000\" title=\"P6200009-cut-3 tiny\" onerror=\"this.style.display='none'\"  \/>\n\t\t\t<a href=\"http:\/\/rp-chalets.com\/no\/log-frame-houses\/\" target=\"_self\"   role=\"button\">\n\t\t\t\t\t\t\tT\u00d8MMERHUS \/ RAMMEVERK\n\t\t<\/a>\n\t\t\t\t<img loading=\"lazy\" decoding=\"async\" src=\"http:\/\/rp-chalets.com\/wp-content\/uploads\/2019\/02\/021-4-tiny.jpg\" alt=\"021-4-tiny\" itemprop=\"image\" height=\"528\" width=\"800\" title=\"021-4-tiny\" onerror=\"this.style.display='none'\"  \/>\n<h3>\n\t\tHus I kantet t\u00f8mmer\n\t<\/h3>\n\t<p>(sagde trestokker) To sider saget av fra runde trestokker med minimum diameter p\u00e5 minst 300mm. <\/p>\n<p>Tykkelsen p\u00e5 trestokken kommer an p\u00e5 kundens \u00f8nsker, de vanligste er 200mm og 250 med mer. I tilfelle ovale trestokker bruker vi v\u00e6rbestandig \u201dnorsk hakke\u201d med vindledd. <\/p>\n<p>De norske tappene er litt mer kompliserte og arbeidskrevende \u00e5 lage enn andre popul\u00e6re hj\u00f8rneledd men de er mye mer vindtette og slitesterke.<\/p>\n\t\t\t\t<img loading=\"lazy\" decoding=\"async\" src=\"http:\/\/rp-chalets.com\/wp-content\/uploads\/2019\/02\/880A1133-tiny.jpg\" alt=\"880A1133-tiny\" itemprop=\"image\" height=\"660\" width=\"1000\" title=\"880A1133-tiny\" onerror=\"this.style.display='none'\"  \/>\n\t<p>Ovale flate trestokker er de vanligste i skandinaviske land hvor folk fokuserer p\u00e5 \u00e5 gj\u00f8re husene vanntette. <\/p>\n<h3>\n\t\tSe eksempler her\n\t<\/h3>\n","protected":false},"excerpt":{"rendered":"<p>HUS I KANTET T\u00d8MMER HUS I RUNDT\u00d8MMER T\u00d8MMERHUS \/ RAMMEVERK Hus I kantet t\u00f8mmer (sagde trestokker) To sider saget av fra runde trestokker med minimum diameter p\u00e5 minst 300mm. Tykkelsen p\u00e5 trestokken kommer an p\u00e5 kundens \u00f8nsker, de vanligste er 200mm og 250 med mer. I tilfelle ovale trestokker bruker vi v\u00e6rbestandig \u201dnorsk hakke\u201d med &hellip;<\/p>\n<p class=\"read-more\"> <a class=\"\" href=\"https:\/\/rp-chalets.com\/no\/majatuubid\/\"> <span class=\"screen-reader-text\">Majat\u00fc\u00fcbid<\/span> Les mer &raquo;<\/a><\/p>\n","protected":false},"author":1,"featured_media":0,"parent":0,"menu_order":0,"comment_status":"closed","ping_status":"closed","template":"","meta":{"footnotes":""},"yoast_head":"<!-- This site is optimized with the Yoast SEO plugin v21.9.1 - https:\/\/yoast.com\/wordpress\/plugins\/seo\/ -->\n<title>Majat\u00fc\u00fcbid - Handmade log-houses from Estonian manufacturer<\/title>\n<meta name=\"robots\" content=\"index, follow, max-snippet:-1, max-image-preview:large, max-video-preview:-1\" \/>\n<link rel=\"canonical\" href=\"https:\/\/rp-chalets.com\/no\/majatuubid\/\" \/>\n<meta property=\"og:locale\" content=\"nb_NO\" \/>\n<meta property=\"og:type\" content=\"article\" \/>\n<meta property=\"og:title\" content=\"Majat\u00fc\u00fcbid - Handmade log-houses from Estonian manufacturer\" \/>\n<meta property=\"og:description\" content=\"HUS I KANTET T\u00d8MMER HUS I RUNDT\u00d8MMER T\u00d8MMERHUS \/ RAMMEVERK Hus I kantet t\u00f8mmer (sagde trestokker) To sider saget av fra runde trestokker med minimum diameter p\u00e5 minst 300mm. Tykkelsen p\u00e5 trestokken kommer an p\u00e5 kundens \u00f8nsker, de vanligste er 200mm og 250 med mer. I tilfelle ovale trestokker bruker vi v\u00e6rbestandig \u201dnorsk hakke\u201d med &hellip; Majat\u00fc\u00fcbid Les mer &raquo;\" \/>\n<meta property=\"og:url\" content=\"https:\/\/rp-chalets.com\/no\/majatuubid\/\" \/>\n<meta property=\"og:site_name\" content=\"Handmade log-houses from Estonian manufacturer\" \/>\n<meta property=\"article:modified_time\" content=\"2019-02-25T12:48:07+00:00\" \/>\n<meta property=\"og:image\" content=\"http:\/\/rp-chalets.com\/wp-content\/uploads\/2019\/02\/880A1133-tiny.jpg\" \/>\n<meta name=\"twitter:card\" content=\"summary_large_image\" \/>\n<meta name=\"twitter:label1\" content=\"Ansl. lesetid\" \/>\n\t<meta name=\"twitter:data1\" content=\"1 minutt\" \/>\n<script type=\"application\/ld+json\" class=\"yoast-schema-graph\">{\"@context\":\"https:\/\/schema.org\",\"@graph\":[{\"@type\":\"WebPage\",\"@id\":\"https:\/\/rp-chalets.com\/no\/majatuubid\/\",\"url\":\"https:\/\/rp-chalets.com\/no\/majatuubid\/\",\"name\":\"Majat\u00fc\u00fcbid - Handmade log-houses from Estonian manufacturer\",\"isPartOf\":{\"@id\":\"https:\/\/rp-chalets.com\/#website\"},\"datePublished\":\"2018-09-29T07:55:52+00:00\",\"dateModified\":\"2019-02-25T12:48:07+00:00\",\"breadcrumb\":{\"@id\":\"https:\/\/rp-chalets.com\/no\/majatuubid\/#breadcrumb\"},\"inLanguage\":\"nb-NO\",\"potentialAction\":[{\"@type\":\"ReadAction\",\"target\":[\"https:\/\/rp-chalets.com\/no\/majatuubid\/\"]}]},{\"@type\":\"BreadcrumbList\",\"@id\":\"https:\/\/rp-chalets.com\/no\/majatuubid\/#breadcrumb\",\"itemListElement\":[{\"@type\":\"ListItem\",\"position\":1,\"name\":\"Home\",\"item\":\"https:\/\/rp-chalets.com\/no\/\"},{\"@type\":\"ListItem\",\"position\":2,\"name\":\"Majat\u00fc\u00fcbid\"}]},{\"@type\":\"WebSite\",\"@id\":\"https:\/\/rp-chalets.com\/#website\",\"url\":\"https:\/\/rp-chalets.com\/\",\"name\":\"Handmade log-houses from Estonian manufacturer\",\"description\":\"High quality handmade log-houses from Estonian manufacturer\",\"publisher\":{\"@id\":\"https:\/\/rp-chalets.com\/#organization\"},\"potentialAction\":[{\"@type\":\"SearchAction\",\"target\":{\"@type\":\"EntryPoint\",\"urlTemplate\":\"https:\/\/rp-chalets.com\/?s={search_term_string}\"},\"query-input\":\"required name=search_term_string\"}],\"inLanguage\":\"nb-NO\"},{\"@type\":\"Organization\",\"@id\":\"https:\/\/rp-chalets.com\/#organization\",\"name\":\"PROPUIT GRUPP O\u00dc\",\"url\":\"https:\/\/rp-chalets.com\/\",\"logo\":{\"@type\":\"ImageObject\",\"inLanguage\":\"nb-NO\",\"@id\":\"https:\/\/rp-chalets.com\/#\/schema\/logo\/image\/\",\"url\":\"http:\/\/rp-chalets.com\/wp-content\/uploads\/2019\/02\/thick-logs-eng.png\",\"contentUrl\":\"http:\/\/rp-chalets.com\/wp-content\/uploads\/2019\/02\/thick-logs-eng.png\",\"width\":800,\"height\":375,\"caption\":\"PROPUIT GRUPP O\u00dc\"},\"image\":{\"@id\":\"https:\/\/rp-chalets.com\/#\/schema\/logo\/image\/\"}}]}<\/script>\n<!-- \/ Yoast SEO plugin. -->","yoast_head_json":{"title":"Majat\u00fc\u00fcbid - Handmade log-houses from Estonian manufacturer","robots":{"index":"index","follow":"follow","max-snippet":"max-snippet:-1","max-image-preview":"max-image-preview:large","max-video-preview":"max-video-preview:-1"},"canonical":"https:\/\/rp-chalets.com\/no\/majatuubid\/","og_locale":"nb_NO","og_type":"article","og_title":"Majat\u00fc\u00fcbid - Handmade log-houses from Estonian manufacturer","og_description":"HUS I KANTET T\u00d8MMER HUS I RUNDT\u00d8MMER T\u00d8MMERHUS \/ RAMMEVERK Hus I kantet t\u00f8mmer (sagde trestokker) To sider saget av fra runde trestokker med minimum diameter p\u00e5 minst 300mm. Tykkelsen p\u00e5 trestokken kommer an p\u00e5 kundens \u00f8nsker, de vanligste er 200mm og 250 med mer. I tilfelle ovale trestokker bruker vi v\u00e6rbestandig \u201dnorsk hakke\u201d med &hellip; Majat\u00fc\u00fcbid Les mer &raquo;","og_url":"https:\/\/rp-chalets.com\/no\/majatuubid\/","og_site_name":"Handmade log-houses from Estonian manufacturer","article_modified_time":"2019-02-25T12:48:07+00:00","og_image":[{"url":"http:\/\/rp-chalets.com\/wp-content\/uploads\/2019\/02\/880A1133-tiny.jpg"}],"twitter_card":"summary_large_image","twitter_misc":{"Ansl. lesetid":"1 minutt"},"schema":{"@context":"https:\/\/schema.org","@graph":[{"@type":"WebPage","@id":"https:\/\/rp-chalets.com\/no\/majatuubid\/","url":"https:\/\/rp-chalets.com\/no\/majatuubid\/","name":"Majat\u00fc\u00fcbid - Handmade log-houses from Estonian manufacturer","isPartOf":{"@id":"https:\/\/rp-chalets.com\/#website"},"datePublished":"2018-09-29T07:55:52+00:00","dateModified":"2019-02-25T12:48:07+00:00","breadcrumb":{"@id":"https:\/\/rp-chalets.com\/no\/majatuubid\/#breadcrumb"},"inLanguage":"nb-NO","potentialAction":[{"@type":"ReadAction","target":["https:\/\/rp-chalets.com\/no\/majatuubid\/"]}]},{"@type":"BreadcrumbList","@id":"https:\/\/rp-chalets.com\/no\/majatuubid\/#breadcrumb","itemListElement":[{"@type":"ListItem","position":1,"name":"Home","item":"https:\/\/rp-chalets.com\/no\/"},{"@type":"ListItem","position":2,"name":"Majat\u00fc\u00fcbid"}]},{"@type":"WebSite","@id":"https:\/\/rp-chalets.com\/#website","url":"https:\/\/rp-chalets.com\/","name":"Handmade log-houses from Estonian manufacturer","description":"High quality handmade log-houses from Estonian manufacturer","publisher":{"@id":"https:\/\/rp-chalets.com\/#organization"},"potentialAction":[{"@type":"SearchAction","target":{"@type":"EntryPoint","urlTemplate":"https:\/\/rp-chalets.com\/?s={search_term_string}"},"query-input":"required name=search_term_string"}],"inLanguage":"nb-NO"},{"@type":"Organization","@id":"https:\/\/rp-chalets.com\/#organization","name":"PROPUIT GRUPP O\u00dc","url":"https:\/\/rp-chalets.com\/","logo":{"@type":"ImageObject","inLanguage":"nb-NO","@id":"https:\/\/rp-chalets.com\/#\/schema\/logo\/image\/","url":"http:\/\/rp-chalets.com\/wp-content\/uploads\/2019\/02\/thick-logs-eng.png","contentUrl":"http:\/\/rp-chalets.com\/wp-content\/uploads\/2019\/02\/thick-logs-eng.png","width":800,"height":375,"caption":"PROPUIT GRUPP O\u00dc"},"image":{"@id":"https:\/\/rp-chalets.com\/#\/schema\/logo\/image\/"}}]}},"_links":{"self":[{"href":"https:\/\/rp-chalets.com\/no\/wp-json\/wp\/v2\/pages\/546\/"}],"collection":[{"href":"https:\/\/rp-chalets.com\/no\/wp-json\/wp\/v2\/pages\/"}],"about":[{"href":"https:\/\/rp-chalets.com\/no\/wp-json\/wp\/v2\/types\/page\/"}],"author":[{"embeddable":true,"href":"https:\/\/rp-chalets.com\/no\/wp-json\/wp\/v2\/users\/1\/"}],"replies":[{"embeddable":true,"href":"https:\/\/rp-chalets.com\/no\/wp-json\/wp\/v2\/comments\/?post=546"}],"version-history":[{"count":5,"href":"https:\/\/rp-chalets.com\/no\/wp-json\/wp\/v2\/pages\/546\/revisions\/"}],"predecessor-version":[{"id":8090,"href":"https:\/\/rp-chalets.com\/no\/wp-json\/wp\/v2\/pages\/546\/revisions\/8090\/"}],"wp:attachment":[{"href":"https:\/\/rp-chalets.com\/no\/wp-json\/wp\/v2\/media\/?parent=546"}],"curies":[{"name":"wp","href":"https:\/\/api.w.org\/{rel}","templated":true}]}}